{"id":705622,"date":"2025-08-27T15:47:21","date_gmt":"2025-08-27T12:47:21","guid":{"rendered":"https:\/\/roveyayinevi.com.tr\/index.php\/urun\/dunyanin-en-guzel-arabistani\/"},"modified":"2026-04-16T02:14:26","modified_gmt":"2026-04-15T23:14:26","slug":"dunyanin-en-guzel-arabistani","status":"publish","type":"product","link":"https:\/\/roveyayinevi.com.tr\/index.php\/urun\/dunyanin-en-guzel-arabistani\/","title":{"rendered":"D\u00fcnyan\u0131n En G\u00fczel Arabistan\u0131"},"content":{"rendered":"<p>Yay\u0131mland\u0131\u011f\u0131 g\u00fcnden bug\u00fcne ku\u015faklar\u0131 etkisi alt\u0131na alm\u0131\u015f Turgut Uyar \u015fiirinin olgunlu\u011fa erdi\u011fi D\u00fcnyan\u0131n En G\u00fczel Arabistan\u0131 57 y\u0131l sonra yap\u0131lan bu ikinci bask\u0131s\u0131yla yeniden okurla bulu\u015fuyor. \ufffc<\/p>\n","protected":false},"excerpt":{"rendered":"<p>Yay\u0131mland\u0131\u011f\u0131 g\u00fcnden bug\u00fcne ku\u015faklar\u0131 etkisi alt\u0131na alm\u0131\u015f Turgut Uyar \u015fiirinin olgunlu\u011fa erdi\u011fi D\u00fcnyan\u0131n En G\u00fczel Arabistan\u0131 57 y\u0131l sonra yap\u0131lan bu ikinci bask\u0131s\u0131yla yeniden okurla bulu\u015fuyor.<span class=\"excerpt-hellip\"> [\u2026]<\/span><\/p>\n","protected":false},"featured_media":0,"template":"","meta":{"_monsterinsights_skip_tracking":false,"_monsterinsights_sitenote_active":false,"_monsterinsights_sitenote_note":"","_monsterinsights_sitenote_category":0},"product_brand":[],"product_cat":[12291,12292],"product_tag":[],"class_list":{"0":"post-705622","1":"product","2":"type-product","3":"status-publish","5":"product_cat-edebiyat","6":"product_cat-turk-edebiyati","7":"pa_cilt-ciltsiz","8":"pa_tur-kitap","9":"pa_yayinevi-yapi-kredi-yayinlari","10":"pa_yazar-turgut-uyar","12":"first","13":"instock","14":"sale","15":"shipping-taxable","16":"purchasable","17":"product-type-simple"},"_links":{"self":[{"href":"https:\/\/roveyayinevi.com.tr\/index.php\/wp-json\/wp\/v2\/product\/705622","targetHints":{"allow":["GET"]}}],"collection":[{"href":"https:\/\/roveyayinevi.com.tr\/index.php\/wp-json\/wp\/v2\/product"}],"about":[{"href":"https:\/\/roveyayinevi.com.tr\/index.php\/wp-json\/wp\/v2\/types\/product"}],"wp:attachment":[{"href":"https:\/\/roveyayinevi.com.tr\/index.php\/wp-json\/wp\/v2\/media?parent=705622"}],"wp:term":[{"taxonomy":"product_brand","embeddable":true,"href":"https:\/\/roveyayinevi.com.tr\/index.php\/wp-json\/wp\/v2\/product_brand?post=705622"},{"taxonomy":"product_cat","embeddable":true,"href":"https:\/\/roveyayinevi.com.tr\/index.php\/wp-json\/wp\/v2\/product_cat?post=705622"},{"taxonomy":"product_tag","embeddable":true,"href":"https:\/\/roveyayinevi.com.tr\/index.php\/wp-json\/wp\/v2\/product_tag?post=705622"}],"curies":[{"name":"wp","href":"https:\/\/api.w.org\/{rel}","templated":true}]}}