{"id":705619,"date":"2025-08-27T15:47:20","date_gmt":"2025-08-27T12:47:20","guid":{"rendered":"https:\/\/roveyayinevi.com.tr\/index.php\/urun\/inanc-da-sevgi-de-aklin-yolunu-izlemez\/"},"modified":"2026-04-16T02:14:26","modified_gmt":"2026-04-15T23:14:26","slug":"inanc-da-sevgi-de-aklin-yolunu-izlemez","status":"publish","type":"product","link":"https:\/\/roveyayinevi.com.tr\/index.php\/urun\/inanc-da-sevgi-de-aklin-yolunu-izlemez\/","title":{"rendered":"\u0130nan\u00e7 da Sevgi de Akl\u0131n Yolunu \u0130zlemez"},"content":{"rendered":"<p>Gen\u00e7lik d\u00f6nemi eserlerinden olgunluk d\u00f6nemine de\u011fin yaz\u0131n\u0131 s\u00fcre\u011fen bir i\u00e7 yolculuk \u00e7izgisinde ilerleyen Hermann Hesse\u2019nin kitaplar\u0131ndan ve yaz\u0131lar\u0131ndan derlenmi\u015f; politika, toplum ve birey, k\u00fclt\u00fcr, inan\u00e7, bilgi ve bilin\u00e7, kitaplar, ger\u00e7eklik ve hayal g\u00fcc\u00fc, sanat, mizah, mutluluk, \u00f6l\u00fcm, gen\u00e7lik ve ya\u015fl\u0131l\u0131k temalar\u0131na a\u00e7\u0131lan \u2018\u00f6zl\u00fc d\u00fc\u015f\u00fcnceler\u2019ini bir araya getiren bu aforizmalar kitab\u0131nda izlenimci bir ressam\u0131n yal\u0131n \u00fcslubu bekliyor okuru.      \u2018\u0130nsan\u2019 Hermann Hesse\u2019nin kaleminden nadir edebiyat eserinde g\u00f6r\u00fclebilecek sadelikte, oyundan, yapmac\u0131kl\u0131ktan, hokkabazl\u0131ktan uzak, kalpten d\u00fc\u015f\u00fcnceler.     Onun, sahip oldu\u011fumuz insan akl\u0131n\u0131n sava\u015f ve yok etmeye de\u011fil bar\u0131\u015fa ve uzla\u015fmaya daha uygun oldu\u011funa ili\u015fkin inanc\u0131n\u0131 payla\u015f\u0131yorum; insan ya\u015fam\u0131n\u0131n \u00e7e\u015fitlili\u011fi hakk\u0131ndaki tavr\u0131n\u0131 da benimsiyorum. Dalai Lama   Gen\u00e7li\u011fimden itibaren beni yo\u011fun bi\u00e7imde etkiledi. G\u00fcc\u00fc, enerjisi ve canl\u0131l\u0131\u011f\u0131 benim i\u00e7in hep \u00f6rnek oldu. Patti Smith     \u201cBug\u00fcn politik ak\u0131l art\u0131k politik g\u00fcc\u00fcn bulundu\u011fu yerde bulunmuyor. Gayriresmi \u00e7evrelerden gelecek bir zek\u00e2 ve \u00f6nsezi ak\u0131n\u0131 olu\u015fmal\u0131 ki felaketler \u00f6nlenebilsin ya da hafifletilebilsin. M\u00fcmk\u00fcn olan\u0131n ortaya \u00e7\u0131kmas\u0131 i\u00e7in imk\u00e2ns\u0131z\u0131n tekrar tekrar denenmesi gerekir.\u201d Hermann Hesse <\/p>\n","protected":false},"excerpt":{"rendered":"<p>Gen\u00e7lik d\u00f6nemi eserlerinden olgunluk d\u00f6nemine de\u011fin yaz\u0131n\u0131 s\u00fcre\u011fen bir i\u00e7 yolculuk \u00e7izgisinde ilerleyen Hermann Hesse\u2019nin kitaplar\u0131ndan ve yaz\u0131lar\u0131ndan derlenmi\u015f; politika, toplum ve birey, k\u00fclt\u00fcr, inan\u00e7, bilgi<span class=\"excerpt-hellip\"> [\u2026]<\/span><\/p>\n","protected":false},"featured_media":0,"template":"","meta":{"_monsterinsights_skip_tracking":false,"_monsterinsights_sitenote_active":false,"_monsterinsights_sitenote_note":"","_monsterinsights_sitenote_category":0},"product_brand":[],"product_cat":[12389,12388],"product_tag":[],"class_list":{"0":"post-705619","1":"product","2":"type-product","3":"status-publish","5":"product_cat-diger-felsefe","6":"product_cat-felsefe","7":"pa_cilt-ciltsiz","8":"pa_tur-kitap","9":"pa_yayinevi-yapi-kredi-yayinlari","10":"pa_yazar-hermann-hesse","12":"first","13":"instock","14":"sale","15":"shipping-taxable","16":"purchasable","17":"product-type-simple"},"_links":{"self":[{"href":"https:\/\/roveyayinevi.com.tr\/index.php\/wp-json\/wp\/v2\/product\/705619","targetHints":{"allow":["GET"]}}],"collection":[{"href":"https:\/\/roveyayinevi.com.tr\/index.php\/wp-json\/wp\/v2\/product"}],"about":[{"href":"https:\/\/roveyayinevi.com.tr\/index.php\/wp-json\/wp\/v2\/types\/product"}],"wp:attachment":[{"href":"https:\/\/roveyayinevi.com.tr\/index.php\/wp-json\/wp\/v2\/media?parent=705619"}],"wp:term":[{"taxonomy":"product_brand","embeddable":true,"href":"https:\/\/roveyayinevi.com.tr\/index.php\/wp-json\/wp\/v2\/product_brand?post=705619"},{"taxonomy":"product_cat","embeddable":true,"href":"https:\/\/roveyayinevi.com.tr\/index.php\/wp-json\/wp\/v2\/product_cat?post=705619"},{"taxonomy":"product_tag","embeddable":true,"href":"https:\/\/roveyayinevi.com.tr\/index.php\/wp-json\/wp\/v2\/product_tag?post=705619"}],"curies":[{"name":"wp","href":"https:\/\/api.w.org\/{rel}","templated":true}]}}