{"id":705618,"date":"2025-08-27T15:47:20","date_gmt":"2025-08-27T12:47:20","guid":{"rendered":"https:\/\/roveyayinevi.com.tr\/index.php\/urun\/cocuklarimiza-peygamberimizi-nasil-anlatalim\/"},"modified":"2026-04-16T02:14:26","modified_gmt":"2026-04-15T23:14:26","slug":"cocuklarimiza-peygamberimizi-nasil-anlatalim","status":"publish","type":"product","link":"https:\/\/roveyayinevi.com.tr\/index.php\/urun\/cocuklarimiza-peygamberimizi-nasil-anlatalim\/","title":{"rendered":"\u00c7ocuklar\u0131m\u0131za Peygamberimizi Nas\u0131l Anlatal\u0131m?"},"content":{"rendered":"<p>O&#8217;nun hakk\u0131nda onlarca kitap okumu\u015fuzdur \u015fimdiye kadar. Ad\u0131n\u0131 onlarca kez ibadetlerimizde ve dualar\u0131m\u0131zda zikretmi\u015fizdir g\u00fcn i\u00e7erisinde. Yapt\u0131klar\u0131n\u0131 ve s\u00f6ylediklerini uygulayabilmek i\u00e7in sarf etti\u011fimiz \u00e7aba ise hi\u00e7 g\u00f6z\u00fcm\u00fcze g\u00f6r\u00fcnmez. Her \u015fey ama her \u015fey insanlar\u0131n en g\u00fczeline, en iyisine biraz daha yakla\u015fabilmek, g\u00fcl kokusunu biraz daha hissedebilmek i\u00e7in\u2026Peki ama biz bu kadar Peygamber sevgisi ile doluyken ve O&#8217;nun yolunda ilerlemek i\u00e7in gayret ederken \u00e7ocuklar\u0131m\u0131z\u0131 nas\u0131l dahil edece\u011fiz bu kutsal havaya?O&#8217;nun huzur veren g\u00fcl kokusunu nas\u0131l sindirece\u011fiz evimizin odalar\u0131na?&#8221;Biliyor musun yavrum, Peygamberimiz seni \u00e7ok seviyor&#8221; deyince \u00e7ocu\u011fumuzun tarif edilemez bir mutluluk ya\u015famas\u0131n\u0131, bunun ne demek oldu\u011funu anlamas\u0131n\u0131 nas\u0131l sa\u011flayaca\u011f\u0131z?E\u011fitimciler ve ebeveynler b\u00fct\u00fcn bu sorular\u0131n cevab\u0131n\u0131 ve daha fazlas\u0131n\u0131 siyer \u00f6d\u00fcll\u00fc yazar Salih Suru\u00e7&#8217;un s\u0131ms\u0131cak anlat\u0131m\u0131 ve Kudret Eren Yavuz&#8217;un pedagojik dan\u0131\u015fmanl\u0131\u011f\u0131 ile kaleme al\u0131nan &#8220;\u00c7ocuklar\u0131m\u0131za Peygamberimizi Nas\u0131l Anlatal\u0131m&#8221; da bulabilirler.Var m\u0131s\u0131n\u0131z, Peygamberimizi gelece\u011fe ta\u015f\u0131yan zincirin kuvvetli bir halkas\u0131 olup g\u00fcl kokulu \u00e7ocuklar yeti\u015ftirmeye?<\/p>\n","protected":false},"excerpt":{"rendered":"<p>O&#8217;nun hakk\u0131nda onlarca kitap okumu\u015fuzdur \u015fimdiye kadar. Ad\u0131n\u0131 onlarca kez ibadetlerimizde ve dualar\u0131m\u0131zda zikretmi\u015fizdir g\u00fcn i\u00e7erisinde. Yapt\u0131klar\u0131n\u0131 ve s\u00f6ylediklerini uygulayabilmek i\u00e7in sarf etti\u011fimiz \u00e7aba ise hi\u00e7<span class=\"excerpt-hellip\"> [\u2026]<\/span><\/p>\n","protected":false},"featured_media":0,"template":"","meta":{"_monsterinsights_skip_tracking":false,"_monsterinsights_sitenote_active":false,"_monsterinsights_sitenote_note":"","_monsterinsights_sitenote_category":0},"product_brand":[],"product_cat":[16789,12718,12719],"product_tag":[],"class_list":{"0":"post-705618","1":"product","2":"type-product","3":"status-publish","5":"product_cat-diger-islam","6":"product_cat-din","7":"product_cat-islam","8":"pa_cilt-ciltsiz","9":"pa_tur-kitap","10":"pa_yayinevi-timas-yayinlari","11":"pa_yazar-salih-suruc","13":"first","14":"instock","15":"sale","16":"shipping-taxable","17":"purchasable","18":"product-type-simple"},"_links":{"self":[{"href":"https:\/\/roveyayinevi.com.tr\/index.php\/wp-json\/wp\/v2\/product\/705618","targetHints":{"allow":["GET"]}}],"collection":[{"href":"https:\/\/roveyayinevi.com.tr\/index.php\/wp-json\/wp\/v2\/product"}],"about":[{"href":"https:\/\/roveyayinevi.com.tr\/index.php\/wp-json\/wp\/v2\/types\/product"}],"wp:attachment":[{"href":"https:\/\/roveyayinevi.com.tr\/index.php\/wp-json\/wp\/v2\/media?parent=705618"}],"wp:term":[{"taxonomy":"product_brand","embeddable":true,"href":"https:\/\/roveyayinevi.com.tr\/index.php\/wp-json\/wp\/v2\/product_brand?post=705618"},{"taxonomy":"product_cat","embeddable":true,"href":"https:\/\/roveyayinevi.com.tr\/index.php\/wp-json\/wp\/v2\/product_cat?post=705618"},{"taxonomy":"product_tag","embeddable":true,"href":"https:\/\/roveyayinevi.com.tr\/index.php\/wp-json\/wp\/v2\/product_tag?post=705618"}],"curies":[{"name":"wp","href":"https:\/\/api.w.org\/{rel}","templated":true}]}}