{"id":705617,"date":"2025-08-27T15:47:19","date_gmt":"2025-08-27T12:47:19","guid":{"rendered":"https:\/\/roveyayinevi.com.tr\/index.php\/urun\/yurekdede-ile-padisah\/"},"modified":"2025-09-10T23:10:25","modified_gmt":"2025-09-10T20:10:25","slug":"yurekdede-ile-padisah","status":"publish","type":"product","link":"https:\/\/roveyayinevi.com.tr\/index.php\/urun\/yurekdede-ile-padisah\/","title":{"rendered":"Y\u00fcrekdede ile Padi\u015fah"},"content":{"rendered":"<p>E\u015fe\u011fini kaybeden Y\u00fcrekdede, pazardan k\u00fc\u00e7\u00fck deve sat\u0131n al\u0131r. Her y\u0131l \u00e7\u0131kt\u0131klar\u0131 yaylaya gitmek \u00fczere han\u0131m\u0131 Ay\u015fe Nine ile yola \u00e7\u0131karlar. Az giderler, uz giderler, dere tepe d\u00fcz giderler. Konaklad\u0131klar\u0131 yerde atl\u0131lar \u00e7\u0131kar kar\u015f\u0131lar\u0131na. Onlar\u0131 doyurmak i\u00e7in bir g\u00fczel s\u00f6z, bir sevgiye ald\u0131\u011f\u0131 deveci\u011fini keser Y\u00fcrekdede. Padi\u015fah\u0131n atl\u0131lar\u0131n aras\u0131nda oldu\u011funu farkedemezler. Saraya davet edilirler. Sonra ne oldu, dersiniz. Y\u00fcrekdede ile Padi\u015fah kitab\u0131 bu mutlu sona ad\u0131m ad\u0131m yakla\u015ft\u0131racak sizi. \ufffcTan\u0131t\u0131m Metni<\/p>\n","protected":false},"excerpt":{"rendered":"<p>E\u015fe\u011fini kaybeden Y\u00fcrekdede, pazardan k\u00fc\u00e7\u00fck deve sat\u0131n al\u0131r. Her y\u0131l \u00e7\u0131kt\u0131klar\u0131 yaylaya gitmek \u00fczere han\u0131m\u0131 Ay\u015fe Nine ile yola \u00e7\u0131karlar. Az giderler, uz giderler, dere tepe<span class=\"excerpt-hellip\"> [\u2026]<\/span><\/p>\n","protected":false},"featured_media":0,"template":"","meta":{"_monsterinsights_skip_tracking":false,"_monsterinsights_sitenote_active":false,"_monsterinsights_sitenote_note":"","_monsterinsights_sitenote_category":0},"product_brand":[],"product_cat":[12275,12274],"product_tag":[],"class_list":{"0":"post-705617","1":"product","2":"type-product","3":"status-publish","5":"product_cat-6-12-yas-kitaplari","6":"product_cat-cocuk-ve-genclik-kitaplari","7":"pa_cilt-ciltsiz","8":"pa_tur-kitap","9":"pa_yayinevi-beyan-yayinlari","10":"pa_yazar-cahit-zarifoglu","12":"first","13":"instock","14":"sale","15":"shipping-taxable","16":"purchasable","17":"product-type-simple"},"_links":{"self":[{"href":"https:\/\/roveyayinevi.com.tr\/index.php\/wp-json\/wp\/v2\/product\/705617","targetHints":{"allow":["GET"]}}],"collection":[{"href":"https:\/\/roveyayinevi.com.tr\/index.php\/wp-json\/wp\/v2\/product"}],"about":[{"href":"https:\/\/roveyayinevi.com.tr\/index.php\/wp-json\/wp\/v2\/types\/product"}],"wp:attachment":[{"href":"https:\/\/roveyayinevi.com.tr\/index.php\/wp-json\/wp\/v2\/media?parent=705617"}],"wp:term":[{"taxonomy":"product_brand","embeddable":true,"href":"https:\/\/roveyayinevi.com.tr\/index.php\/wp-json\/wp\/v2\/product_brand?post=705617"},{"taxonomy":"product_cat","embeddable":true,"href":"https:\/\/roveyayinevi.com.tr\/index.php\/wp-json\/wp\/v2\/product_cat?post=705617"},{"taxonomy":"product_tag","embeddable":true,"href":"https:\/\/roveyayinevi.com.tr\/index.php\/wp-json\/wp\/v2\/product_tag?post=705617"}],"curies":[{"name":"wp","href":"https:\/\/api.w.org\/{rel}","templated":true}]}}