{"id":705616,"date":"2025-08-27T15:47:19","date_gmt":"2025-08-27T12:47:19","guid":{"rendered":"https:\/\/roveyayinevi.com.tr\/index.php\/urun\/bitkiler\/"},"modified":"2026-04-16T02:14:26","modified_gmt":"2026-04-15T23:14:26","slug":"bitkiler","status":"publish","type":"product","link":"https:\/\/roveyayinevi.com.tr\/index.php\/urun\/bitkiler\/","title":{"rendered":"Bitkiler"},"content":{"rendered":"<p>Bitkiler ve ya\u015fam\u0131m\u0131zdaki \u00f6nemi ile ilgili pek \u00e7ok merak uyand\u0131r\u0131c\u0131 sorunun yan\u0131t\u0131, \u00e7ocuklar\u0131n anlayabilece\u011fi, e\u011flenceli bir dille bu kitapta anlat\u0131l\u0131yor. K\u00fc\u00e7\u00fck bilim insanlar\u0131m\u0131z bu kitaba bay\u0131lacak! \ufffcTan\u0131t\u0131m Metni<\/p>\n","protected":false},"excerpt":{"rendered":"<p>Bitkiler ve ya\u015fam\u0131m\u0131zdaki \u00f6nemi ile ilgili pek \u00e7ok merak uyand\u0131r\u0131c\u0131 sorunun yan\u0131t\u0131, \u00e7ocuklar\u0131n anlayabilece\u011fi, e\u011flenceli bir dille bu kitapta anlat\u0131l\u0131yor. K\u00fc\u00e7\u00fck bilim insanlar\u0131m\u0131z bu kitaba bay\u0131lacak!<span class=\"excerpt-hellip\"> [\u2026]<\/span><\/p>\n","protected":false},"featured_media":0,"template":"","meta":{"_monsterinsights_skip_tracking":false,"_monsterinsights_sitenote_active":false,"_monsterinsights_sitenote_note":"","_monsterinsights_sitenote_category":0},"product_brand":[],"product_cat":[13829,12274],"product_tag":[],"class_list":{"0":"post-705616","1":"product","2":"type-product","3":"status-publish","5":"product_cat-bilimsel-kitaplar","6":"product_cat-cocuk-ve-genclik-kitaplari","7":"pa_cilt-ciltsiz","8":"pa_tur-kitap","9":"pa_yayinevi-odtu-gelistirme-vakfi-yayincilik","10":"pa_yazar-violette-rennert","12":"first","13":"instock","14":"sale","15":"shipping-taxable","16":"purchasable","17":"product-type-simple"},"_links":{"self":[{"href":"https:\/\/roveyayinevi.com.tr\/index.php\/wp-json\/wp\/v2\/product\/705616","targetHints":{"allow":["GET"]}}],"collection":[{"href":"https:\/\/roveyayinevi.com.tr\/index.php\/wp-json\/wp\/v2\/product"}],"about":[{"href":"https:\/\/roveyayinevi.com.tr\/index.php\/wp-json\/wp\/v2\/types\/product"}],"wp:attachment":[{"href":"https:\/\/roveyayinevi.com.tr\/index.php\/wp-json\/wp\/v2\/media?parent=705616"}],"wp:term":[{"taxonomy":"product_brand","embeddable":true,"href":"https:\/\/roveyayinevi.com.tr\/index.php\/wp-json\/wp\/v2\/product_brand?post=705616"},{"taxonomy":"product_cat","embeddable":true,"href":"https:\/\/roveyayinevi.com.tr\/index.php\/wp-json\/wp\/v2\/product_cat?post=705616"},{"taxonomy":"product_tag","embeddable":true,"href":"https:\/\/roveyayinevi.com.tr\/index.php\/wp-json\/wp\/v2\/product_tag?post=705616"}],"curies":[{"name":"wp","href":"https:\/\/api.w.org\/{rel}","templated":true}]}}