{"id":705615,"date":"2025-08-27T15:47:19","date_gmt":"2025-08-27T12:47:19","guid":{"rendered":"https:\/\/roveyayinevi.com.tr\/index.php\/urun\/sinifta-kaldim-haberim-yok\/"},"modified":"2026-04-16T02:14:26","modified_gmt":"2026-04-15T23:14:26","slug":"sinifta-kaldim-haberim-yok","status":"publish","type":"product","link":"https:\/\/roveyayinevi.com.tr\/index.php\/urun\/sinifta-kaldim-haberim-yok\/","title":{"rendered":"S\u0131n\u0131fta Kald\u0131m Haberim Yok!.."},"content":{"rendered":"<p>\u00c7ocuklar hi\u00e7 ummad\u0131\u011f\u0131m\u0131z \u015feylere inanabilirler. S\u0131n\u0131fta kald\u0131\u011f\u0131na inanan kahraman\u0131m\u0131z\u0131n Fareli K\u00f6y\u00fcm Kavalc\u0131s\u0131 ile yapt\u0131\u011f\u0131 yolculuk.. \ufffcTan\u0131t\u0131m Metni<\/p>\n","protected":false},"excerpt":{"rendered":"<p>\u00c7ocuklar hi\u00e7 ummad\u0131\u011f\u0131m\u0131z \u015feylere inanabilirler. S\u0131n\u0131fta kald\u0131\u011f\u0131na inanan kahraman\u0131m\u0131z\u0131n Fareli K\u00f6y\u00fcm Kavalc\u0131s\u0131 ile yapt\u0131\u011f\u0131 yolculuk.. \ufffcTan\u0131t\u0131m Metni<\/p>\n","protected":false},"featured_media":0,"template":"","meta":{"_monsterinsights_skip_tracking":false,"_monsterinsights_sitenote_active":false,"_monsterinsights_sitenote_note":"","_monsterinsights_sitenote_category":0},"product_brand":[],"product_cat":[12274,12518],"product_tag":[],"class_list":{"0":"post-705615","1":"product","2":"type-product","3":"status-publish","5":"product_cat-cocuk-ve-genclik-kitaplari","6":"product_cat-okul-oncesi-kitaplar","7":"pa_cilt-ciltsiz","8":"pa_tur-kitap","9":"pa_yayinevi-mavi-bulut-yayinlari","10":"pa_yazar-fatih-erdogan","12":"first","13":"instock","14":"sale","15":"shipping-taxable","16":"purchasable","17":"product-type-simple"},"_links":{"self":[{"href":"https:\/\/roveyayinevi.com.tr\/index.php\/wp-json\/wp\/v2\/product\/705615","targetHints":{"allow":["GET"]}}],"collection":[{"href":"https:\/\/roveyayinevi.com.tr\/index.php\/wp-json\/wp\/v2\/product"}],"about":[{"href":"https:\/\/roveyayinevi.com.tr\/index.php\/wp-json\/wp\/v2\/types\/product"}],"wp:attachment":[{"href":"https:\/\/roveyayinevi.com.tr\/index.php\/wp-json\/wp\/v2\/media?parent=705615"}],"wp:term":[{"taxonomy":"product_brand","embeddable":true,"href":"https:\/\/roveyayinevi.com.tr\/index.php\/wp-json\/wp\/v2\/product_brand?post=705615"},{"taxonomy":"product_cat","embeddable":true,"href":"https:\/\/roveyayinevi.com.tr\/index.php\/wp-json\/wp\/v2\/product_cat?post=705615"},{"taxonomy":"product_tag","embeddable":true,"href":"https:\/\/roveyayinevi.com.tr\/index.php\/wp-json\/wp\/v2\/product_tag?post=705615"}],"curies":[{"name":"wp","href":"https:\/\/api.w.org\/{rel}","templated":true}]}}