{"id":705612,"date":"2025-08-27T15:47:17","date_gmt":"2025-08-27T12:47:17","guid":{"rendered":"https:\/\/roveyayinevi.com.tr\/index.php\/urun\/anadolu-korku-oykuleri-cilt-2\/"},"modified":"2026-04-16T02:14:26","modified_gmt":"2026-04-15T23:14:26","slug":"anadolu-korku-oykuleri-cilt-2","status":"publish","type":"product","link":"https:\/\/roveyayinevi.com.tr\/index.php\/urun\/anadolu-korku-oykuleri-cilt-2\/","title":{"rendered":"Anadolu Korku \u00d6yk\u00fcleri Cilt: 2"},"content":{"rendered":"<p>\u00c7ocuklu\u011fumuzdan an\u0131msad\u0131\u011f\u0131m\u0131z korku sahneleri vard\u0131r. Ya bir kitapta okuyup g\u00f6z\u00fcm\u00fczde canland\u0131rm\u0131\u015f ya da bir filmde seyredip zihnimize kaz\u0131m\u0131\u015f\u0131zd\u0131r. Bizi etkilemi\u015ftir; karanl\u0131k korkumuzu, yaln\u0131zl\u0131k korkumuzu besleyip b\u00fcy\u00fctm\u00fc\u015ft\u00fcr. Y\u0131llar sonra da an\u0131msar\u0131z: Belki tek karelik patlay\u0131p s\u00f6nen bir fla\u015f; belki keskin tiz bir \u00e7\u0131\u011fl\u0131k olarak kat\u0131l\u0131r g\u00fcndelik ya\u015fam\u0131m\u0131za. Dolunay geceleri, kurt adam di\u015fleri, vampir g\u00f6zleri malzeme olu\u015fturur k\u00e2buslar\u0131m\u0131za. Yine de \u00e7ok \u201ctan\u0131d\u0131k\u201d de\u011fildir bu \u201ckorku\u201d. Kurgusunda, t\u0131n\u0131s\u0131nda, renginde, kokusunda, sesinde, nefesinde bir yabanc\u0131l\u0131k, bir uzakl\u0131k vard\u0131r. Benli\u011fimize katmay\u0131z, iliklerimize i\u015flemez, k\u00fc\u00e7\u00fcmseyebiliriz onu; hatta dalga ge\u00e7ebiliriz bu korkuyla. \u00c7\u00fcnk\u00fc \u201cbizden\u201d de\u011fildir; yolumuza \u00e7\u0131kmayacakt\u0131r, ba\u015f\u0131m\u0131za gelmeyecektir\u2026  B\u00fcy\u00fck kent korkular\u0131 ba\u015fka, k\u0131rsal alan korkular\u0131 bamba\u015fkad\u0131r. K\u0131rsal alana \u00f6zg\u00fc korku; do\u011fayla, do\u011fan\u0131n g\u00fcc\u00fcyle, bat\u0131l inan\u00e7larla i\u00e7 i\u00e7edir ve \u00e7arp\u0131c\u0131l\u0131\u011f\u0131n\u0131 da inand\u0131r\u0131c\u0131l\u0131\u011f\u0131n\u0131 da onlardan al\u0131r. \u00dccra k\u00f6ylerin, geleneklere b\u00fcr\u00fcnm\u00fc\u015f kasabalar\u0131n, kuytu ormanlar\u0131n, bir g\u00f6r\u00fcnen bir kaybolan ma\u011faralar\u0131n, dipsiz kuyular\u0131n gizleri ve bu gizlerin ya\u015fatt\u0131\u011f\u0131 heyecanlar, korkular, k\u00e2buslar <\/p>\n","protected":false},"excerpt":{"rendered":"<p>\u00c7ocuklu\u011fumuzdan an\u0131msad\u0131\u011f\u0131m\u0131z korku sahneleri vard\u0131r. Ya bir kitapta okuyup g\u00f6z\u00fcm\u00fczde canland\u0131rm\u0131\u015f ya da bir filmde seyredip zihnimize kaz\u0131m\u0131\u015f\u0131zd\u0131r. Bizi etkilemi\u015ftir; karanl\u0131k korkumuzu, yaln\u0131zl\u0131k korkumuzu besleyip b\u00fcy\u00fctm\u00fc\u015ft\u00fcr.<span class=\"excerpt-hellip\"> [\u2026]<\/span><\/p>\n","protected":false},"featured_media":0,"template":"","meta":{"_monsterinsights_skip_tracking":false,"_monsterinsights_sitenote_active":false,"_monsterinsights_sitenote_note":"","_monsterinsights_sitenote_category":0},"product_brand":[],"product_cat":[12291,17033],"product_tag":[],"class_list":{"0":"post-705612","1":"product","2":"type-product","3":"status-publish","5":"product_cat-edebiyat","6":"product_cat-korku-gerilim","7":"pa_cilt-ciltsiz","8":"pa_tur-kitap","9":"pa_yayinevi-bilgi-yayinevi","10":"pa_yazar-isin-beril-tetik","12":"first","13":"instock","14":"sale","15":"shipping-taxable","16":"purchasable","17":"product-type-simple"},"_links":{"self":[{"href":"https:\/\/roveyayinevi.com.tr\/index.php\/wp-json\/wp\/v2\/product\/705612","targetHints":{"allow":["GET"]}}],"collection":[{"href":"https:\/\/roveyayinevi.com.tr\/index.php\/wp-json\/wp\/v2\/product"}],"about":[{"href":"https:\/\/roveyayinevi.com.tr\/index.php\/wp-json\/wp\/v2\/types\/product"}],"wp:attachment":[{"href":"https:\/\/roveyayinevi.com.tr\/index.php\/wp-json\/wp\/v2\/media?parent=705612"}],"wp:term":[{"taxonomy":"product_brand","embeddable":true,"href":"https:\/\/roveyayinevi.com.tr\/index.php\/wp-json\/wp\/v2\/product_brand?post=705612"},{"taxonomy":"product_cat","embeddable":true,"href":"https:\/\/roveyayinevi.com.tr\/index.php\/wp-json\/wp\/v2\/product_cat?post=705612"},{"taxonomy":"product_tag","embeddable":true,"href":"https:\/\/roveyayinevi.com.tr\/index.php\/wp-json\/wp\/v2\/product_tag?post=705612"}],"curies":[{"name":"wp","href":"https:\/\/api.w.org\/{rel}","templated":true}]}}