{"id":705611,"date":"2025-08-27T15:47:17","date_gmt":"2025-08-27T12:47:17","guid":{"rendered":"https:\/\/roveyayinevi.com.tr\/index.php\/urun\/yazar-ne-yazar\/"},"modified":"2026-04-16T02:14:26","modified_gmt":"2026-04-15T23:14:26","slug":"yazar-ne-yazar","status":"publish","type":"product","link":"https:\/\/roveyayinevi.com.tr\/index.php\/urun\/yazar-ne-yazar\/","title":{"rendered":"Yazar Ne Yazar?"},"content":{"rendered":"<p>Bu kitapta ad\u0131 ge\u00e7en ki\u015filerden hi\u00e7biri m\u00fcthi\u015f maceralar ya\u015fad\u0131\u011f\u0131 ya da \u00e7ok cesur oldu\u011fu i\u00e7in \u00fcnl\u00fc olmad\u0131. Hi\u00e7biri \u00fclkeleri y\u00f6netmedi, bir \u015feyler icat etmedi ya da sava\u015flar kazanmad\u0131. Ama yine de en az b\u00fct\u00fcn bu i\u015fleri yapan insanlar kadar \u00fcnl\u00fc ve \u00f6nemli oldular. <\/p>\n","protected":false},"excerpt":{"rendered":"<p>Bu kitapta ad\u0131 ge\u00e7en ki\u015filerden hi\u00e7biri m\u00fcthi\u015f maceralar ya\u015fad\u0131\u011f\u0131 ya da \u00e7ok cesur oldu\u011fu i\u00e7in \u00fcnl\u00fc olmad\u0131. Hi\u00e7biri \u00fclkeleri y\u00f6netmedi, bir \u015feyler icat etmedi ya da<span class=\"excerpt-hellip\"> [\u2026]<\/span><\/p>\n","protected":false},"featured_media":0,"template":"","meta":{"_monsterinsights_skip_tracking":false,"_monsterinsights_sitenote_active":false,"_monsterinsights_sitenote_note":"","_monsterinsights_sitenote_category":0},"product_brand":[],"product_cat":[12777,12291],"product_tag":[],"class_list":{"0":"post-705611","1":"product","2":"type-product","3":"status-publish","5":"product_cat-deneme","6":"product_cat-edebiyat","7":"pa_tur-kitap","8":"pa_yayinevi-timas-yayinlari","9":"pa_yazar-tracey-turner","11":"first","12":"instock","13":"sale","14":"shipping-taxable","15":"purchasable","16":"product-type-simple"},"_links":{"self":[{"href":"https:\/\/roveyayinevi.com.tr\/index.php\/wp-json\/wp\/v2\/product\/705611","targetHints":{"allow":["GET"]}}],"collection":[{"href":"https:\/\/roveyayinevi.com.tr\/index.php\/wp-json\/wp\/v2\/product"}],"about":[{"href":"https:\/\/roveyayinevi.com.tr\/index.php\/wp-json\/wp\/v2\/types\/product"}],"wp:attachment":[{"href":"https:\/\/roveyayinevi.com.tr\/index.php\/wp-json\/wp\/v2\/media?parent=705611"}],"wp:term":[{"taxonomy":"product_brand","embeddable":true,"href":"https:\/\/roveyayinevi.com.tr\/index.php\/wp-json\/wp\/v2\/product_brand?post=705611"},{"taxonomy":"product_cat","embeddable":true,"href":"https:\/\/roveyayinevi.com.tr\/index.php\/wp-json\/wp\/v2\/product_cat?post=705611"},{"taxonomy":"product_tag","embeddable":true,"href":"https:\/\/roveyayinevi.com.tr\/index.php\/wp-json\/wp\/v2\/product_tag?post=705611"}],"curies":[{"name":"wp","href":"https:\/\/api.w.org\/{rel}","templated":true}]}}