{"id":705608,"date":"2025-08-27T15:47:16","date_gmt":"2025-08-27T12:47:16","guid":{"rendered":"https:\/\/roveyayinevi.com.tr\/index.php\/urun\/degerler-egitimi\/"},"modified":"2026-04-16T02:14:26","modified_gmt":"2026-04-15T23:14:26","slug":"degerler-egitimi","status":"publish","type":"product","link":"https:\/\/roveyayinevi.com.tr\/index.php\/urun\/degerler-egitimi\/","title":{"rendered":"De\u011ferler E\u011fitimi"},"content":{"rendered":"<p>De\u011ferler e\u011fitimi olduk\u00e7a tart\u0131\u015fmal\u0131 bir konudur. De\u011ferlerden neyin kaste\u00acdildi\u011fi, hangi ya\u015f grubuna hangi de\u011ferlerin verilebilece\u011fi, nas\u0131l bir de\u011ferler e\u011fitiminin olmas\u0131 gerekti\u011fi gibi pek \u00e7ok soru sorulmaktad\u0131r.   Okul \u00d6ncesi ve \u0130lkokul D\u00f6neminde De\u011ferler E\u011fitimi\u201d kitab\u0131nda hem okul \u00f6ncesi d\u00f6nemde hem de ilkokul d\u00f6neminde \u00e7ocuklara hangi de\u011ferlerin verilebilece\u011fi, \u00e7ocuklar\u0131n de\u00ac\u011fer edinimi s\u00fcrecinde aile, okul ve \u00f6\u011fretmen rollerinin neler oldu\u011fu; hangi yak\u00acla\u015f\u0131m ve etkinliklerle de\u011ferlerin kazand\u0131r\u0131laca\u011f\u0131 konusunda hem teorik hem de uygulamaya d\u00f6n\u00fck \u00f6neriler bulunmaktad\u0131r. Bu ba\u011flamda, de\u011ferler e\u011fitiminin \u00f6zellikle evrensel boyutunun \u00f6ne \u00e7\u0131kar\u0131ld\u0131\u011f\u0131 kitab\u0131n alanyaz\u0131na \u00f6nemli katk\u0131lar sunaca\u011f\u0131 \u00f6n g\u00f6r\u00fclmektedir. <\/p>\n","protected":false},"excerpt":{"rendered":"<p>De\u011ferler e\u011fitimi olduk\u00e7a tart\u0131\u015fmal\u0131 bir konudur. De\u011ferlerden neyin kaste\u00acdildi\u011fi, hangi ya\u015f grubuna hangi de\u011ferlerin verilebilece\u011fi, nas\u0131l bir de\u011ferler e\u011fitiminin olmas\u0131 gerekti\u011fi gibi pek \u00e7ok soru sorulmaktad\u0131r.<span class=\"excerpt-hellip\"> [\u2026]<\/span><\/p>\n","protected":false},"featured_media":0,"template":"","meta":{"_monsterinsights_skip_tracking":false,"_monsterinsights_sitenote_active":false,"_monsterinsights_sitenote_note":"","_monsterinsights_sitenote_category":0},"product_brand":[],"product_cat":[12573,12566],"product_tag":[],"class_list":{"0":"post-705608","1":"product","2":"type-product","3":"status-publish","5":"product_cat-akademik-kitaplar","6":"product_cat-egitim","7":"pa_cilt-ciltsiz","8":"pa_tur-kitap","9":"pa_yayinevi-egiten-kitap","10":"pa_yazar-seviye-nesliturk","12":"first","13":"instock","14":"sale","15":"shipping-taxable","16":"purchasable","17":"product-type-simple"},"_links":{"self":[{"href":"https:\/\/roveyayinevi.com.tr\/index.php\/wp-json\/wp\/v2\/product\/705608","targetHints":{"allow":["GET"]}}],"collection":[{"href":"https:\/\/roveyayinevi.com.tr\/index.php\/wp-json\/wp\/v2\/product"}],"about":[{"href":"https:\/\/roveyayinevi.com.tr\/index.php\/wp-json\/wp\/v2\/types\/product"}],"wp:attachment":[{"href":"https:\/\/roveyayinevi.com.tr\/index.php\/wp-json\/wp\/v2\/media?parent=705608"}],"wp:term":[{"taxonomy":"product_brand","embeddable":true,"href":"https:\/\/roveyayinevi.com.tr\/index.php\/wp-json\/wp\/v2\/product_brand?post=705608"},{"taxonomy":"product_cat","embeddable":true,"href":"https:\/\/roveyayinevi.com.tr\/index.php\/wp-json\/wp\/v2\/product_cat?post=705608"},{"taxonomy":"product_tag","embeddable":true,"href":"https:\/\/roveyayinevi.com.tr\/index.php\/wp-json\/wp\/v2\/product_tag?post=705608"}],"curies":[{"name":"wp","href":"https:\/\/api.w.org\/{rel}","templated":true}]}}