{"id":705607,"date":"2025-08-27T15:47:15","date_gmt":"2025-08-27T12:47:15","guid":{"rendered":"https:\/\/roveyayinevi.com.tr\/index.php\/urun\/onsozler-frankfurt-universitesi-arap-islam-bilimleri-tarihi-enstitusu-ozel-yayini\/"},"modified":"2026-03-03T02:23:35","modified_gmt":"2026-03-02T23:23:35","slug":"onsozler-frankfurt-universitesi-arap-islam-bilimleri-tarihi-enstitusu-ozel-yayini","status":"publish","type":"product","link":"https:\/\/roveyayinevi.com.tr\/index.php\/urun\/onsozler-frankfurt-universitesi-arap-islam-bilimleri-tarihi-enstitusu-ozel-yayini\/","title":{"rendered":"\u00d6ns\u00f6zler &#8211; Frankfurt \u00dcniversitesi Arap-\u0130slam Bilimleri Tarihi Enstit\u00fcs\u00fc \u00d6zel Yay\u0131n\u0131"},"content":{"rendered":"<p>\u0130slam-Arap k\u00fclt\u00fcr \u00e7evresinin bilim miras\u0131 \u00e7ok fazla ihmal edilmi\u015f ve \u00e7o\u011funlukla pe\u015fin h\u00fck\u00fcmlerle de\u011ferlendirilmi\u015ftir. \u0130sl\u00e2m ara\u015ft\u0131rmac\u0131lar\u0131 ve Arabistlerin, \u0130slam bilimlerinin ba\u015far\u0131lar\u0131na ili\u015fkin \u00f6zellikle 19. y\u00fczy\u0131l\u0131n sonlar\u0131ndan itibaren ortaya koyduklar\u0131 -h\u00e2lihaz\u0131rda da\u011f\u0131n\u0131k vaziyette oldu\u011fu itiraf edilmesi gereken- tablo, d\u00fcnya bilim tarihi yaz\u0131m\u0131nda hak etti\u011fi yeri halen bulmam\u0131\u015ft\u0131r. Tecr\u00fcbelerimize g\u00f6re bu bilgilerin pop\u00fcler yay\u0131nlar ve okul kitaplar\u0131 vas\u0131tas\u0131yla geni\u015f kitlelere ula\u015ft\u0131r\u0131lmas\u0131 biraz daha vakit alacakt\u0131r. \ufffcTan\u0131t\u0131m Metni<\/p>\n","protected":false},"excerpt":{"rendered":"<p>\u0130slam-Arap k\u00fclt\u00fcr \u00e7evresinin bilim miras\u0131 \u00e7ok fazla ihmal edilmi\u015f ve \u00e7o\u011funlukla pe\u015fin h\u00fck\u00fcmlerle de\u011ferlendirilmi\u015ftir. \u0130sl\u00e2m ara\u015ft\u0131rmac\u0131lar\u0131 ve Arabistlerin, \u0130slam bilimlerinin ba\u015far\u0131lar\u0131na ili\u015fkin \u00f6zellikle 19. y\u00fczy\u0131l\u0131n sonlar\u0131ndan<span class=\"excerpt-hellip\"> [\u2026]<\/span><\/p>\n","protected":false},"featured_media":0,"template":"","meta":{"_monsterinsights_skip_tracking":false,"_monsterinsights_sitenote_active":false,"_monsterinsights_sitenote_note":"","_monsterinsights_sitenote_category":0},"product_brand":[],"product_cat":[12718,12719,18109],"product_tag":[],"class_list":{"0":"post-705607","1":"product","2":"type-product","3":"status-publish","5":"product_cat-din","6":"product_cat-islam","7":"product_cat-islam-tarihi","8":"pa_tur-kitap","9":"pa_yayinevi-timas-yayinlari","10":"pa_yazar-fuat-sezgin","12":"first","13":"instock","14":"sale","15":"shipping-taxable","16":"purchasable","17":"product-type-simple"},"_links":{"self":[{"href":"https:\/\/roveyayinevi.com.tr\/index.php\/wp-json\/wp\/v2\/product\/705607","targetHints":{"allow":["GET"]}}],"collection":[{"href":"https:\/\/roveyayinevi.com.tr\/index.php\/wp-json\/wp\/v2\/product"}],"about":[{"href":"https:\/\/roveyayinevi.com.tr\/index.php\/wp-json\/wp\/v2\/types\/product"}],"wp:attachment":[{"href":"https:\/\/roveyayinevi.com.tr\/index.php\/wp-json\/wp\/v2\/media?parent=705607"}],"wp:term":[{"taxonomy":"product_brand","embeddable":true,"href":"https:\/\/roveyayinevi.com.tr\/index.php\/wp-json\/wp\/v2\/product_brand?post=705607"},{"taxonomy":"product_cat","embeddable":true,"href":"https:\/\/roveyayinevi.com.tr\/index.php\/wp-json\/wp\/v2\/product_cat?post=705607"},{"taxonomy":"product_tag","embeddable":true,"href":"https:\/\/roveyayinevi.com.tr\/index.php\/wp-json\/wp\/v2\/product_tag?post=705607"}],"curies":[{"name":"wp","href":"https:\/\/api.w.org\/{rel}","templated":true}]}}