{"id":705604,"date":"2025-08-27T15:47:14","date_gmt":"2025-08-27T12:47:14","guid":{"rendered":"https:\/\/roveyayinevi.com.tr\/index.php\/urun\/tiryaki-sozleri-3\/"},"modified":"2026-04-16T02:14:26","modified_gmt":"2026-04-15T23:14:26","slug":"tiryaki-sozleri-3","status":"publish","type":"product","link":"https:\/\/roveyayinevi.com.tr\/index.php\/urun\/tiryaki-sozleri-3\/","title":{"rendered":"Tiryaki S\u00f6zleri"},"content":{"rendered":"<p>Ac\u0131 deneyimler bir adam\u0131 usland\u0131rabilir, fakat toplumun akl\u0131n\u0131 ba\u015f\u0131na getiremez. Ac\u0131 yara odur ki i\u00e7inden kan de\u011fil g\u00f6zya\u015f\u0131 akar.x Ac\u0131kan i\u00e7in lokanta vitrini en g\u00fczel manzarad\u0131r. Ac\u0131y\u0131 bilmeyenen merhametine inanmay\u0131n\u0131z. Aczini duymayan adam ger\u00e7ekten kuvvetli de\u011fildir. A\u00e7g\u00f6zl\u00fcy\u00fc minnettar edemezsin; doymaz ki&#8230; <\/p>\n","protected":false},"excerpt":{"rendered":"<p>Ac\u0131 deneyimler bir adam\u0131 usland\u0131rabilir, fakat toplumun akl\u0131n\u0131 ba\u015f\u0131na getiremez. Ac\u0131 yara odur ki i\u00e7inden kan de\u011fil g\u00f6zya\u015f\u0131 akar.x Ac\u0131kan i\u00e7in lokanta vitrini en g\u00fczel manzarad\u0131r.<span class=\"excerpt-hellip\"> [\u2026]<\/span><\/p>\n","protected":false},"featured_media":0,"template":"","meta":{"_monsterinsights_skip_tracking":false,"_monsterinsights_sitenote_active":false,"_monsterinsights_sitenote_note":"","_monsterinsights_sitenote_category":0},"product_brand":[],"product_cat":[12365,12364],"product_tag":[],"class_list":{"0":"post-705604","1":"product","2":"type-product","3":"status-publish","5":"product_cat-diger-genel-konular","6":"product_cat-genel-konular","7":"pa_tur-kitap","8":"pa_yayinevi-iskele-yayincilik","9":"pa_yazar-cenap-sahabettin","11":"first","12":"instock","13":"sale","14":"shipping-taxable","15":"purchasable","16":"product-type-simple"},"_links":{"self":[{"href":"https:\/\/roveyayinevi.com.tr\/index.php\/wp-json\/wp\/v2\/product\/705604","targetHints":{"allow":["GET"]}}],"collection":[{"href":"https:\/\/roveyayinevi.com.tr\/index.php\/wp-json\/wp\/v2\/product"}],"about":[{"href":"https:\/\/roveyayinevi.com.tr\/index.php\/wp-json\/wp\/v2\/types\/product"}],"wp:attachment":[{"href":"https:\/\/roveyayinevi.com.tr\/index.php\/wp-json\/wp\/v2\/media?parent=705604"}],"wp:term":[{"taxonomy":"product_brand","embeddable":true,"href":"https:\/\/roveyayinevi.com.tr\/index.php\/wp-json\/wp\/v2\/product_brand?post=705604"},{"taxonomy":"product_cat","embeddable":true,"href":"https:\/\/roveyayinevi.com.tr\/index.php\/wp-json\/wp\/v2\/product_cat?post=705604"},{"taxonomy":"product_tag","embeddable":true,"href":"https:\/\/roveyayinevi.com.tr\/index.php\/wp-json\/wp\/v2\/product_tag?post=705604"}],"curies":[{"name":"wp","href":"https:\/\/api.w.org\/{rel}","templated":true}]}}