{"id":705602,"date":"2025-08-27T15:47:13","date_gmt":"2025-08-27T12:47:13","guid":{"rendered":"https:\/\/roveyayinevi.com.tr\/index.php\/urun\/yavuz\/"},"modified":"2026-04-16T02:14:26","modified_gmt":"2026-04-15T23:14:26","slug":"yavuz","status":"publish","type":"product","link":"https:\/\/roveyayinevi.com.tr\/index.php\/urun\/yavuz\/","title":{"rendered":"Yavuz"},"content":{"rendered":"<p>Ku\u015fatma 1453\u2018\u00fcn yazar\u0131 Okay Tiryakio\u011flu\u2018ndan e\u015fsiz bir tarih\u00ee \u015fahsiyetin sars\u0131c\u0131 roman\u0131: Yavuz. Sefer g\u00fczerg\u00e2h\u0131n\u0131 soran vezire, S\u0131r tutmay\u0131 bilir misin? diye soran; Evet! cevab\u0131n\u0131 al\u0131nca Ben de bilirim. kar\u015f\u0131l\u0131\u011f\u0131n\u0131 verecek denli temkinli, d\u00fcnya y\u0131 kafas\u0131nda ta\u015f\u0131yan bir gaye adam\u0131. Hedefleri u\u011fruna karde\u015f kavgas\u0131n\u0131 hatta baba-o\u011ful \u00e7eki\u015fmesini bile g\u00f6ze almak zorunda kalan k\u00fc\u00e7\u00fck \u015fehzade. Bu kararl\u0131l\u0131\u011f\u0131na, son nefesine kadar, kaybetti\u011fi karde\u015fleri ve can dostlar\u0131n\u0131n \u00f6zlemi e\u015flik etmi\u015f \u015fair bir y\u00fcrek. Devletine ve \u00fcmmetine 400 y\u0131l soluk ald\u0131ran e\u015fi benzeri g\u00f6r\u00fclmemi\u015f 8 y\u0131ll\u0131k bir hamle nin mimar\u0131 halife. Ve \u00e7evresindekilere akl\u0131 yitirmenin s\u0131n\u0131rlar\u0131n\u0131 zorlatan bir yaral\u0131 son: \u015eirpen\u00e7e. Hi\u00e7 abart\u0131l\u0131 olmayan ama kahramanlar\u0131n\u0131n dayand\u0131klar\u0131 manevi g\u00fcc\u00fc de \u0131skalamayan olgun bir edeb\u00ee dilin roman\u0131: Yavuz <\/p>\n","protected":false},"excerpt":{"rendered":"<p>Ku\u015fatma 1453\u2018\u00fcn yazar\u0131 Okay Tiryakio\u011flu\u2018ndan e\u015fsiz bir tarih\u00ee \u015fahsiyetin sars\u0131c\u0131 roman\u0131: Yavuz. Sefer g\u00fczerg\u00e2h\u0131n\u0131 soran vezire, S\u0131r tutmay\u0131 bilir misin? diye soran; Evet! cevab\u0131n\u0131 al\u0131nca Ben<span class=\"excerpt-hellip\"> [\u2026]<\/span><\/p>\n","protected":false},"featured_media":0,"template":"","meta":{"_monsterinsights_skip_tracking":false,"_monsterinsights_sitenote_active":false,"_monsterinsights_sitenote_note":"","_monsterinsights_sitenote_category":0},"product_brand":[],"product_cat":[12291,12745],"product_tag":[],"class_list":{"0":"post-705602","1":"product","2":"type-product","3":"status-publish","5":"product_cat-edebiyat","6":"product_cat-tarihi-roman","7":"pa_cilt-ciltsiz","8":"pa_tur-kitap","9":"pa_yayinevi-timas-yayinlari","10":"pa_yazar-okay-tiryakioglu","12":"first","13":"instock","14":"sale","15":"shipping-taxable","16":"purchasable","17":"product-type-simple"},"_links":{"self":[{"href":"https:\/\/roveyayinevi.com.tr\/index.php\/wp-json\/wp\/v2\/product\/705602","targetHints":{"allow":["GET"]}}],"collection":[{"href":"https:\/\/roveyayinevi.com.tr\/index.php\/wp-json\/wp\/v2\/product"}],"about":[{"href":"https:\/\/roveyayinevi.com.tr\/index.php\/wp-json\/wp\/v2\/types\/product"}],"wp:attachment":[{"href":"https:\/\/roveyayinevi.com.tr\/index.php\/wp-json\/wp\/v2\/media?parent=705602"}],"wp:term":[{"taxonomy":"product_brand","embeddable":true,"href":"https:\/\/roveyayinevi.com.tr\/index.php\/wp-json\/wp\/v2\/product_brand?post=705602"},{"taxonomy":"product_cat","embeddable":true,"href":"https:\/\/roveyayinevi.com.tr\/index.php\/wp-json\/wp\/v2\/product_cat?post=705602"},{"taxonomy":"product_tag","embeddable":true,"href":"https:\/\/roveyayinevi.com.tr\/index.php\/wp-json\/wp\/v2\/product_tag?post=705602"}],"curies":[{"name":"wp","href":"https:\/\/api.w.org\/{rel}","templated":true}]}}