{"id":705598,"date":"2025-08-27T15:47:12","date_gmt":"2025-08-27T12:47:12","guid":{"rendered":"https:\/\/roveyayinevi.com.tr\/index.php\/urun\/yerel-yonetim-kent-ve-ekoloji\/"},"modified":"2026-04-16T02:14:26","modified_gmt":"2026-04-15T23:14:26","slug":"yerel-yonetim-kent-ve-ekoloji","status":"publish","type":"product","link":"https:\/\/roveyayinevi.com.tr\/index.php\/urun\/yerel-yonetim-kent-ve-ekoloji\/","title":{"rendered":"Yerel Y\u00f6netim Kent ve Ekoloji"},"content":{"rendered":"<p>Elinizdeki kitap iki amaca hizmet ediyor. \u0130lki, pek \u00e7ok ki\u015finin \u00fczerinde eme\u011fi olan Profes\u00f6r Can Hamamc\u0131&#8217;ya bir arma\u011fan yap\u0131tla, toplumsal g\u00f6n\u00fcl borcunu a\u00e7\u0131\u011fa vurarak kolektif olarak te\u015fekk\u00fcr etmektir. \u0130kincisi ise, onun bu eme\u011fini de bilgi \u00fcretiminin par\u00e7as\u0131 k\u0131larak, yerel y\u00f6netimler, kent ve ekoloji konular\u0131yla ilgili yaz\u0131na katk\u0131da bulunmakt\u0131r. G\u00fcn\u00fcm\u00fcz kapitalizmi kenti ve do\u011fay\u0131 sermaye birikiminin merkezine yerle\u015ftirdi\u011fi i\u00e7indir ki, bu konular hem giderek daha yo\u011fun bi\u00e7imde g\u00fcndelik ya\u015fam\u0131n i\u00e7ine yerle\u015fiyor hem de Gezi eylemlerinde de tan\u0131k oldu\u011fumuz gibi toplumsal muhalefetin \u00fczerinde y\u00fckseldi\u011fi uyu\u015fmazl\u0131k alanlar\u0131n\u0131 olu\u015fturuyor. Bir yan\u0131yla kente ve do\u011faya kapitalist bir sald\u0131r\u0131 var, \u00f6b\u00fcr yan\u0131yla da buna kar\u015f\u0131 direni\u015f ve isyan pratikleri toplumsal umudu ye\u015fertiyor. Kitaptaki yaz\u0131lar, s\u00f6z\u00fc edilen sald\u0131r\u0131 var, \u00f6b\u00fcr yan\u0131yla da buna kar\u015f\u0131 direni\u015f ve isyan pratikleri toplumsal umudu ye\u015fertiyor. Kitaptaki yaz\u0131lar, s\u00f6z\u00fc edilen sald\u0131r\u0131 s\u00fcrecinin unsurlar\u0131n\u0131 tart\u0131\u015fmakla kalmay\u0131p direni\u015f stratejilerinin \u00f6\u011felerini de kavramam\u0131z\u0131 sa\u011fl\u0131yor. <\/p>\n","protected":false},"excerpt":{"rendered":"<p>Elinizdeki kitap iki amaca hizmet ediyor. \u0130lki, pek \u00e7ok ki\u015finin \u00fczerinde eme\u011fi olan Profes\u00f6r Can Hamamc\u0131&#8217;ya bir arma\u011fan yap\u0131tla, toplumsal g\u00f6n\u00fcl borcunu a\u00e7\u0131\u011fa vurarak kolektif olarak<span class=\"excerpt-hellip\"> [\u2026]<\/span><\/p>\n","protected":false},"featured_media":0,"template":"","meta":{"_monsterinsights_skip_tracking":false,"_monsterinsights_sitenote_active":false,"_monsterinsights_sitenote_note":"","_monsterinsights_sitenote_category":0},"product_brand":[],"product_cat":[12312,12304],"product_tag":[],"class_list":{"0":"post-705598","1":"product","2":"type-product","3":"status-publish","5":"product_cat-diger","6":"product_cat-tarih","7":"pa_cilt-ciltsiz","8":"pa_tur-kitap","9":"pa_yayinevi-imge-kitabevi-yayinlari","10":"pa_yazar-kolektif","12":"first","13":"instock","14":"sale","15":"shipping-taxable","16":"purchasable","17":"product-type-simple"},"_links":{"self":[{"href":"https:\/\/roveyayinevi.com.tr\/index.php\/wp-json\/wp\/v2\/product\/705598","targetHints":{"allow":["GET"]}}],"collection":[{"href":"https:\/\/roveyayinevi.com.tr\/index.php\/wp-json\/wp\/v2\/product"}],"about":[{"href":"https:\/\/roveyayinevi.com.tr\/index.php\/wp-json\/wp\/v2\/types\/product"}],"wp:attachment":[{"href":"https:\/\/roveyayinevi.com.tr\/index.php\/wp-json\/wp\/v2\/media?parent=705598"}],"wp:term":[{"taxonomy":"product_brand","embeddable":true,"href":"https:\/\/roveyayinevi.com.tr\/index.php\/wp-json\/wp\/v2\/product_brand?post=705598"},{"taxonomy":"product_cat","embeddable":true,"href":"https:\/\/roveyayinevi.com.tr\/index.php\/wp-json\/wp\/v2\/product_cat?post=705598"},{"taxonomy":"product_tag","embeddable":true,"href":"https:\/\/roveyayinevi.com.tr\/index.php\/wp-json\/wp\/v2\/product_tag?post=705598"}],"curies":[{"name":"wp","href":"https:\/\/api.w.org\/{rel}","templated":true}]}}