{"id":705597,"date":"2025-08-27T15:47:12","date_gmt":"2025-08-27T12:47:12","guid":{"rendered":"https:\/\/roveyayinevi.com.tr\/index.php\/urun\/kubada-surdurulebilir-kent-tarimi\/"},"modified":"2026-04-16T02:14:26","modified_gmt":"2026-04-15T23:14:26","slug":"kubada-surdurulebilir-kent-tarimi","status":"publish","type":"product","link":"https:\/\/roveyayinevi.com.tr\/index.php\/urun\/kubada-surdurulebilir-kent-tarimi\/","title":{"rendered":"K\u00fcba&#8217;da S\u00fcrd\u00fcr\u00fclebilir Kent Tar\u0131m\u0131"},"content":{"rendered":"<p>K\u00fcba, \u00e7ok \u00e7e\u015fitli konularda d\u00fcnyan\u0131n ilgisini \u00e7eken bir \u00fclke. Elinizdeki kitap, s\u0131rad\u0131\u015f\u0131 bir konuda inceleme yap\u0131yor; K\u00fcba\u2019da S\u00fcrd\u00fcr\u00fclebilir Kent Tar\u0131m\u0131. K\u00fcba halk\u0131 20 y\u0131l\u0131 a\u015fk\u0131n bir s\u00fcredir yiyece\u011fini ekolojik y\u00f6ntemlerle kent bah\u00e7elerinden sa\u011fl\u0131yor.  Sovyetlerin da\u011f\u0131lmas\u0131n\u0131n ard\u0131ndan, o g\u00fcne kadar end\u00fcstriyel tar\u0131m yaparak, \u00fcrettiklerini blo\u011fa satan ve kar\u015f\u0131l\u0131\u011f\u0131nda petrol ve yan \u00fcr\u00fcnlerini alan K\u00fcba, al\u0131\u015f\u0131lmad\u0131k bir meseleyle kar\u015f\u0131 kar\u015f\u0131ya kald\u0131; petrols\u00fczl\u00fck. Art\u0131k ne tarlalar\u0131n\u0131 s\u00fcrecek ne de \u00fcr\u00fcnlerini \u015fehirlere ta\u015f\u0131yacak petrol\u00fc kalmam\u0131\u015ft\u0131. K\u00fcba\u2019da S\u00fcrd\u00fcr\u00fclebilir Kent Tar\u0131m\u0131, g\u0131da krizinin nas\u0131l f\u0131rsata d\u00f6n\u00fc\u015ft\u00fcr\u00fcld\u00fc\u011f\u00fcn\u00fc anlat\u0131yor. Petrols\u00fczl\u00fck \u00f6yle bir gelecek ki pek yak\u0131nda fakirlerinden ba\u015flayarak s\u0131ras\u0131yla b\u00fct\u00fcn d\u00fcnya \u00fclkelerinin y\u00fczle\u015fece\u011fi bir d\u00f6n\u00fc\u015f\u00fcm\u00fc ifade edecek.   K\u00fcba\u2019da S\u00fcrd\u00fcr\u00fclebilir Kent Tar\u0131m\u0131, sadece kent tar\u0131m\u0131 anlatm\u0131yor. Devrim \u00f6ncesi, devrim ve COMECON\u2019un \u00e7\u00f6k\u00fc\u015f\u00fcne giden y\u0131llar ve sonras\u0131, y\u00f6netiminden kurumlar\u0131na hatta d\u0131\u015f ili\u015fkilerine kadar sat\u0131r aralar\u0131nda, \u00e7arp\u0131c\u0131 \u00f6rneklerle anlat\u0131l\u0131yor. Castro karde\u015flerden Che\u2019ye, K\u00fcba Devrimi\u2019nin efsanevi kahramanlar\u0131, somut yap\u0131p ettikleriyle \u00f6rneklerde yer al\u0131yor.  \u00d6te yandan, kooperatif deneyimlerinin, sa\u011fl\u0131kl\u0131 bir i\u015fleyi\u015fle nas\u0131l ba\u015far\u0131l\u0131 olabilece\u011fini, verimlili\u011finin yollar\u0131n\u0131 ve i\u015f\u00e7ilerin yatay bir form\u00fclde \u00f6rg\u00fctlendi\u011finde neler ba\u015farabilecekleri \u015fa\u015f\u0131rt\u0131c\u0131 bir \u015fekilde g\u00f6steriliyor. <\/p>\n","protected":false},"excerpt":{"rendered":"<p>K\u00fcba, \u00e7ok \u00e7e\u015fitli konularda d\u00fcnyan\u0131n ilgisini \u00e7eken bir \u00fclke. Elinizdeki kitap, s\u0131rad\u0131\u015f\u0131 bir konuda inceleme yap\u0131yor; K\u00fcba\u2019da S\u00fcrd\u00fcr\u00fclebilir Kent Tar\u0131m\u0131. K\u00fcba halk\u0131 20 y\u0131l\u0131 a\u015fk\u0131n bir<span class=\"excerpt-hellip\"> [\u2026]<\/span><\/p>\n","protected":false},"featured_media":0,"template":"","meta":{"_monsterinsights_skip_tracking":false,"_monsterinsights_sitenote_active":false,"_monsterinsights_sitenote_note":"","_monsterinsights_sitenote_category":0},"product_brand":[],"product_cat":[23323,12364],"product_tag":[],"class_list":{"0":"post-705597","1":"product","2":"type-product","3":"status-publish","5":"product_cat-ekoloji","6":"product_cat-genel-konular","7":"pa_tur-kitap","8":"pa_yayinevi-yeni-insan-yayinlari","9":"pa_yazar-sinan-kunt","11":"first","12":"instock","13":"sale","14":"shipping-taxable","15":"purchasable","16":"product-type-simple"},"_links":{"self":[{"href":"https:\/\/roveyayinevi.com.tr\/index.php\/wp-json\/wp\/v2\/product\/705597","targetHints":{"allow":["GET"]}}],"collection":[{"href":"https:\/\/roveyayinevi.com.tr\/index.php\/wp-json\/wp\/v2\/product"}],"about":[{"href":"https:\/\/roveyayinevi.com.tr\/index.php\/wp-json\/wp\/v2\/types\/product"}],"wp:attachment":[{"href":"https:\/\/roveyayinevi.com.tr\/index.php\/wp-json\/wp\/v2\/media?parent=705597"}],"wp:term":[{"taxonomy":"product_brand","embeddable":true,"href":"https:\/\/roveyayinevi.com.tr\/index.php\/wp-json\/wp\/v2\/product_brand?post=705597"},{"taxonomy":"product_cat","embeddable":true,"href":"https:\/\/roveyayinevi.com.tr\/index.php\/wp-json\/wp\/v2\/product_cat?post=705597"},{"taxonomy":"product_tag","embeddable":true,"href":"https:\/\/roveyayinevi.com.tr\/index.php\/wp-json\/wp\/v2\/product_tag?post=705597"}],"curies":[{"name":"wp","href":"https:\/\/api.w.org\/{rel}","templated":true}]}}