{"id":705596,"date":"2025-08-27T15:47:11","date_gmt":"2025-08-27T12:47:11","guid":{"rendered":"https:\/\/roveyayinevi.com.tr\/index.php\/urun\/bktan-kitap\/"},"modified":"2026-04-16T02:14:26","modified_gmt":"2026-04-15T23:14:26","slug":"bktan-kitap","status":"publish","type":"product","link":"https:\/\/roveyayinevi.com.tr\/index.php\/urun\/bktan-kitap\/","title":{"rendered":"B*ktan Kitap"},"content":{"rendered":"<p>0Ali Mert, daha \u00f6nce yine Yordam Kitap\u2019tan yay\u0131nlanan \u00c7\u00f6pten Kitap ve Kumdan Kitap adl\u0131 deneme-mizah yap\u0131tlar\u0131n\u0131n oyuncu \u00e7izgisinde, \u00fc\u00e7lemeyi B*ktan Kitap ile tamaml\u0131yor. \ufffcTan\u0131t\u0131m Metni<\/p>\n","protected":false},"excerpt":{"rendered":"<p>0Ali Mert, daha \u00f6nce yine Yordam Kitap\u2019tan yay\u0131nlanan \u00c7\u00f6pten Kitap ve Kumdan Kitap adl\u0131 deneme-mizah yap\u0131tlar\u0131n\u0131n oyuncu \u00e7izgisinde, \u00fc\u00e7lemeyi B*ktan Kitap ile tamaml\u0131yor. \ufffcTan\u0131t\u0131m Metni<\/p>\n","protected":false},"featured_media":0,"template":"","meta":{"_monsterinsights_skip_tracking":false,"_monsterinsights_sitenote_active":false,"_monsterinsights_sitenote_note":"","_monsterinsights_sitenote_category":0},"product_brand":[],"product_cat":[12291,14825],"product_tag":[],"class_list":{"0":"post-705596","1":"product","2":"type-product","3":"status-publish","5":"product_cat-edebiyat","6":"product_cat-mizah","7":"pa_cilt-ciltsiz","8":"pa_tur-kitap","9":"pa_yayinevi-yordam-kitap","10":"pa_yazar-ali-mert","12":"first","13":"instock","14":"sale","15":"shipping-taxable","16":"purchasable","17":"product-type-simple"},"_links":{"self":[{"href":"https:\/\/roveyayinevi.com.tr\/index.php\/wp-json\/wp\/v2\/product\/705596","targetHints":{"allow":["GET"]}}],"collection":[{"href":"https:\/\/roveyayinevi.com.tr\/index.php\/wp-json\/wp\/v2\/product"}],"about":[{"href":"https:\/\/roveyayinevi.com.tr\/index.php\/wp-json\/wp\/v2\/types\/product"}],"wp:attachment":[{"href":"https:\/\/roveyayinevi.com.tr\/index.php\/wp-json\/wp\/v2\/media?parent=705596"}],"wp:term":[{"taxonomy":"product_brand","embeddable":true,"href":"https:\/\/roveyayinevi.com.tr\/index.php\/wp-json\/wp\/v2\/product_brand?post=705596"},{"taxonomy":"product_cat","embeddable":true,"href":"https:\/\/roveyayinevi.com.tr\/index.php\/wp-json\/wp\/v2\/product_cat?post=705596"},{"taxonomy":"product_tag","embeddable":true,"href":"https:\/\/roveyayinevi.com.tr\/index.php\/wp-json\/wp\/v2\/product_tag?post=705596"}],"curies":[{"name":"wp","href":"https:\/\/api.w.org\/{rel}","templated":true}]}}