{"id":705595,"date":"2025-08-27T15:47:11","date_gmt":"2025-08-27T12:47:11","guid":{"rendered":"https:\/\/roveyayinevi.com.tr\/index.php\/urun\/devlet-ve-devrim\/"},"modified":"2026-04-16T02:14:26","modified_gmt":"2026-04-15T23:14:26","slug":"devlet-ve-devrim","status":"publish","type":"product","link":"https:\/\/roveyayinevi.com.tr\/index.php\/urun\/devlet-ve-devrim\/","title":{"rendered":"Devlet ve Devrim"},"content":{"rendered":"<p>S\u0131n\u0131f m\u00fccadelelerini \u00f6nemsemek ve bu m\u00fccadeleleri temel almak, Marksist olmaya yeter mi? \u0130\u015f\u00e7i s\u0131n\u0131f\u0131, siyasal iktidar\u0131 ele ge\u00e7irme hedefiyle yetinebilir mi? \u201cBurjuva devlet mekanizmas\u0131n\u0131n par\u00e7alanmas\u0131\u201d ne anlama gelir ve neden gereklidir? \u201cZora dayal\u0131 bir devrim\u201d olmadan olmaz m\u0131? Demokrasi, a\u015f\u0131lamaz bir hedef midir? \u201cProletarya diktat\u00f6rl\u00fc\u011f\u00fc\u201d, tam olarak nedir? Ve ba\u015fka pek \u00e7ok soru ve cevaplar\u0131&#8230; Lenin, Rusya\u2019daki \u00e7arl\u0131k rejimine son veren 1917 \u015eubat Devrimi ile 1917 Ekim Devrimi aras\u0131ndaki A\u011fustos-Eyl\u00fcl aylar\u0131nda kaleme ald\u0131\u011f\u0131 bu eserinde, Marx\u2019\u0131n ve Engels\u2019in \u00e7al\u0131\u015fmalar\u0131ndan hareketle, kapitalizm ile s\u0131n\u0131fs\u0131z toplum (kom\u00fcnizmin \u00fcst evresi) aras\u0131ndaki ge\u00e7i\u015f s\u00fcrecini ve kom\u00fcnizmin \u201csosyalizm\u201d diye an\u0131lan \u201calt evresi\u201dnin ay\u0131rt edici \u00f6zelliklerini ele al\u0131yor. Marksizmin devlet ve devrim konular\u0131ndaki temel tezlerini \u00e7arp\u0131tma ve \u00f6rtbas etme giri\u015fimlerini amans\u0131zca ele\u015ftirerek! <\/p>\n","protected":false},"excerpt":{"rendered":"<p>S\u0131n\u0131f m\u00fccadelelerini \u00f6nemsemek ve bu m\u00fccadeleleri temel almak, Marksist olmaya yeter mi? \u0130\u015f\u00e7i s\u0131n\u0131f\u0131, siyasal iktidar\u0131 ele ge\u00e7irme hedefiyle yetinebilir mi? \u201cBurjuva devlet mekanizmas\u0131n\u0131n par\u00e7alanmas\u0131\u201d ne<span class=\"excerpt-hellip\"> [\u2026]<\/span><\/p>\n","protected":false},"featured_media":0,"template":"","meta":{"_monsterinsights_skip_tracking":false,"_monsterinsights_sitenote_active":false,"_monsterinsights_sitenote_note":"","_monsterinsights_sitenote_category":0},"product_brand":[],"product_cat":[12312,12304],"product_tag":[],"class_list":{"0":"post-705595","1":"product","2":"type-product","3":"status-publish","5":"product_cat-diger","6":"product_cat-tarih","7":"pa_cilt-ciltsiz","8":"pa_tur-kitap","9":"pa_yayinevi-yordam-kitap","10":"pa_yazar-vladimir-ilyic-lenin","12":"first","13":"instock","14":"sale","15":"shipping-taxable","16":"purchasable","17":"product-type-simple"},"_links":{"self":[{"href":"https:\/\/roveyayinevi.com.tr\/index.php\/wp-json\/wp\/v2\/product\/705595","targetHints":{"allow":["GET"]}}],"collection":[{"href":"https:\/\/roveyayinevi.com.tr\/index.php\/wp-json\/wp\/v2\/product"}],"about":[{"href":"https:\/\/roveyayinevi.com.tr\/index.php\/wp-json\/wp\/v2\/types\/product"}],"wp:attachment":[{"href":"https:\/\/roveyayinevi.com.tr\/index.php\/wp-json\/wp\/v2\/media?parent=705595"}],"wp:term":[{"taxonomy":"product_brand","embeddable":true,"href":"https:\/\/roveyayinevi.com.tr\/index.php\/wp-json\/wp\/v2\/product_brand?post=705595"},{"taxonomy":"product_cat","embeddable":true,"href":"https:\/\/roveyayinevi.com.tr\/index.php\/wp-json\/wp\/v2\/product_cat?post=705595"},{"taxonomy":"product_tag","embeddable":true,"href":"https:\/\/roveyayinevi.com.tr\/index.php\/wp-json\/wp\/v2\/product_tag?post=705595"}],"curies":[{"name":"wp","href":"https:\/\/api.w.org\/{rel}","templated":true}]}}