{"id":705594,"date":"2025-08-27T15:47:11","date_gmt":"2025-08-27T12:47:11","guid":{"rendered":"https:\/\/roveyayinevi.com.tr\/index.php\/urun\/devlet-uzerine\/"},"modified":"2026-04-16T02:14:26","modified_gmt":"2026-04-15T23:14:26","slug":"devlet-uzerine","status":"publish","type":"product","link":"https:\/\/roveyayinevi.com.tr\/index.php\/urun\/devlet-uzerine\/","title":{"rendered":"Devlet \u00dczerine"},"content":{"rendered":"<p>Devlet nedir? Devletin \u00f6z\u00fc, \u00f6nemi ve anlam\u0131 nedir? Sosyalistlerin devlete kar\u015f\u0131 tutumu nas\u0131l olmal\u0131d\u0131r? Elinizdeki kitap\u00e7\u0131kta, Lenin, bu sorulardan yola \u00e7\u0131karak devlet \u00fczerine \u00e7arp\u0131c\u0131, anla\u015f\u0131l\u0131r ve \u00f6zl\u00fc a\u00e7\u0131klamalarda bulunuyor. Lenin\u2019in, Ekim Devrimi\u2019nin zaferinin ard\u0131ndan, 1919\u2019da Sverdlovsk \u00dcniversitesi \u00f6\u011frencilerine verdi\u011fi konferans\u0131n kayd\u0131ndan olu\u015fan kitap\u00e7\u0131k, Marksizmin devlete yakla\u015f\u0131m\u0131n\u0131 \u00e7ok geni\u015f bir okur kitlesinin anlayabilece\u011fi bir yal\u0131nl\u0131kta sunmay\u0131 ba\u015faran ender bir kaynak olarak \u00f6ne \u00e7\u0131k\u0131yor. Lenin\u2019in, \u00fc\u00e7 ay sonra yine ayn\u0131 \u00fcniversitede, Sovyet iktidar\u0131n\u0131 y\u0131kmaya \u00e7al\u0131\u015fan gerici g\u00fc\u00e7lere kar\u015f\u0131 sava\u015fmak \u00fczere cepheye g\u00f6nderilen Sverdlovsk \u00dcniversitesi \u00f6\u011frencilerine yapt\u0131\u011f\u0131 konu\u015fma da kitapta ek olarak yer al\u0131yor. <\/p>\n","protected":false},"excerpt":{"rendered":"<p>Devlet nedir? Devletin \u00f6z\u00fc, \u00f6nemi ve anlam\u0131 nedir? Sosyalistlerin devlete kar\u015f\u0131 tutumu nas\u0131l olmal\u0131d\u0131r? Elinizdeki kitap\u00e7\u0131kta, Lenin, bu sorulardan yola \u00e7\u0131karak devlet \u00fczerine \u00e7arp\u0131c\u0131, anla\u015f\u0131l\u0131r ve<span class=\"excerpt-hellip\"> [\u2026]<\/span><\/p>\n","protected":false},"featured_media":0,"template":"","meta":{"_monsterinsights_skip_tracking":false,"_monsterinsights_sitenote_active":false,"_monsterinsights_sitenote_note":"","_monsterinsights_sitenote_category":0},"product_brand":[],"product_cat":[12312,12304],"product_tag":[],"class_list":{"0":"post-705594","1":"product","2":"type-product","3":"status-publish","5":"product_cat-diger","6":"product_cat-tarih","7":"pa_cilt-ciltsiz","8":"pa_tur-kitap","9":"pa_yayinevi-yordam-kitap","10":"pa_yazar-vladimir-ilyic-lenin","12":"first","13":"instock","14":"sale","15":"shipping-taxable","16":"purchasable","17":"product-type-simple"},"_links":{"self":[{"href":"https:\/\/roveyayinevi.com.tr\/index.php\/wp-json\/wp\/v2\/product\/705594","targetHints":{"allow":["GET"]}}],"collection":[{"href":"https:\/\/roveyayinevi.com.tr\/index.php\/wp-json\/wp\/v2\/product"}],"about":[{"href":"https:\/\/roveyayinevi.com.tr\/index.php\/wp-json\/wp\/v2\/types\/product"}],"wp:attachment":[{"href":"https:\/\/roveyayinevi.com.tr\/index.php\/wp-json\/wp\/v2\/media?parent=705594"}],"wp:term":[{"taxonomy":"product_brand","embeddable":true,"href":"https:\/\/roveyayinevi.com.tr\/index.php\/wp-json\/wp\/v2\/product_brand?post=705594"},{"taxonomy":"product_cat","embeddable":true,"href":"https:\/\/roveyayinevi.com.tr\/index.php\/wp-json\/wp\/v2\/product_cat?post=705594"},{"taxonomy":"product_tag","embeddable":true,"href":"https:\/\/roveyayinevi.com.tr\/index.php\/wp-json\/wp\/v2\/product_tag?post=705594"}],"curies":[{"name":"wp","href":"https:\/\/api.w.org\/{rel}","templated":true}]}}