{"id":705593,"date":"2025-08-27T15:47:10","date_gmt":"2025-08-27T12:47:10","guid":{"rendered":"https:\/\/roveyayinevi.com.tr\/index.php\/urun\/islam-ve-bati-uzerine-bir-konusma\/"},"modified":"2026-04-16T02:14:25","modified_gmt":"2026-04-15T23:14:25","slug":"islam-ve-bati-uzerine-bir-konusma","status":"publish","type":"product","link":"https:\/\/roveyayinevi.com.tr\/index.php\/urun\/islam-ve-bati-uzerine-bir-konusma\/","title":{"rendered":"\u0130slam ve Bat\u0131 \u00dczerine Bir Konu\u015fma"},"content":{"rendered":"<p>Zor anla\u015f\u0131lan bir d\u00fc\u015f\u00fcn\u00fcr olarak bilinen Derrida, baz\u0131lar\u0131n\u0131n g\u00f6z\u00fcnde bir muamma, baz\u0131lar\u0131 i\u00e7inse Bat\u0131 medeniyetinin son dehas\u0131 idi. <\/p>\n","protected":false},"excerpt":{"rendered":"<p>Zor anla\u015f\u0131lan bir d\u00fc\u015f\u00fcn\u00fcr olarak bilinen Derrida, baz\u0131lar\u0131n\u0131n g\u00f6z\u00fcnde bir muamma, baz\u0131lar\u0131 i\u00e7inse Bat\u0131 medeniyetinin son dehas\u0131 idi.<\/p>\n","protected":false},"featured_media":0,"template":"","meta":{"_monsterinsights_skip_tracking":false,"_monsterinsights_sitenote_active":false,"_monsterinsights_sitenote_note":"","_monsterinsights_sitenote_category":0},"product_brand":[],"product_cat":[16789,12718,12719],"product_tag":[],"class_list":{"0":"post-705593","1":"product","2":"type-product","3":"status-publish","5":"product_cat-diger-islam","6":"product_cat-din","7":"product_cat-islam","8":"pa_tur-kitap","9":"pa_yayinevi-timas-yayinlari","10":"pa_yazar-mustafa-serif","12":"first","13":"instock","14":"sale","15":"shipping-taxable","16":"purchasable","17":"product-type-simple"},"_links":{"self":[{"href":"https:\/\/roveyayinevi.com.tr\/index.php\/wp-json\/wp\/v2\/product\/705593","targetHints":{"allow":["GET"]}}],"collection":[{"href":"https:\/\/roveyayinevi.com.tr\/index.php\/wp-json\/wp\/v2\/product"}],"about":[{"href":"https:\/\/roveyayinevi.com.tr\/index.php\/wp-json\/wp\/v2\/types\/product"}],"wp:attachment":[{"href":"https:\/\/roveyayinevi.com.tr\/index.php\/wp-json\/wp\/v2\/media?parent=705593"}],"wp:term":[{"taxonomy":"product_brand","embeddable":true,"href":"https:\/\/roveyayinevi.com.tr\/index.php\/wp-json\/wp\/v2\/product_brand?post=705593"},{"taxonomy":"product_cat","embeddable":true,"href":"https:\/\/roveyayinevi.com.tr\/index.php\/wp-json\/wp\/v2\/product_cat?post=705593"},{"taxonomy":"product_tag","embeddable":true,"href":"https:\/\/roveyayinevi.com.tr\/index.php\/wp-json\/wp\/v2\/product_tag?post=705593"}],"curies":[{"name":"wp","href":"https:\/\/api.w.org\/{rel}","templated":true}]}}