{"id":705591,"date":"2025-08-27T15:47:09","date_gmt":"2025-08-27T12:47:09","guid":{"rendered":"https:\/\/roveyayinevi.com.tr\/index.php\/urun\/kucuk-prens-12\/"},"modified":"2025-10-07T11:57:23","modified_gmt":"2025-10-07T08:57:23","slug":"kucuk-prens-12","status":"publish","type":"product","link":"https:\/\/roveyayinevi.com.tr\/index.php\/urun\/kucuk-prens-12\/","title":{"rendered":"K\u00fc\u00e7\u00fck Prens"},"content":{"rendered":"<p>Y\u00fczy\u0131l\u0131n ba\u015fyap\u0131t\u0131 K\u00fc\u00e7\u00fck Prens\u2019in orijinal T\u00fcrk\u00e7e bask\u0131s\u0131 1987\u2019den beri Mavibulut\u2019ta!- Sumru A\u011f\u0131ry\u00fcr\u00fcyen\u2019in \u015fark\u0131 tad\u0131ndaki \u00f6zenli T\u00fcrk\u00e7esi,- Yazar\u0131n suluboya resimlerinin orijinalleriyle,- Kitapl\u0131\u011f\u0131n\u0131zda y\u0131llarca saklayabilece\u011finiz ku\u015fe ka\u011f\u0131da en iyi kalite bask\u0131.Antoine de Saint-Exupery taraf\u0131ndan New York\u2019ta bir otel odas\u0131nda yaz\u0131lan K\u00fc\u00e7\u00fck Prens, yay\u0131mland\u0131\u011f\u0131 g\u00fcnden bu yana milyonlarca insan\u0131n kalbini fethetmeye devam ediyor. K\u00fc\u00e7\u00fck Prens\u2019in ya\u015fad\u0131klar\u0131n\u0131 anl\u0131yor, k\u0131rg\u0131nl\u0131klar\u0131na \u00fcz\u00fcl\u00fcyor, s\u00f6ylediklerine hak veriyoruz. Gezegenindeki \u00e7i\u00e7e\u011fiyle pek anla\u015famad\u0131\u011f\u0131 i\u00e7in biraz uzakla\u015fmaya karar veren, yolculu\u011fu s\u0131ras\u0131nda D\u00fcnya\u2019ya da u\u011frayan K\u00fc\u00e7\u00fck Prens, Sahra \u00c7\u00f6l\u00fc\u2019nde bir pilotla kar\u015f\u0131la\u015f\u0131r. \u0130\u015fte olan biteni de bu pilot anlat\u0131r bize. Kimdir K\u00fc\u00e7\u00fck Prens, neden s\u00fcrekli sorular sorar, \u00e7i\u00e7e\u011fiyle neden anla\u015famam\u0131\u015ft\u0131r, gitti\u011fi di\u011fer gezegenlerde kimlerle kar\u015f\u0131la\u015fm\u0131\u015ft\u0131r ve neler \u00f6\u011frenmi\u015ftir? Bu \u00f6yk\u00fcy\u00fc dinlerken K\u00fc\u00e7\u00fck Prens\u2019in ya\u015fad\u0131klar\u0131 ve \u00f6\u011frendikleri sayesinde hayat\u0131m\u0131za tekrar bak\u0131yoruz ve ya\u015fam\u0131 anlamland\u0131rmada \u201cne kadar da b\u00fcy\u00fcd\u00fc\u011f\u00fcm\u00fcz\u00fc\u201d g\u00f6r\u00fcyoruz. K\u00fc\u00e7\u00fck Prens\u2019in de dedi\u011fi gibi \u201cB\u00fcy\u00fcklere her \u015feyi a\u00e7\u0131klamak gerekir zaten.\u201d <\/p>\n","protected":false},"excerpt":{"rendered":"<p>Y\u00fczy\u0131l\u0131n ba\u015fyap\u0131t\u0131 K\u00fc\u00e7\u00fck Prens\u2019in orijinal T\u00fcrk\u00e7e bask\u0131s\u0131 1987\u2019den beri Mavibulut\u2019ta!- Sumru A\u011f\u0131ry\u00fcr\u00fcyen\u2019in \u015fark\u0131 tad\u0131ndaki \u00f6zenli T\u00fcrk\u00e7esi,- Yazar\u0131n suluboya resimlerinin orijinalleriyle,- Kitapl\u0131\u011f\u0131n\u0131zda y\u0131llarca saklayabilece\u011finiz ku\u015fe ka\u011f\u0131da en<span class=\"excerpt-hellip\"> [\u2026]<\/span><\/p>\n","protected":false},"featured_media":0,"template":"","meta":{"_monsterinsights_skip_tracking":false,"_monsterinsights_sitenote_active":false,"_monsterinsights_sitenote_note":"","_monsterinsights_sitenote_category":0},"product_brand":[],"product_cat":[12275,12274],"product_tag":[],"class_list":{"0":"post-705591","1":"product","2":"type-product","3":"status-publish","5":"product_cat-6-12-yas-kitaplari","6":"product_cat-cocuk-ve-genclik-kitaplari","7":"pa_cilt-ciltsiz","8":"pa_tur-kitap","9":"pa_yayinevi-mavi-bulut-yayinlari","10":"pa_yazar-antonie-de-saint-exupery","12":"first","13":"instock","14":"sale","15":"shipping-taxable","16":"purchasable","17":"product-type-simple"},"_links":{"self":[{"href":"https:\/\/roveyayinevi.com.tr\/index.php\/wp-json\/wp\/v2\/product\/705591","targetHints":{"allow":["GET"]}}],"collection":[{"href":"https:\/\/roveyayinevi.com.tr\/index.php\/wp-json\/wp\/v2\/product"}],"about":[{"href":"https:\/\/roveyayinevi.com.tr\/index.php\/wp-json\/wp\/v2\/types\/product"}],"wp:attachment":[{"href":"https:\/\/roveyayinevi.com.tr\/index.php\/wp-json\/wp\/v2\/media?parent=705591"}],"wp:term":[{"taxonomy":"product_brand","embeddable":true,"href":"https:\/\/roveyayinevi.com.tr\/index.php\/wp-json\/wp\/v2\/product_brand?post=705591"},{"taxonomy":"product_cat","embeddable":true,"href":"https:\/\/roveyayinevi.com.tr\/index.php\/wp-json\/wp\/v2\/product_cat?post=705591"},{"taxonomy":"product_tag","embeddable":true,"href":"https:\/\/roveyayinevi.com.tr\/index.php\/wp-json\/wp\/v2\/product_tag?post=705591"}],"curies":[{"name":"wp","href":"https:\/\/api.w.org\/{rel}","templated":true}]}}