{"id":705586,"date":"2025-08-27T15:47:07","date_gmt":"2025-08-27T12:47:07","guid":{"rendered":"https:\/\/roveyayinevi.com.tr\/index.php\/urun\/evcillesmis-beyin\/"},"modified":"2026-04-16T02:14:25","modified_gmt":"2026-04-15T23:14:25","slug":"evcillesmis-beyin","status":"publish","type":"product","link":"https:\/\/roveyayinevi.com.tr\/index.php\/urun\/evcillesmis-beyin\/","title":{"rendered":"Evcille\u015fmi\u015f Beyin"},"content":{"rendered":"<p>\u0130nsan beyni, 20.000 y\u0131l\u0131 a\u015fk\u0131n bir s\u00fcredir hacminin bir tenis topu kadar\u0131n\u0131 kaybetti: Tarih\u00f6ncesinde ya\u015fam\u0131\u015f atalar\u0131m\u0131z\u0131n beyni bizim beynimizden b\u00fcy\u00fckt\u00fc. Bu garip bir durum, \u00e7\u00fcnk\u00fc evrimin b\u00fcy\u00fck b\u00f6l\u00fcm\u00fcnde insan beyni b\u00fcy\u00fcm\u00fc\u015ft\u00fc. Son a\u015famada ger\u00e7ekle\u015fen bu k\u00fc\u00e7\u00fclme, bilim, e\u011fitim ve teknolojinin ilerlemesiyle beynin de b\u00fcy\u00fcyece\u011fi varsay\u0131m\u0131na ayk\u0131r\u0131 g\u00f6r\u00fcn\u00fcyor: Zeki yarat\u0131klar\u0131n b\u00fcy\u00fck beyinli oldu\u011fu d\u00fc\u015f\u00fcncesi yanl\u0131\u015f olabilir.\u00d6te yandan, b\u00fcy\u00fck beyinli hayvanlar\u0131n sorun \u00e7\u00f6zmede daha ba\u015far\u0131l\u0131 oldu\u011funu biliyoruz. Nitekim insan beyni, g\u00f6vde b\u00fcy\u00fckl\u00fc\u011f\u00fcne g\u00f6re olmas\u0131 beklenenden yedi kat daha b\u00fcy\u00fckt\u00fcr ve g\u00fcn\u00fcm\u00fcz\u00fcn karma\u015f\u0131k ya\u015fam\u0131yla ba\u015f edebilme yetene\u011fimiz, gittik\u00e7e daha ak\u0131ll\u0131la\u015ft\u0131\u011f\u0131m\u0131z varsay\u0131m\u0131n\u0131 do\u011fruluyor. Ama, beynimizdeki k\u00fc\u00e7\u00fclme, daha b\u00fcy\u00fck beynin daha fazla zeka anlam\u0131na geldi\u011fi ve bizim tarih\u00f6ncesi atalar\u0131m\u0131zdan daha ak\u0131ll\u0131 oldu\u011fumuz g\u00f6r\u00fc\u015f\u00fcne ayk\u0131r\u0131 d\u00fc\u015f\u00fcyor.Bu durumda, insan zekas\u0131n\u0131n geli\u015fimiyle ilgili varsay\u0131mlar\u0131m\u0131z\u0131n \u00e7o\u011fu temelsiz demektir. \u00d6rne\u011fin, Ta\u015f \u00c7a\u011f\u0131\u2019nda ya\u015fam\u0131\u015f atalar\u0131m\u0131z\u0131n bizden daha geri olmalar\u0131n\u0131n gerekti\u011fi. Onlar da bizim kadar ak\u0131ll\u0131 olabilirler. \u00c7\u00fcnk\u00fc, d\u00fcnya konusundaki bilgimizin \u00e7o\u011fu, kendi \u00e7abalar\u0131m\u0131zdan \u00e7ok ba\u015fkalar\u0131n\u0131n deneyimlerinden kazan\u0131lm\u0131\u015ft\u0131r. \u0130nsan beyni evcille\u015fti\u011fimiz i\u00e7in k\u00fc\u00e7\u00fclm\u00fc\u015f olabilir: \u201cEvcille\u015ftirme hayvanlarda k\u00fc\u00e7\u00fck beyinlere yol a\u00e7makla kalmaz, ayn\u0131 zamanda d\u00fc\u015f\u00fcnme bi\u00e7imlerini de de\u011fi\u015ftirir.\u201d\u201c\u00c7a\u011fc\u0131l uygarl\u0131k, bir t\u00fcr olarak birdenbire daha kavray\u0131\u015fl\u0131 hale geldi\u011fimiz i\u00e7in ortaya \u00e7\u0131kmad\u0131, daha \u00e7ok, evcille\u015fmenin bir yan \u00fcr\u00fcn\u00fc olan bilgi payla\u015f\u0131m\u0131ndan miras edindi\u011fimiz teknoloji ve bilgi birikimini geli\u015ftirmeyi \u00f6\u011frenmemiz sayesinde olu\u015ftu. Uzun \u00e7ocukluk d\u00f6nemi bilgiyi bir ku\u015faktan di\u011ferine aktarmak i\u00e7in yararl\u0131yd\u0131, ama ba\u015flang\u0131\u00e7ta evrimin bu y\u00f6nde ilerlemesinin nedeni oymaktaki herkesle anla\u015fmay\u0131 \u00f6\u011frenebilmemizi sa\u011flamakt\u0131. Ortak zekan\u0131n geli\u015fimine olanak sa\u011flayan, birlikte uyum i\u00e7inde ya\u015famay\u0131 \u00f6\u011frenme d\u00fcrt\u00fcs\u00fc idi, tersi de\u011fil. Bilgiyi payla\u015farak illa ki daha kavray\u0131\u015fl\u0131 de\u011fil ama daha e\u011fitimli olduk.\u201d <\/p>\n","protected":false},"excerpt":{"rendered":"<p>\u0130nsan beyni, 20.000 y\u0131l\u0131 a\u015fk\u0131n bir s\u00fcredir hacminin bir tenis topu kadar\u0131n\u0131 kaybetti: Tarih\u00f6ncesinde ya\u015fam\u0131\u015f atalar\u0131m\u0131z\u0131n beyni bizim beynimizden b\u00fcy\u00fckt\u00fc. Bu garip bir durum, \u00e7\u00fcnk\u00fc evrimin<span class=\"excerpt-hellip\"> [\u2026]<\/span><\/p>\n","protected":false},"featured_media":0,"template":"","meta":{"_monsterinsights_skip_tracking":false,"_monsterinsights_sitenote_active":false,"_monsterinsights_sitenote_note":"","_monsterinsights_sitenote_category":0},"product_brand":[],"product_cat":[12312,12304],"product_tag":[],"class_list":{"0":"post-705586","1":"product","2":"type-product","3":"status-publish","5":"product_cat-diger","6":"product_cat-tarih","7":"pa_cilt-ciltsiz","8":"pa_tur-kitap","9":"pa_yayinevi-yapi-kredi-yayinlari","10":"pa_yazar-bruce-hood","12":"first","13":"instock","14":"sale","15":"shipping-taxable","16":"purchasable","17":"product-type-simple"},"_links":{"self":[{"href":"https:\/\/roveyayinevi.com.tr\/index.php\/wp-json\/wp\/v2\/product\/705586","targetHints":{"allow":["GET"]}}],"collection":[{"href":"https:\/\/roveyayinevi.com.tr\/index.php\/wp-json\/wp\/v2\/product"}],"about":[{"href":"https:\/\/roveyayinevi.com.tr\/index.php\/wp-json\/wp\/v2\/types\/product"}],"wp:attachment":[{"href":"https:\/\/roveyayinevi.com.tr\/index.php\/wp-json\/wp\/v2\/media?parent=705586"}],"wp:term":[{"taxonomy":"product_brand","embeddable":true,"href":"https:\/\/roveyayinevi.com.tr\/index.php\/wp-json\/wp\/v2\/product_brand?post=705586"},{"taxonomy":"product_cat","embeddable":true,"href":"https:\/\/roveyayinevi.com.tr\/index.php\/wp-json\/wp\/v2\/product_cat?post=705586"},{"taxonomy":"product_tag","embeddable":true,"href":"https:\/\/roveyayinevi.com.tr\/index.php\/wp-json\/wp\/v2\/product_tag?post=705586"}],"curies":[{"name":"wp","href":"https:\/\/api.w.org\/{rel}","templated":true}]}}