{"id":705583,"date":"2025-08-27T15:47:06","date_gmt":"2025-08-27T12:47:06","guid":{"rendered":"https:\/\/roveyayinevi.com.tr\/index.php\/urun\/merak-ediyorum-7-kitap-takim\/"},"modified":"2026-04-16T02:14:25","modified_gmt":"2026-04-15T23:14:25","slug":"merak-ediyorum-7-kitap-takim","status":"publish","type":"product","link":"https:\/\/roveyayinevi.com.tr\/index.php\/urun\/merak-ediyorum-7-kitap-takim\/","title":{"rendered":"Merak Ediyorum (7 Kitap Tak\u0131m)"},"content":{"rendered":"<p>Sorulardan asla korkmay\u0131n! Yap\u0131\u015f\u0131n sorular\u0131n kuyru\u011funa ve \u00e7ekebildi\u011finiz kadar \u00e7ekin. Arkas\u0131ndan kocaman bir cevap gelecektir. Yeter ki, do\u011fru cevaplar\u0131 bulma yolunda engelleri a\u015facak kadar gayret g\u00f6sterin, ara\u015ft\u0131r\u0131n ve okuyun&#8230; <\/p>\n","protected":false},"excerpt":{"rendered":"<p>Sorulardan asla korkmay\u0131n! Yap\u0131\u015f\u0131n sorular\u0131n kuyru\u011funa ve \u00e7ekebildi\u011finiz kadar \u00e7ekin. Arkas\u0131ndan kocaman bir cevap gelecektir. Yeter ki, do\u011fru cevaplar\u0131 bulma yolunda engelleri a\u015facak kadar gayret g\u00f6sterin,<span class=\"excerpt-hellip\"> [\u2026]<\/span><\/p>\n","protected":false},"featured_media":0,"template":"","meta":{"_monsterinsights_skip_tracking":false,"_monsterinsights_sitenote_active":false,"_monsterinsights_sitenote_note":"","_monsterinsights_sitenote_category":0},"product_brand":[],"product_cat":[12274,14573],"product_tag":[],"class_list":{"0":"post-705583","1":"product","2":"type-product","3":"status-publish","5":"product_cat-cocuk-ve-genclik-kitaplari","6":"product_cat-referans-kitaplar-cocuk-ve-genclik-kitaplari","7":"pa_tur-kitap","8":"pa_yayinevi-ugurbocegi-yayinlari","9":"pa_yazar-ozkan-oze","11":"first","12":"instock","13":"sale","14":"shipping-taxable","15":"purchasable","16":"product-type-simple"},"_links":{"self":[{"href":"https:\/\/roveyayinevi.com.tr\/index.php\/wp-json\/wp\/v2\/product\/705583","targetHints":{"allow":["GET"]}}],"collection":[{"href":"https:\/\/roveyayinevi.com.tr\/index.php\/wp-json\/wp\/v2\/product"}],"about":[{"href":"https:\/\/roveyayinevi.com.tr\/index.php\/wp-json\/wp\/v2\/types\/product"}],"wp:attachment":[{"href":"https:\/\/roveyayinevi.com.tr\/index.php\/wp-json\/wp\/v2\/media?parent=705583"}],"wp:term":[{"taxonomy":"product_brand","embeddable":true,"href":"https:\/\/roveyayinevi.com.tr\/index.php\/wp-json\/wp\/v2\/product_brand?post=705583"},{"taxonomy":"product_cat","embeddable":true,"href":"https:\/\/roveyayinevi.com.tr\/index.php\/wp-json\/wp\/v2\/product_cat?post=705583"},{"taxonomy":"product_tag","embeddable":true,"href":"https:\/\/roveyayinevi.com.tr\/index.php\/wp-json\/wp\/v2\/product_tag?post=705583"}],"curies":[{"name":"wp","href":"https:\/\/api.w.org\/{rel}","templated":true}]}}