{"id":705582,"date":"2025-08-27T15:47:05","date_gmt":"2025-08-27T12:47:05","guid":{"rendered":"https:\/\/roveyayinevi.com.tr\/index.php\/urun\/herkes-yazabilir\/"},"modified":"2026-04-16T02:14:25","modified_gmt":"2026-04-15T23:14:25","slug":"herkes-yazabilir","status":"publish","type":"product","link":"https:\/\/roveyayinevi.com.tr\/index.php\/urun\/herkes-yazabilir\/","title":{"rendered":"Herkes Yazabilir"},"content":{"rendered":"<p>E\u011fer bir web siteniz varsa, yay\u0131nc\u0131s\u0131n\u0131z. Sosyal medyay\u0131 kullan\u0131yorsan\u0131z, pazarlama i\u015findesiniz. Hepimiz mesajlar\u0131m\u0131z\u0131 iletmek i\u00e7in kelimelere s\u0131\u011f\u0131n\u0131yoruz. Yani hepimiz yazar\u0131z. <\/p>\n","protected":false},"excerpt":{"rendered":"<p>E\u011fer bir web siteniz varsa, yay\u0131nc\u0131s\u0131n\u0131z. Sosyal medyay\u0131 kullan\u0131yorsan\u0131z, pazarlama i\u015findesiniz. Hepimiz mesajlar\u0131m\u0131z\u0131 iletmek i\u00e7in kelimelere s\u0131\u011f\u0131n\u0131yoruz. Yani hepimiz yazar\u0131z.<\/p>\n","protected":false},"featured_media":0,"template":"","meta":{"_monsterinsights_skip_tracking":false,"_monsterinsights_sitenote_active":false,"_monsterinsights_sitenote_note":"","_monsterinsights_sitenote_category":0},"product_brand":[],"product_cat":[13043,17647],"product_tag":[],"class_list":{"0":"post-705582","1":"product","2":"type-product","3":"status-publish","5":"product_cat-ekonomi","6":"product_cat-is-dunyasi","7":"pa_tur-kitap","8":"pa_yayinevi-mediacat-kitaplari","9":"pa_yazar-ann-handley","11":"first","12":"instock","13":"sale","14":"shipping-taxable","15":"purchasable","16":"product-type-simple"},"_links":{"self":[{"href":"https:\/\/roveyayinevi.com.tr\/index.php\/wp-json\/wp\/v2\/product\/705582","targetHints":{"allow":["GET"]}}],"collection":[{"href":"https:\/\/roveyayinevi.com.tr\/index.php\/wp-json\/wp\/v2\/product"}],"about":[{"href":"https:\/\/roveyayinevi.com.tr\/index.php\/wp-json\/wp\/v2\/types\/product"}],"wp:attachment":[{"href":"https:\/\/roveyayinevi.com.tr\/index.php\/wp-json\/wp\/v2\/media?parent=705582"}],"wp:term":[{"taxonomy":"product_brand","embeddable":true,"href":"https:\/\/roveyayinevi.com.tr\/index.php\/wp-json\/wp\/v2\/product_brand?post=705582"},{"taxonomy":"product_cat","embeddable":true,"href":"https:\/\/roveyayinevi.com.tr\/index.php\/wp-json\/wp\/v2\/product_cat?post=705582"},{"taxonomy":"product_tag","embeddable":true,"href":"https:\/\/roveyayinevi.com.tr\/index.php\/wp-json\/wp\/v2\/product_tag?post=705582"}],"curies":[{"name":"wp","href":"https:\/\/api.w.org\/{rel}","templated":true}]}}