{"id":705580,"date":"2025-08-27T15:47:05","date_gmt":"2025-08-27T12:47:05","guid":{"rendered":"https:\/\/roveyayinevi.com.tr\/index.php\/urun\/osmanli-imparatorlugunda-marjinal-sufilik-kalenderiler-ciltli\/"},"modified":"2026-04-16T02:14:25","modified_gmt":"2026-04-15T23:14:25","slug":"osmanli-imparatorlugunda-marjinal-sufilik-kalenderiler-ciltli","status":"publish","type":"product","link":"https:\/\/roveyayinevi.com.tr\/index.php\/urun\/osmanli-imparatorlugunda-marjinal-sufilik-kalenderiler-ciltli\/","title":{"rendered":"Osmanl\u0131 \u0130mparatorlu\u011fu&#8217;nda Marjinal Sufilik: Kalenderiler (Ciltli)"},"content":{"rendered":"<p>Ahmet Ya\u015far Ocak&#8217;\u0131n eserleri aras\u0131nda belki de beni en fazla etkileyenlerden biri de Kalenderilere dair kitab\u0131d\u0131r. Ben onun yazd\u0131\u011f\u0131 b\u00fct\u00fcn eserleri okudum. Kalenderileri marjinal bir s\u0131filik hareketi olarak anlatt\u0131\u011f\u0131 bu eserinde, bu meselenin bir itikat meselesi olmaktan ziyade, bir sosyoloji meselesi oldu\u011funu a\u00e7\u0131k bir \u015fekilde ortaya koymaktad\u0131r. Bu konular\u0131 ara\u015ft\u0131r\u0131rken ilahiyat\u00e7\u0131 g\u00f6z\u00fcyle de\u011fil, sosyolog ve tarih\u00e7i g\u00f6z\u00fcyle bakmak gerekti\u011fini onda g\u00f6rd\u00fcm. Ocak&#8217;\u0131n Kalenderiler \u00fczerine yazd\u0131\u011f\u0131 bu eser adeta bir metodoloji modelidir ve beni bu a\u00e7\u0131dan en fazla etkileyen eserdir.- Taha AkyolBug\u00fcne kadar Bekta\u015filik \u00fczerinde bir\u00e7ok ara\u015ft\u0131rma yay\u0131mlanm\u0131\u015f olmas\u0131na kar\u015f\u0131l\u0131k, ona temel olu\u015fturan \u00e7ok daha geni\u015f \u00e7apl\u0131, orta ve yeni\u00e7a\u011flar \u0130slam d\u00fcnyas\u0131n\u0131n pek \u00e7ok yerine yay\u0131lm\u0131\u015f bir tasavvuf ak\u0131m\u0131 ve me\u015frebi olan Kalender\u00eeli\u011fin yak\u0131n zamanlara kadar devre d\u0131\u015f\u0131 kalmas\u0131 \u00f6nemli bir eksiklik olmu\u015ftur. Sebebi, bu ilgin\u00e7 ve m\u00fchim protest sufili\u011fin mahiyet ve \u00f6neminin yeterince anla\u015f\u0131lmam\u0131\u015f bulunmas\u0131d\u0131r. Ocak\u2019\u0131n Osmanl\u0131 \u0130mparatorlu\u011fu\u2019nda Marjinal Sufilik: Kalenderiler adl\u0131 eldeki bu eseri, tasavvuf tarihinde Kalenderlerin, Kalenderili\u011fin ve onun \u00e7er\u00e7evresinde v\u00fccut bulmu\u015f mistik te\u015fekk\u00fcllerin, Osmanl\u0131 sahas\u0131nda XVII. asra kadarki tarihi maceras\u0131n\u0131n hikayesidir. Bu alanda yay\u0131mlanm\u0131\u015f ilk monografi olma \u00f6zelli\u011fini de ta\u015f\u0131yan bu \u00e7al\u0131\u015fmayla t\u00fcm tarih merakl\u0131lar\u0131 \u201cya\u015fad\u0131\u011f\u0131m\u0131z topraklar\u0131n tarihi\u201dnin ilgin\u00e7 ve merakl\u0131, ama ayn\u0131 zamanda n\u00fchim bir kesitini tan\u0131yacak.<\/p>\n","protected":false},"excerpt":{"rendered":"<p>Ahmet Ya\u015far Ocak&#8217;\u0131n eserleri aras\u0131nda belki de beni en fazla etkileyenlerden biri de Kalenderilere dair kitab\u0131d\u0131r. Ben onun yazd\u0131\u011f\u0131 b\u00fct\u00fcn eserleri okudum. Kalenderileri marjinal bir s\u0131filik<span class=\"excerpt-hellip\"> [\u2026]<\/span><\/p>\n","protected":false},"featured_media":0,"template":"","meta":{"_monsterinsights_skip_tracking":false,"_monsterinsights_sitenote_active":false,"_monsterinsights_sitenote_note":"","_monsterinsights_sitenote_category":0},"product_brand":[],"product_cat":[13517,12304],"product_tag":[],"class_list":{"0":"post-705580","1":"product","2":"type-product","3":"status-publish","5":"product_cat-osmanli-tarihi","6":"product_cat-tarih","7":"pa_cilt-ciltli","8":"pa_tur-kitap","9":"pa_yayinevi-timas-yayinlari","10":"pa_yazar-ahmet-yasar-ocak","12":"first","13":"instock","14":"sale","15":"shipping-taxable","16":"purchasable","17":"product-type-simple"},"_links":{"self":[{"href":"https:\/\/roveyayinevi.com.tr\/index.php\/wp-json\/wp\/v2\/product\/705580","targetHints":{"allow":["GET"]}}],"collection":[{"href":"https:\/\/roveyayinevi.com.tr\/index.php\/wp-json\/wp\/v2\/product"}],"about":[{"href":"https:\/\/roveyayinevi.com.tr\/index.php\/wp-json\/wp\/v2\/types\/product"}],"wp:attachment":[{"href":"https:\/\/roveyayinevi.com.tr\/index.php\/wp-json\/wp\/v2\/media?parent=705580"}],"wp:term":[{"taxonomy":"product_brand","embeddable":true,"href":"https:\/\/roveyayinevi.com.tr\/index.php\/wp-json\/wp\/v2\/product_brand?post=705580"},{"taxonomy":"product_cat","embeddable":true,"href":"https:\/\/roveyayinevi.com.tr\/index.php\/wp-json\/wp\/v2\/product_cat?post=705580"},{"taxonomy":"product_tag","embeddable":true,"href":"https:\/\/roveyayinevi.com.tr\/index.php\/wp-json\/wp\/v2\/product_tag?post=705580"}],"curies":[{"name":"wp","href":"https:\/\/api.w.org\/{rel}","templated":true}]}}