{"id":705578,"date":"2025-08-27T15:47:04","date_gmt":"2025-08-27T12:47:04","guid":{"rendered":"https:\/\/roveyayinevi.com.tr\/index.php\/urun\/ayi-ve-arilar-degerler-egitimi-serisi-7\/"},"modified":"2026-04-16T02:14:25","modified_gmt":"2026-04-15T23:14:25","slug":"ayi-ve-arilar-degerler-egitimi-serisi-7","status":"publish","type":"product","link":"https:\/\/roveyayinevi.com.tr\/index.php\/urun\/ayi-ve-arilar-degerler-egitimi-serisi-7\/","title":{"rendered":"Ay\u0131 ve Ar\u0131lar &#8211; De\u011ferler E\u011fitimi Serisi 7"},"content":{"rendered":"<p>De\u011ferler E\u011fitimi Serisi &#8211; 7 Tonton ay\u0131n\u0131n karn\u0131 ac\u0131km\u0131\u015f. Irma\u011fa gidip bal\u0131k yakalamaya \u00e7al\u0131\u015fm\u0131\u015f ama ba\u015faramam\u0131\u015f. Ormana gidip bir ar\u0131 kovan\u0131 bulmu\u015f, \u00e7\u00fcnk\u00fc bal\u0131 \u00e7ok severmi\u015f. Tonton ay\u0131 a\u011faca t\u0131rmanm\u0131\u015f, tam kovana ula\u015ft\u0131\u011f\u0131 anda ar\u0131lar v\u0131z v\u0131z v\u0131z\u0131ldam\u0131\u015flar, ay\u0131y\u0131 kovalamaya ba\u015flam\u0131\u015flar. Ay\u0131 ka\u00e7maya ba\u015flay\u0131nca da olanlar olmu\u015f. K\u00fc\u00e7\u00fck okurlar\u0131m\u0131z\u0131n yak\u0131ndan tan\u0131d\u0131\u011f\u0131 Koray Avc\u0131 \u00c7akman, De\u011ferler E\u011fitimi Serisi\u2019nin yedinci kitab\u0131nda ho\u015fg\u00f6r\u00fcl\u00fc olmay\u0131 \u00e7ok e\u011flenceli bir \u00f6yk\u00fcyle anlat\u0131yor. Mehmet Akif Kaynar\u2019\u0131n ne\u015feli \u00e7izimleriyle&#8230; <\/p>\n","protected":false},"excerpt":{"rendered":"<p>De\u011ferler E\u011fitimi Serisi &#8211; 7 Tonton ay\u0131n\u0131n karn\u0131 ac\u0131km\u0131\u015f. Irma\u011fa gidip bal\u0131k yakalamaya \u00e7al\u0131\u015fm\u0131\u015f ama ba\u015faramam\u0131\u015f. Ormana gidip bir ar\u0131 kovan\u0131 bulmu\u015f, \u00e7\u00fcnk\u00fc bal\u0131 \u00e7ok severmi\u015f.<span class=\"excerpt-hellip\"> [\u2026]<\/span><\/p>\n","protected":false},"featured_media":0,"template":"","meta":{"_monsterinsights_skip_tracking":false,"_monsterinsights_sitenote_active":false,"_monsterinsights_sitenote_note":"","_monsterinsights_sitenote_category":0},"product_brand":[],"product_cat":[12274,12518],"product_tag":[],"class_list":{"0":"post-705578","1":"product","2":"type-product","3":"status-publish","5":"product_cat-cocuk-ve-genclik-kitaplari","6":"product_cat-okul-oncesi-kitaplar","7":"pa_cilt-ciltsiz","8":"pa_tur-kitap","9":"pa_yayinevi-kirmizi-kedi-yayinevi","10":"pa_yazar-koray-avci-cakman","12":"first","13":"instock","14":"sale","15":"shipping-taxable","16":"purchasable","17":"product-type-simple"},"_links":{"self":[{"href":"https:\/\/roveyayinevi.com.tr\/index.php\/wp-json\/wp\/v2\/product\/705578","targetHints":{"allow":["GET"]}}],"collection":[{"href":"https:\/\/roveyayinevi.com.tr\/index.php\/wp-json\/wp\/v2\/product"}],"about":[{"href":"https:\/\/roveyayinevi.com.tr\/index.php\/wp-json\/wp\/v2\/types\/product"}],"wp:attachment":[{"href":"https:\/\/roveyayinevi.com.tr\/index.php\/wp-json\/wp\/v2\/media?parent=705578"}],"wp:term":[{"taxonomy":"product_brand","embeddable":true,"href":"https:\/\/roveyayinevi.com.tr\/index.php\/wp-json\/wp\/v2\/product_brand?post=705578"},{"taxonomy":"product_cat","embeddable":true,"href":"https:\/\/roveyayinevi.com.tr\/index.php\/wp-json\/wp\/v2\/product_cat?post=705578"},{"taxonomy":"product_tag","embeddable":true,"href":"https:\/\/roveyayinevi.com.tr\/index.php\/wp-json\/wp\/v2\/product_tag?post=705578"}],"curies":[{"name":"wp","href":"https:\/\/api.w.org\/{rel}","templated":true}]}}