{"id":705576,"date":"2025-08-27T15:47:03","date_gmt":"2025-08-27T12:47:03","guid":{"rendered":"https:\/\/roveyayinevi.com.tr\/index.php\/urun\/bulut-ve-dinozor-t-rex\/"},"modified":"2026-04-08T02:19:16","modified_gmt":"2026-04-07T23:19:16","slug":"bulut-ve-dinozor-t-rex","status":"publish","type":"product","link":"https:\/\/roveyayinevi.com.tr\/index.php\/urun\/bulut-ve-dinozor-t-rex\/","title":{"rendered":"Bulut ve Dinozor T-Rex"},"content":{"rendered":"<p>Bulut, dinozorlar\u0131 \u00e7ok seviyordu. Bir s\u00fcr\u00fc oyunca\u011f\u0131 vard\u0131 ama o her zaman besleyebilece\u011fi, oyun oynayabilece\u011fi ger\u00e7ek bir T-Rex\u2019in hayalini kuruyordu. Kitaplardan \u00f6\u011frendi\u011fi kadar\u0131yla dinozorlar art\u0131k ya\u015fam\u0131yordu. Ancak D\u00fcnya\u2019n\u0131n \u00e7e\u015fitli yerlerinde \u00e7ok farkl\u0131 dinozor fosilleri, yani kemikleri bulundu\u011funu okumu\u015ftu. Ailesiyle birlikte ormanda gezintiye \u00e7\u0131kan Bulut, bir fosil bulabilecek mi dersiniz? \ufffcTan\u0131t\u0131m Metni<\/p>\n","protected":false},"excerpt":{"rendered":"<p>Bulut, dinozorlar\u0131 \u00e7ok seviyordu. Bir s\u00fcr\u00fc oyunca\u011f\u0131 vard\u0131 ama o her zaman besleyebilece\u011fi, oyun oynayabilece\u011fi ger\u00e7ek bir T-Rex\u2019in hayalini kuruyordu. Kitaplardan \u00f6\u011frendi\u011fi kadar\u0131yla dinozorlar art\u0131k ya\u015fam\u0131yordu.<span class=\"excerpt-hellip\"> [\u2026]<\/span><\/p>\n","protected":false},"featured_media":0,"template":"","meta":{"_monsterinsights_skip_tracking":false,"_monsterinsights_sitenote_active":false,"_monsterinsights_sitenote_note":"","_monsterinsights_sitenote_category":0},"product_brand":[],"product_cat":[12275,12274],"product_tag":[],"class_list":{"0":"post-705576","1":"product","2":"type-product","3":"status-publish","5":"product_cat-6-12-yas-kitaplari","6":"product_cat-cocuk-ve-genclik-kitaplari","7":"pa_cilt-ciltsiz","8":"pa_tur-kitap","9":"pa_yayinevi-kirmizi-kedi-yayinevi","10":"pa_yazar-burcu-bahar","12":"first","13":"instock","14":"sale","15":"shipping-taxable","16":"purchasable","17":"product-type-simple"},"_links":{"self":[{"href":"https:\/\/roveyayinevi.com.tr\/index.php\/wp-json\/wp\/v2\/product\/705576","targetHints":{"allow":["GET"]}}],"collection":[{"href":"https:\/\/roveyayinevi.com.tr\/index.php\/wp-json\/wp\/v2\/product"}],"about":[{"href":"https:\/\/roveyayinevi.com.tr\/index.php\/wp-json\/wp\/v2\/types\/product"}],"wp:attachment":[{"href":"https:\/\/roveyayinevi.com.tr\/index.php\/wp-json\/wp\/v2\/media?parent=705576"}],"wp:term":[{"taxonomy":"product_brand","embeddable":true,"href":"https:\/\/roveyayinevi.com.tr\/index.php\/wp-json\/wp\/v2\/product_brand?post=705576"},{"taxonomy":"product_cat","embeddable":true,"href":"https:\/\/roveyayinevi.com.tr\/index.php\/wp-json\/wp\/v2\/product_cat?post=705576"},{"taxonomy":"product_tag","embeddable":true,"href":"https:\/\/roveyayinevi.com.tr\/index.php\/wp-json\/wp\/v2\/product_tag?post=705576"}],"curies":[{"name":"wp","href":"https:\/\/api.w.org\/{rel}","templated":true}]}}