{"id":705573,"date":"2025-08-27T15:47:02","date_gmt":"2025-08-27T12:47:02","guid":{"rendered":"https:\/\/roveyayinevi.com.tr\/index.php\/urun\/antropolojiye-giris\/"},"modified":"2026-04-16T02:14:25","modified_gmt":"2026-04-15T23:14:25","slug":"antropolojiye-giris","status":"publish","type":"product","link":"https:\/\/roveyayinevi.com.tr\/index.php\/urun\/antropolojiye-giris\/","title":{"rendered":"Antropolojiye Giri\u015f"},"content":{"rendered":"<p>&#8220;Antropologlar ayn\u0131 zamanda birer hikaye anlat\u0131c\u0131s\u0131d\u0131rlar. Ortak paydalar\u0131 ise fiilen orada olmalar\u0131d\u0131r. \u0130\u015fte bu yakla\u015f\u0131m, antropolojiyi di\u011fer sosyal bilimlerden ay\u0131ran yakla\u015f\u0131md\u0131r.&#8221;Antropolojiye Giri\u015f: K\u00fclt\u00fcr ve Mekan Hikayeleri olduk\u00e7a kendine has bir antropoloji ders kitab\u0131. K\u00fclt\u00fcrler ve kavramlar \u00fczerine bir olgu y\u0131\u011f\u0131n\u0131 sunmak yerine, \u00f6\u011frencilerin antropolojiyi belirli zamanlardaki ve mekanlardaki k\u00fclt\u00fcrel kar\u015f\u0131la\u015fmalardan ortaya \u00e7\u0131kan bir dizi hikaye \u00fczerinden d\u00fc\u015f\u00fcnmelerini ama\u00e7l\u0131yor. Antropoloji disiplinini klasik eserlerinden \u00e7a\u011fda\u015f etnografi \u00f6rneklerine, kutsal kitaplardaki hikayelerden bireysel deneyimlere kadar uzanan hikayelere dayanarak anlatan kitap, antropolojinin bug\u00fcn de dinamik bir sosyal bilim olarak okunmas\u0131n\u0131 sa\u011fl\u0131yor.&#8221;Klasik ve g\u00fcncel etnografik \u00f6rnek olaylar\u0131 dinamik bir antropolojik bak\u0131\u015f a\u00e7\u0131s\u0131yla bir araya getiren Antropolojiye Giri\u015f: K\u00fclt\u00fcr ve Mekan Hikayeleri antropolojinin tarihsel geli\u015fimi ve bug\u00fcnk\u00fc ge\u00e7erlili\u011fi \u00fczerine s\u0131rad\u0131\u015f\u0131 bir antropolojiye giri\u015f kitab\u0131. \u00d6\u011frencilerin kitab\u0131n a\u00e7\u0131k se\u00e7ikli\u011fi, ak\u0131c\u0131l\u0131\u011f\u0131 ve meseleleri ele al\u0131\u015f bi\u00e7imini be\u011fenece\u011fini, e\u011fitimcilerin ise bu t\u00fcrden keyifli bir giri\u015f kitab\u0131yla kendilerini rahat hissedece\u011fini tahmin ediyorum.&#8221;- Andrew Walsh, Western \u00dcniversitesi&#8221;Ders kitaplar\u0131n\u0131 ve \u00f6zellikle de antropoloji ders kitaplar\u0131n\u0131 sevmem. Bu kitaplar genellikle disiplini ya\u015fam\u0131n canl\u0131l\u0131\u011f\u0131n\u0131n d\u0131\u015f\u0131nda ele al\u0131rlar. Bu kitap ise farkl\u0131. Tarihsel anlat\u0131lar\u0131 g\u00fcncel \u00f6rneklerle harmanl\u0131yor ve ge\u00e7mi\u015fle bug\u00fcn\u00fc bir araya getirerek antropolojiye can veriyor.&#8221;- Jan Newberry, Lethbridge \u00dcniversitesi<\/p>\n","protected":false},"excerpt":{"rendered":"<p>&#8220;Antropologlar ayn\u0131 zamanda birer hikaye anlat\u0131c\u0131s\u0131d\u0131rlar. Ortak paydalar\u0131 ise fiilen orada olmalar\u0131d\u0131r. \u0130\u015fte bu yakla\u015f\u0131m, antropolojiyi di\u011fer sosyal bilimlerden ay\u0131ran yakla\u015f\u0131md\u0131r.&#8221;Antropolojiye Giri\u015f: K\u00fclt\u00fcr ve Mekan Hikayeleri<span class=\"excerpt-hellip\"> [\u2026]<\/span><\/p>\n","protected":false},"featured_media":0,"template":"","meta":{"_monsterinsights_skip_tracking":false,"_monsterinsights_sitenote_active":false,"_monsterinsights_sitenote_note":"","_monsterinsights_sitenote_category":0},"product_brand":[],"product_cat":[15499,13488],"product_tag":[],"class_list":{"0":"post-705573","1":"product","2":"type-product","3":"status-publish","5":"product_cat-antropoloji","6":"product_cat-toplum-ve-insan","7":"pa_cilt-ciltsiz","8":"pa_tur-kitap","9":"pa_yayinevi-dipnot-yayinlari","10":"pa_yazar-kirsten-smille","11":"pa_yazar-michael-g-kenny","13":"first","14":"instock","15":"sale","16":"shipping-taxable","17":"purchasable","18":"product-type-simple"},"_links":{"self":[{"href":"https:\/\/roveyayinevi.com.tr\/index.php\/wp-json\/wp\/v2\/product\/705573","targetHints":{"allow":["GET"]}}],"collection":[{"href":"https:\/\/roveyayinevi.com.tr\/index.php\/wp-json\/wp\/v2\/product"}],"about":[{"href":"https:\/\/roveyayinevi.com.tr\/index.php\/wp-json\/wp\/v2\/types\/product"}],"wp:attachment":[{"href":"https:\/\/roveyayinevi.com.tr\/index.php\/wp-json\/wp\/v2\/media?parent=705573"}],"wp:term":[{"taxonomy":"product_brand","embeddable":true,"href":"https:\/\/roveyayinevi.com.tr\/index.php\/wp-json\/wp\/v2\/product_brand?post=705573"},{"taxonomy":"product_cat","embeddable":true,"href":"https:\/\/roveyayinevi.com.tr\/index.php\/wp-json\/wp\/v2\/product_cat?post=705573"},{"taxonomy":"product_tag","embeddable":true,"href":"https:\/\/roveyayinevi.com.tr\/index.php\/wp-json\/wp\/v2\/product_tag?post=705573"}],"curies":[{"name":"wp","href":"https:\/\/api.w.org\/{rel}","templated":true}]}}