{"id":705571,"date":"2025-08-27T15:47:01","date_gmt":"2025-08-27T12:47:01","guid":{"rendered":"https:\/\/roveyayinevi.com.tr\/index.php\/urun\/astroloji-ile-dogru-esi-sec\/"},"modified":"2026-04-16T02:14:25","modified_gmt":"2026-04-15T23:14:25","slug":"astroloji-ile-dogru-esi-sec","status":"publish","type":"product","link":"https:\/\/roveyayinevi.com.tr\/index.php\/urun\/astroloji-ile-dogru-esi-sec\/","title":{"rendered":"Astroloji ile Do\u011fru E\u015fi Se\u00e7"},"content":{"rendered":"<p>\u00dclkemizde astroloji denildi\u011finde akla gelen ilk isimlerden biri olan astrolog Didem \u015earman, Astroloji ile Do\u011fru E\u015fi Se\u00e7\u2019te \u00e7iftlerin birbirleriyle olan uyumlar\u0131n\u0131 y\u0131ld\u0131zlar\u0131n konumlar\u0131na, ili\u015fkilerine, a\u00e7\u0131lar\u0131na ve evlerine bakarak a\u00e7\u0131kl\u0131yor. <\/p>\n","protected":false},"excerpt":{"rendered":"<p>\u00dclkemizde astroloji denildi\u011finde akla gelen ilk isimlerden biri olan astrolog Didem \u015earman, Astroloji ile Do\u011fru E\u015fi Se\u00e7\u2019te \u00e7iftlerin birbirleriyle olan uyumlar\u0131n\u0131 y\u0131ld\u0131zlar\u0131n konumlar\u0131na, ili\u015fkilerine, a\u00e7\u0131lar\u0131na ve<span class=\"excerpt-hellip\"> [\u2026]<\/span><\/p>\n","protected":false},"featured_media":0,"template":"","meta":{"_monsterinsights_skip_tracking":false,"_monsterinsights_sitenote_active":false,"_monsterinsights_sitenote_note":"","_monsterinsights_sitenote_category":0},"product_brand":[],"product_cat":[19840,12364],"product_tag":[],"class_list":{"0":"post-705571","1":"product","2":"type-product","3":"status-publish","5":"product_cat-astroloji","6":"product_cat-genel-konular","7":"pa_cilt-ciltsiz","8":"pa_tur-kitap","9":"pa_yayinevi-inkilap-kitabevi","10":"pa_yazar-didem-sarman","12":"first","13":"instock","14":"sale","15":"shipping-taxable","16":"purchasable","17":"product-type-simple"},"_links":{"self":[{"href":"https:\/\/roveyayinevi.com.tr\/index.php\/wp-json\/wp\/v2\/product\/705571","targetHints":{"allow":["GET"]}}],"collection":[{"href":"https:\/\/roveyayinevi.com.tr\/index.php\/wp-json\/wp\/v2\/product"}],"about":[{"href":"https:\/\/roveyayinevi.com.tr\/index.php\/wp-json\/wp\/v2\/types\/product"}],"wp:attachment":[{"href":"https:\/\/roveyayinevi.com.tr\/index.php\/wp-json\/wp\/v2\/media?parent=705571"}],"wp:term":[{"taxonomy":"product_brand","embeddable":true,"href":"https:\/\/roveyayinevi.com.tr\/index.php\/wp-json\/wp\/v2\/product_brand?post=705571"},{"taxonomy":"product_cat","embeddable":true,"href":"https:\/\/roveyayinevi.com.tr\/index.php\/wp-json\/wp\/v2\/product_cat?post=705571"},{"taxonomy":"product_tag","embeddable":true,"href":"https:\/\/roveyayinevi.com.tr\/index.php\/wp-json\/wp\/v2\/product_tag?post=705571"}],"curies":[{"name":"wp","href":"https:\/\/api.w.org\/{rel}","templated":true}]}}