{"id":705569,"date":"2025-08-27T15:47:00","date_gmt":"2025-08-27T12:47:00","guid":{"rendered":"https:\/\/roveyayinevi.com.tr\/index.php\/urun\/yanardaglar\/"},"modified":"2026-04-16T02:14:25","modified_gmt":"2026-04-15T23:14:25","slug":"yanardaglar","status":"publish","type":"product","link":"https:\/\/roveyayinevi.com.tr\/index.php\/urun\/yanardaglar\/","title":{"rendered":"Yanarda\u011flar"},"content":{"rendered":"<p>Deniz taban\u0131ndaki bacalardan, so\u011fuyan magman\u0131n olu\u015fturdu\u011fu adalara kadar, yanarda\u011flar hakk\u0131nda bilmek istedi\u011finiz her \u015fey i\u00e7in harika bir el kitab\u0131. K\u00fc\u00e7\u00fck bilim insanlar\u0131m\u0131z buna bay\u0131lacak! <\/p>\n","protected":false},"excerpt":{"rendered":"<p>Deniz taban\u0131ndaki bacalardan, so\u011fuyan magman\u0131n olu\u015fturdu\u011fu adalara kadar, yanarda\u011flar hakk\u0131nda bilmek istedi\u011finiz her \u015fey i\u00e7in harika bir el kitab\u0131. K\u00fc\u00e7\u00fck bilim insanlar\u0131m\u0131z buna bay\u0131lacak!<\/p>\n","protected":false},"featured_media":0,"template":"","meta":{"_monsterinsights_skip_tracking":false,"_monsterinsights_sitenote_active":false,"_monsterinsights_sitenote_note":"","_monsterinsights_sitenote_category":0},"product_brand":[],"product_cat":[13829,12274],"product_tag":[],"class_list":{"0":"post-705569","1":"product","2":"type-product","3":"status-publish","5":"product_cat-bilimsel-kitaplar","6":"product_cat-cocuk-ve-genclik-kitaplari","7":"pa_tur-kitap","8":"pa_yayinevi-odtu-gelistirme-vakfi-yayincilik","9":"pa_yazar-emmanuella-figueras","11":"first","12":"instock","13":"sale","14":"shipping-taxable","15":"purchasable","16":"product-type-simple"},"_links":{"self":[{"href":"https:\/\/roveyayinevi.com.tr\/index.php\/wp-json\/wp\/v2\/product\/705569","targetHints":{"allow":["GET"]}}],"collection":[{"href":"https:\/\/roveyayinevi.com.tr\/index.php\/wp-json\/wp\/v2\/product"}],"about":[{"href":"https:\/\/roveyayinevi.com.tr\/index.php\/wp-json\/wp\/v2\/types\/product"}],"wp:attachment":[{"href":"https:\/\/roveyayinevi.com.tr\/index.php\/wp-json\/wp\/v2\/media?parent=705569"}],"wp:term":[{"taxonomy":"product_brand","embeddable":true,"href":"https:\/\/roveyayinevi.com.tr\/index.php\/wp-json\/wp\/v2\/product_brand?post=705569"},{"taxonomy":"product_cat","embeddable":true,"href":"https:\/\/roveyayinevi.com.tr\/index.php\/wp-json\/wp\/v2\/product_cat?post=705569"},{"taxonomy":"product_tag","embeddable":true,"href":"https:\/\/roveyayinevi.com.tr\/index.php\/wp-json\/wp\/v2\/product_tag?post=705569"}],"curies":[{"name":"wp","href":"https:\/\/api.w.org\/{rel}","templated":true}]}}