{"id":705568,"date":"2025-08-27T15:47:00","date_gmt":"2025-08-27T12:47:00","guid":{"rendered":"https:\/\/roveyayinevi.com.tr\/index.php\/urun\/gel-sana-aski-anlatiyim\/"},"modified":"2026-04-16T02:14:25","modified_gmt":"2026-04-15T23:14:25","slug":"gel-sana-aski-anlatiyim","status":"publish","type":"product","link":"https:\/\/roveyayinevi.com.tr\/index.php\/urun\/gel-sana-aski-anlatiyim\/","title":{"rendered":"Gel Sana A\u015fk\u0131 Anlat\u0131y\u0131m"},"content":{"rendered":"<p>\u201cKim bir M\u00fcsl\u00fcman\u2019\u0131n hayat\u0131n\u0131 anlat\u0131rsa ona yeniden hayat vermi\u015f gibi olur\u201d s\u00f6z\u00fc geliyor hat\u0131r\u0131ma. Ki \u00f6yledir ve \u00f6yle olmal\u0131d\u0131r da. Zira \u00f6lmeyen \u00f6l\u00fcler vard\u0131r. \u0130\u015fte bu kitap da onlardan birini, Anadolu\u2019nun maneviyat\u0131na temel olmu\u015f, g\u00f6n\u00fcl lisan\u0131m\u0131za ses, medeniyet mefk\u00fbremize nefes olmu\u015f birini Emir Sultan Hazretlerini anlat\u0131yor. Okuyan tarihi olarak Osmanl\u0131\u2019n\u0131n beylikten devlete d\u00f6n\u00fc\u015f\u00fcn\u00fc ve hatta bir imparatorlu\u011fun do\u011fum sanc\u0131lar\u0131n\u0131 hissedecektir i\u00e7inde ve manevi dinamiklerini sat\u0131r sat\u0131r bulacakt\u0131r bu kitapta. Ama bundan belki de daha \u00f6nemlisi o medeniyetin manevi s\u00fctunlar\u0131n\u0131 ve mimarlar\u0131n\u0131 okuyacak, Emir Sultan\u2019\u0131 tan\u0131rken esasen \u00e7a\u011f\u0131n\u0131 a\u015fan bir gaye ve bir ideal ile kar\u015f\u0131 kar\u015f\u0131ya olacakt\u0131r. Daha a\u00e7\u0131k s\u00f6ylemek gerekirse bir g\u00f6n\u00fcl devletinin nas\u0131l kuruldu\u011funu hissedecektir ve gen\u00e7 bir yazar\u0131n g\u00f6z\u00fcnden girecektir o \u00e2leme. Belki de en \u00e7ok da bu taraf\u0131 i\u00e7in okunmal\u0131d\u0131r bu roman. <\/p>\n","protected":false},"excerpt":{"rendered":"<p>\u201cKim bir M\u00fcsl\u00fcman\u2019\u0131n hayat\u0131n\u0131 anlat\u0131rsa ona yeniden hayat vermi\u015f gibi olur\u201d s\u00f6z\u00fc geliyor hat\u0131r\u0131ma. Ki \u00f6yledir ve \u00f6yle olmal\u0131d\u0131r da. Zira \u00f6lmeyen \u00f6l\u00fcler vard\u0131r. \u0130\u015fte bu<span class=\"excerpt-hellip\"> [\u2026]<\/span><\/p>\n","protected":false},"featured_media":0,"template":"","meta":{"_monsterinsights_skip_tracking":false,"_monsterinsights_sitenote_active":false,"_monsterinsights_sitenote_note":"","_monsterinsights_sitenote_category":0},"product_brand":[],"product_cat":[12718,18102,12719],"product_tag":[],"class_list":{"0":"post-705568","1":"product","2":"type-product","3":"status-publish","5":"product_cat-din","6":"product_cat-edebiyat-roman","7":"product_cat-islam","8":"pa_tur-kitap","9":"pa_yayinevi-nesil-yayinlari","10":"pa_yazar-hakan-basturk","12":"first","13":"instock","14":"sale","15":"shipping-taxable","16":"purchasable","17":"product-type-simple"},"_links":{"self":[{"href":"https:\/\/roveyayinevi.com.tr\/index.php\/wp-json\/wp\/v2\/product\/705568","targetHints":{"allow":["GET"]}}],"collection":[{"href":"https:\/\/roveyayinevi.com.tr\/index.php\/wp-json\/wp\/v2\/product"}],"about":[{"href":"https:\/\/roveyayinevi.com.tr\/index.php\/wp-json\/wp\/v2\/types\/product"}],"wp:attachment":[{"href":"https:\/\/roveyayinevi.com.tr\/index.php\/wp-json\/wp\/v2\/media?parent=705568"}],"wp:term":[{"taxonomy":"product_brand","embeddable":true,"href":"https:\/\/roveyayinevi.com.tr\/index.php\/wp-json\/wp\/v2\/product_brand?post=705568"},{"taxonomy":"product_cat","embeddable":true,"href":"https:\/\/roveyayinevi.com.tr\/index.php\/wp-json\/wp\/v2\/product_cat?post=705568"},{"taxonomy":"product_tag","embeddable":true,"href":"https:\/\/roveyayinevi.com.tr\/index.php\/wp-json\/wp\/v2\/product_tag?post=705568"}],"curies":[{"name":"wp","href":"https:\/\/api.w.org\/{rel}","templated":true}]}}