{"id":705566,"date":"2025-08-27T15:46:59","date_gmt":"2025-08-27T12:46:59","guid":{"rendered":"https:\/\/roveyayinevi.com.tr\/index.php\/urun\/elric-tanelornu-kurtarmak\/"},"modified":"2026-04-16T02:14:25","modified_gmt":"2026-04-15T23:14:25","slug":"elric-tanelornu-kurtarmak","status":"publish","type":"product","link":"https:\/\/roveyayinevi.com.tr\/index.php\/urun\/elric-tanelornu-kurtarmak\/","title":{"rendered":"Elric: Tanelorn&#8217;u Kurtarmak"},"content":{"rendered":"<p>\u201cF\u0131rt\u0131nayaratan bir pusulan\u0131n i\u011fnesi gibi d\u00f6nd\u00fc ve Elric\u2019in hissiz kolu da onunla birlikte hareket etti. K\u0131l\u0131\u00e7, Kaos\u2019un sekiz noktas\u0131n\u0131 \u00e7izermi\u015f gibi sekiz y\u00f6ne do\u011fru savruldu. Av kokusu alm\u0131\u015f bir k\u00f6pek gibi aray\u0131\u015f i\u00e7indeydi. Sonra k\u0131l\u0131c\u0131n garip metalinin i\u00e7inden bir hayk\u0131r\u0131\u015f y\u00fckseldi; Elric bunun zevk dolu bir \u00e7\u0131\u011fl\u0131k oldu\u011funu biliyordu.\u201d <\/p>\n","protected":false},"excerpt":{"rendered":"<p>\u201cF\u0131rt\u0131nayaratan bir pusulan\u0131n i\u011fnesi gibi d\u00f6nd\u00fc ve Elric\u2019in hissiz kolu da onunla birlikte hareket etti. K\u0131l\u0131\u00e7, Kaos\u2019un sekiz noktas\u0131n\u0131 \u00e7izermi\u015f gibi sekiz y\u00f6ne do\u011fru savruldu. Av<span class=\"excerpt-hellip\"> [\u2026]<\/span><\/p>\n","protected":false},"featured_media":0,"template":"","meta":{"_monsterinsights_skip_tracking":false,"_monsterinsights_sitenote_active":false,"_monsterinsights_sitenote_note":"","_monsterinsights_sitenote_category":0},"product_brand":[],"product_cat":[12291,14777],"product_tag":[],"class_list":{"0":"post-705566","1":"product","2":"type-product","3":"status-publish","5":"product_cat-edebiyat","6":"product_cat-fantastik","7":"pa_cilt-ciltsiz","8":"pa_tur-kitap","9":"pa_yayinevi-ithaki-yayinlari","10":"pa_yazar-michael-moorcock","12":"first","13":"instock","14":"sale","15":"shipping-taxable","16":"purchasable","17":"product-type-simple"},"_links":{"self":[{"href":"https:\/\/roveyayinevi.com.tr\/index.php\/wp-json\/wp\/v2\/product\/705566","targetHints":{"allow":["GET"]}}],"collection":[{"href":"https:\/\/roveyayinevi.com.tr\/index.php\/wp-json\/wp\/v2\/product"}],"about":[{"href":"https:\/\/roveyayinevi.com.tr\/index.php\/wp-json\/wp\/v2\/types\/product"}],"wp:attachment":[{"href":"https:\/\/roveyayinevi.com.tr\/index.php\/wp-json\/wp\/v2\/media?parent=705566"}],"wp:term":[{"taxonomy":"product_brand","embeddable":true,"href":"https:\/\/roveyayinevi.com.tr\/index.php\/wp-json\/wp\/v2\/product_brand?post=705566"},{"taxonomy":"product_cat","embeddable":true,"href":"https:\/\/roveyayinevi.com.tr\/index.php\/wp-json\/wp\/v2\/product_cat?post=705566"},{"taxonomy":"product_tag","embeddable":true,"href":"https:\/\/roveyayinevi.com.tr\/index.php\/wp-json\/wp\/v2\/product_tag?post=705566"}],"curies":[{"name":"wp","href":"https:\/\/api.w.org\/{rel}","templated":true}]}}