{"id":705564,"date":"2025-08-27T15:46:58","date_gmt":"2025-08-27T12:46:58","guid":{"rendered":"https:\/\/roveyayinevi.com.tr\/index.php\/urun\/onder-caglarin-ozlemi\/"},"modified":"2026-04-13T02:18:16","modified_gmt":"2026-04-12T23:18:16","slug":"onder-caglarin-ozlemi","status":"publish","type":"product","link":"https:\/\/roveyayinevi.com.tr\/index.php\/urun\/onder-caglarin-ozlemi\/","title":{"rendered":"\u00d6nder &#8211; \u00c7a\u011flar\u0131n \u00d6zlemi"},"content":{"rendered":"<p>Uluslar\u0131n tarihini kim yarat\u0131r? Devletin ve b\u00fct\u00fcn insanl\u0131\u011f\u0131n ya\u015fam\u0131ndaki en \u00f6nemli olaylar kimler taraf\u0131ndan y\u00f6netilir? Ayr\u0131 ayr\u0131 ki\u015filer taraf\u0131ndan m\u0131? B\u00fcy\u00fck \u0130ngiliz d\u00fc\u015f\u00fcn\u00fcr\u00fc Carlyle\u2019\u0131n dedi\u011fi gibi kahramanlar taraf\u0131ndan m\u0131? Yoksa, b\u00fct\u00fcn fertlerinin \u00e7abas\u0131 ve halk\u0131n ruhunun gerilimi sayesinde mi ger\u00e7ekle\u015fir? <\/p>\n","protected":false},"excerpt":{"rendered":"<p>Uluslar\u0131n tarihini kim yarat\u0131r? Devletin ve b\u00fct\u00fcn insanl\u0131\u011f\u0131n ya\u015fam\u0131ndaki en \u00f6nemli olaylar kimler taraf\u0131ndan y\u00f6netilir? Ayr\u0131 ayr\u0131 ki\u015filer taraf\u0131ndan m\u0131? B\u00fcy\u00fck \u0130ngiliz d\u00fc\u015f\u00fcn\u00fcr\u00fc Carlyle\u2019\u0131n dedi\u011fi gibi<span class=\"excerpt-hellip\"> [\u2026]<\/span><\/p>\n","protected":false},"featured_media":0,"template":"","meta":{"_monsterinsights_skip_tracking":false,"_monsterinsights_sitenote_active":false,"_monsterinsights_sitenote_note":"","_monsterinsights_sitenote_category":0},"product_brand":[],"product_cat":[12388,15536],"product_tag":[],"class_list":{"0":"post-705564","1":"product","2":"type-product","3":"status-publish","5":"product_cat-felsefe","6":"product_cat-siyaset-felsefesi","7":"pa_cilt-ciltsiz","8":"pa_tur-kitap","9":"pa_yayinevi-inkilap-kitabevi","10":"pa_yazar-osman-pamukoglu","12":"first","13":"instock","14":"sale","15":"shipping-taxable","16":"purchasable","17":"product-type-simple"},"_links":{"self":[{"href":"https:\/\/roveyayinevi.com.tr\/index.php\/wp-json\/wp\/v2\/product\/705564","targetHints":{"allow":["GET"]}}],"collection":[{"href":"https:\/\/roveyayinevi.com.tr\/index.php\/wp-json\/wp\/v2\/product"}],"about":[{"href":"https:\/\/roveyayinevi.com.tr\/index.php\/wp-json\/wp\/v2\/types\/product"}],"wp:attachment":[{"href":"https:\/\/roveyayinevi.com.tr\/index.php\/wp-json\/wp\/v2\/media?parent=705564"}],"wp:term":[{"taxonomy":"product_brand","embeddable":true,"href":"https:\/\/roveyayinevi.com.tr\/index.php\/wp-json\/wp\/v2\/product_brand?post=705564"},{"taxonomy":"product_cat","embeddable":true,"href":"https:\/\/roveyayinevi.com.tr\/index.php\/wp-json\/wp\/v2\/product_cat?post=705564"},{"taxonomy":"product_tag","embeddable":true,"href":"https:\/\/roveyayinevi.com.tr\/index.php\/wp-json\/wp\/v2\/product_tag?post=705564"}],"curies":[{"name":"wp","href":"https:\/\/api.w.org\/{rel}","templated":true}]}}