{"id":705563,"date":"2025-08-27T15:46:58","date_gmt":"2025-08-27T12:46:58","guid":{"rendered":"https:\/\/roveyayinevi.com.tr\/index.php\/urun\/delikli-kitaplar-serisi-dunyamizi-isitan-sari-gunes\/"},"modified":"2026-04-16T02:14:25","modified_gmt":"2026-04-15T23:14:25","slug":"delikli-kitaplar-serisi-dunyamizi-isitan-sari-gunes","status":"publish","type":"product","link":"https:\/\/roveyayinevi.com.tr\/index.php\/urun\/delikli-kitaplar-serisi-dunyamizi-isitan-sari-gunes\/","title":{"rendered":"Delikli Kitaplar Serisi &#8211; D\u00fcnyam\u0131z\u0131 Is\u0131tan Sar\u0131 G\u00fcne\u015f"},"content":{"rendered":"<p>I\u015f\u0131nlar\u0131yla d\u00fcnyan\u0131n en uzak, en bilinmeyen yerlerine ula\u015fan, y\u00fcrek ok\u015fayan; her yere s\u0131cakl\u0131k, ayd\u0131nl\u0131k, hayat getiren, sapsar\u0131, pasparlak g\u00fcne\u015fin pe\u015finde bir yolculuk&#8230; Delikli kitaplar, parlak renkli resimleri ile \u00e7ocuklar\u0131 e\u011flendirecek hik\u00e2yeler anlat\u0131rken merakl\u0131 parmaklar ve g\u00f6zler i\u00e7in hik\u00e2ye keyfine \u00fc\u00e7\u00fcnc\u00fc bir boyut ekliyor. \ufffcTan\u0131t\u0131m Metni<\/p>\n","protected":false},"excerpt":{"rendered":"<p>I\u015f\u0131nlar\u0131yla d\u00fcnyan\u0131n en uzak, en bilinmeyen yerlerine ula\u015fan, y\u00fcrek ok\u015fayan; her yere s\u0131cakl\u0131k, ayd\u0131nl\u0131k, hayat getiren, sapsar\u0131, pasparlak g\u00fcne\u015fin pe\u015finde bir yolculuk&#8230; Delikli kitaplar, parlak renkli<span class=\"excerpt-hellip\"> [\u2026]<\/span><\/p>\n","protected":false},"featured_media":0,"template":"","meta":{"_monsterinsights_skip_tracking":false,"_monsterinsights_sitenote_active":false,"_monsterinsights_sitenote_note":"","_monsterinsights_sitenote_category":0},"product_brand":[],"product_cat":[12913,12274],"product_tag":[],"class_list":{"0":"post-705563","1":"product","2":"type-product","3":"status-publish","5":"product_cat-3-6-yas-kitaplari","6":"product_cat-cocuk-ve-genclik-kitaplari","7":"pa_cilt-ciltsiz","8":"pa_tur-kitap","9":"pa_yayinevi-potikare-yayincilik","10":"pa_yazar-kolektif","12":"first","13":"instock","14":"sale","15":"shipping-taxable","16":"purchasable","17":"product-type-simple"},"_links":{"self":[{"href":"https:\/\/roveyayinevi.com.tr\/index.php\/wp-json\/wp\/v2\/product\/705563","targetHints":{"allow":["GET"]}}],"collection":[{"href":"https:\/\/roveyayinevi.com.tr\/index.php\/wp-json\/wp\/v2\/product"}],"about":[{"href":"https:\/\/roveyayinevi.com.tr\/index.php\/wp-json\/wp\/v2\/types\/product"}],"wp:attachment":[{"href":"https:\/\/roveyayinevi.com.tr\/index.php\/wp-json\/wp\/v2\/media?parent=705563"}],"wp:term":[{"taxonomy":"product_brand","embeddable":true,"href":"https:\/\/roveyayinevi.com.tr\/index.php\/wp-json\/wp\/v2\/product_brand?post=705563"},{"taxonomy":"product_cat","embeddable":true,"href":"https:\/\/roveyayinevi.com.tr\/index.php\/wp-json\/wp\/v2\/product_cat?post=705563"},{"taxonomy":"product_tag","embeddable":true,"href":"https:\/\/roveyayinevi.com.tr\/index.php\/wp-json\/wp\/v2\/product_tag?post=705563"}],"curies":[{"name":"wp","href":"https:\/\/api.w.org\/{rel}","templated":true}]}}