{"id":705558,"date":"2025-08-27T15:46:55","date_gmt":"2025-08-27T12:46:55","guid":{"rendered":"https:\/\/roveyayinevi.com.tr\/index.php\/urun\/kusumu-kim-kiskisladi\/"},"modified":"2026-04-16T02:14:25","modified_gmt":"2026-04-15T23:14:25","slug":"kusumu-kim-kiskisladi","status":"publish","type":"product","link":"https:\/\/roveyayinevi.com.tr\/index.php\/urun\/kusumu-kim-kiskisladi\/","title":{"rendered":"Ku\u015fumu Kim K\u0131\u015fk\u0131\u015flad\u0131?&#8230;"},"content":{"rendered":"<p>Bir ku\u015fla ya\u015fanan dostluk zevklidir, ama dostlar\u0131m\u0131z\u0131n kendi hayatlar\u0131 vard\u0131r ve ancak kendi ko\u015fullar\u0131 i\u00e7inde bizimle birlikte olabilirler. Art\u0131k Kendim Okuyabilirim dizisindeki kitaplar\u0131n okul\u00f6ncesi ve ilkokul birinci s\u0131n\u0131f d\u00f6nemlerinde \u00e7ok \u00f6zel bir yeri vard\u0131r. 1985 y\u0131l\u0131ndan beri yay\u0131mlanmakta olan bu kitaplardan birini okuyup da dizinin \u00f6teki kitaplar\u0131n\u0131n pe\u015fine d\u00fc\u015fmeyen \u00e7ocu\u011fa rastlanmam\u0131\u015ft\u0131r. Ritmik c\u00fcmle yap\u0131lar\u0131, kafiyeli ve renkli anlat\u0131m\u0131yla bu kitaplar daha okumay\u0131 \u00f6\u011frenmeden \u00e7ocuklara kitab\u0131 sevdirmeyi ba\u015farmaktad\u0131r. \u0130lk yay\u0131mland\u0131\u011f\u0131 1985 y\u0131l\u0131ndan beri bu dizinin kitaplar\u0131 g\u00fcnden g\u00fcne artan bir ilgi g\u00f6rm\u00fc\u015f, ilkokul birinci s\u0131n\u0131flarda ve anaokullar\u0131nda \u00e7ocuklar\u0131n tutkusu haline gelmi\u015ftir. \ufffcTan\u0131t\u0131m Metni<\/p>\n","protected":false},"excerpt":{"rendered":"<p>Bir ku\u015fla ya\u015fanan dostluk zevklidir, ama dostlar\u0131m\u0131z\u0131n kendi hayatlar\u0131 vard\u0131r ve ancak kendi ko\u015fullar\u0131 i\u00e7inde bizimle birlikte olabilirler. Art\u0131k Kendim Okuyabilirim dizisindeki kitaplar\u0131n okul\u00f6ncesi ve ilkokul<span class=\"excerpt-hellip\"> [\u2026]<\/span><\/p>\n","protected":false},"featured_media":0,"template":"","meta":{"_monsterinsights_skip_tracking":false,"_monsterinsights_sitenote_active":false,"_monsterinsights_sitenote_note":"","_monsterinsights_sitenote_category":0},"product_brand":[],"product_cat":[12274,12518],"product_tag":[],"class_list":{"0":"post-705558","1":"product","2":"type-product","3":"status-publish","5":"product_cat-cocuk-ve-genclik-kitaplari","6":"product_cat-okul-oncesi-kitaplar","7":"pa_cilt-ciltsiz","8":"pa_tur-kitap","9":"pa_yayinevi-mavi-bulut-yayinlari","10":"pa_yazar-fatih-erdogan","12":"first","13":"instock","14":"sale","15":"shipping-taxable","16":"purchasable","17":"product-type-simple"},"_links":{"self":[{"href":"https:\/\/roveyayinevi.com.tr\/index.php\/wp-json\/wp\/v2\/product\/705558","targetHints":{"allow":["GET"]}}],"collection":[{"href":"https:\/\/roveyayinevi.com.tr\/index.php\/wp-json\/wp\/v2\/product"}],"about":[{"href":"https:\/\/roveyayinevi.com.tr\/index.php\/wp-json\/wp\/v2\/types\/product"}],"wp:attachment":[{"href":"https:\/\/roveyayinevi.com.tr\/index.php\/wp-json\/wp\/v2\/media?parent=705558"}],"wp:term":[{"taxonomy":"product_brand","embeddable":true,"href":"https:\/\/roveyayinevi.com.tr\/index.php\/wp-json\/wp\/v2\/product_brand?post=705558"},{"taxonomy":"product_cat","embeddable":true,"href":"https:\/\/roveyayinevi.com.tr\/index.php\/wp-json\/wp\/v2\/product_cat?post=705558"},{"taxonomy":"product_tag","embeddable":true,"href":"https:\/\/roveyayinevi.com.tr\/index.php\/wp-json\/wp\/v2\/product_tag?post=705558"}],"curies":[{"name":"wp","href":"https:\/\/api.w.org\/{rel}","templated":true}]}}