{"id":705557,"date":"2025-08-27T15:46:55","date_gmt":"2025-08-27T12:46:55","guid":{"rendered":"https:\/\/roveyayinevi.com.tr\/index.php\/urun\/akaryakit-uzerindeki-vergi-yuku\/"},"modified":"2026-04-16T02:14:25","modified_gmt":"2026-04-15T23:14:25","slug":"akaryakit-uzerindeki-vergi-yuku","status":"publish","type":"product","link":"https:\/\/roveyayinevi.com.tr\/index.php\/urun\/akaryakit-uzerindeki-vergi-yuku\/","title":{"rendered":"Akaryak\u0131t \u00dczerindeki Vergi Y\u00fck\u00fc"},"content":{"rendered":"<p>1.B\u00f6l\u00fcm :Akaryak\u0131t Sekt\u00f6r\u00fc ve Akaryak\u0131t Fiyatlar\u0131n\u0131n Ekonomik Yans\u0131malar\u0131 \u0130le Vergilendirilmesi 2.B\u00f6l\u00fcm :T\u00fcrkiye&#8217;de Akaryak\u0131t \u00dczerinden Al\u0131nan Vergiler ve Vergi Y\u00fck\u00fcn\u00fcn Analizi 3.B\u00f6l\u00fcm :Akaryak\u0131t \u00dczerinden Al\u0131nan Vergilerin De\u011ferlendirilmesi <\/p>\n","protected":false},"excerpt":{"rendered":"<p>1.B\u00f6l\u00fcm :Akaryak\u0131t Sekt\u00f6r\u00fc ve Akaryak\u0131t Fiyatlar\u0131n\u0131n Ekonomik Yans\u0131malar\u0131 \u0130le Vergilendirilmesi 2.B\u00f6l\u00fcm :T\u00fcrkiye&#8217;de Akaryak\u0131t \u00dczerinden Al\u0131nan Vergiler ve Vergi Y\u00fck\u00fcn\u00fcn Analizi 3.B\u00f6l\u00fcm :Akaryak\u0131t \u00dczerinden Al\u0131nan Vergilerin De\u011ferlendirilmesi<\/p>\n","protected":false},"featured_media":0,"template":"","meta":{"_monsterinsights_skip_tracking":false,"_monsterinsights_sitenote_active":false,"_monsterinsights_sitenote_note":"","_monsterinsights_sitenote_category":0},"product_brand":[],"product_cat":[12573,12566],"product_tag":[],"class_list":{"0":"post-705557","1":"product","2":"type-product","3":"status-publish","5":"product_cat-akademik-kitaplar","6":"product_cat-egitim","7":"pa_cilt-ciltsiz","8":"pa_tur-kitap","9":"pa_yayinevi-gazi-kitabevi","10":"pa_yazar-cem-barlas-arslan","12":"first","13":"instock","14":"sale","15":"shipping-taxable","16":"purchasable","17":"product-type-simple"},"_links":{"self":[{"href":"https:\/\/roveyayinevi.com.tr\/index.php\/wp-json\/wp\/v2\/product\/705557","targetHints":{"allow":["GET"]}}],"collection":[{"href":"https:\/\/roveyayinevi.com.tr\/index.php\/wp-json\/wp\/v2\/product"}],"about":[{"href":"https:\/\/roveyayinevi.com.tr\/index.php\/wp-json\/wp\/v2\/types\/product"}],"wp:attachment":[{"href":"https:\/\/roveyayinevi.com.tr\/index.php\/wp-json\/wp\/v2\/media?parent=705557"}],"wp:term":[{"taxonomy":"product_brand","embeddable":true,"href":"https:\/\/roveyayinevi.com.tr\/index.php\/wp-json\/wp\/v2\/product_brand?post=705557"},{"taxonomy":"product_cat","embeddable":true,"href":"https:\/\/roveyayinevi.com.tr\/index.php\/wp-json\/wp\/v2\/product_cat?post=705557"},{"taxonomy":"product_tag","embeddable":true,"href":"https:\/\/roveyayinevi.com.tr\/index.php\/wp-json\/wp\/v2\/product_tag?post=705557"}],"curies":[{"name":"wp","href":"https:\/\/api.w.org\/{rel}","templated":true}]}}