{"id":705556,"date":"2025-08-27T15:46:55","date_gmt":"2025-08-27T12:46:55","guid":{"rendered":"https:\/\/roveyayinevi.com.tr\/index.php\/urun\/efkar-tepesi\/"},"modified":"2026-04-13T02:18:16","modified_gmt":"2026-04-12T23:18:16","slug":"efkar-tepesi","status":"publish","type":"product","link":"https:\/\/roveyayinevi.com.tr\/index.php\/urun\/efkar-tepesi\/","title":{"rendered":"Efkar Tepesi"},"content":{"rendered":"<p>Fakir Baykurt, \u00f6yk\u00fclerinde k\u00f6y ya\u015fam\u0131n\u0131n sertli\u011fi, yoksulluk, cahillik, taassup, bat\u0131l inan\u00e7, s\u00f6m\u00fcr\u00fc gibi sorunlar\u0131 ele alarak k\u00f6yl\u00fcn\u00fcn maddi ve manevi d\u00fcnyas\u0131n\u0131 toplumsalc\u0131 ve ger\u00e7ek\u00e7i bir bak\u0131\u015ftan i\u015fliyor. G\u00f6zlemlerden, canl\u0131 tan\u0131kl\u0131klardan yola \u00e7\u0131kan yazar, g\u00fcnl\u00fck konu\u015fma dilini \u00f6yk\u00fcye ta\u015f\u0131yarak zaman zaman mizahi bir dil kullan\u0131yor; b\u00fcrokrasinin \u00e7arklar\u0131 aras\u0131nda s\u0131k\u0131\u015fan ama i\u00e7inde de bir umudu bar\u0131nd\u0131ran &#8220;s\u0131radan insan\u0131&#8221;, ya\u015fad\u0131\u011f\u0131 yerin atmosferiyle birlikte \u00e7arp\u0131c\u0131 bir bi\u00e7imde betimliyor.\u0130lk bas\u0131m\u0131 1960&#8217;da yap\u0131lan Efk\u00e2r Tepesi&#8217;ni yeniden okurla bulu\u015fturuyoruz: Fakir Baykurt, Efkar Tepesi&#8217;nde, 1959-1960 aras\u0131nda \u00e7e\u015fitli yay\u0131n organlar\u0131nda \u00e7\u0131kan yaz\u0131lar\u0131n\u0131 toplam\u0131\u015f. Bu yaz\u0131lar ger\u00e7eklerden yola \u00e7\u0131kan bir anlat\u0131 asl\u0131nda. Partizanl\u0131k, din s\u00f6m\u00fcr\u00fcs\u00fc, k\u00f6y\u00fcn yoksullu\u011fu, k\u00f6yl\u00fcn\u00fcn cahilli\u011fi, okur-yazarl\u0131k, k\u0131z \u00e7ocuklar\u0131n\u0131n okula g\u00f6nderilmemesi gibi konular \u00e7arp\u0131c\u0131 bir bi\u00e7imde ele al\u0131n\u0131yor. Ku\u015fkusuz ki okur bug\u00fcnle ba\u011f kuracakt\u0131r kitab\u0131 okudu\u011funda\u2026Yollar\u0131m\u0131z, sokaklar\u0131m\u0131z, yaz\u0131n tozdan, k\u0131\u015f\u0131 \u00e7amurdan ge\u00e7ilmiyor. Martta nisanda pabucumuzu kurtar\u0131p bir evden bir eve gidemiyoruz. Evlerimiz, eriyen karla, ya\u011fan ya\u011fmurla su i\u00e7inde. Damlar\u0131m\u0131zdan, tavanlar\u0131m\u0131zdan sular eleniyor. Kilimi ke\u00e7eyi \u0131slatmamak i\u00e7in oraya buraya \u00e7anak diziyoruz. Okullar\u0131m\u0131z da ak\u0131yor! Okullar akt\u0131k\u00e7a, \u00e7ocuklar\u0131n \u00f6ks\u00fcr\u00fc\u011f\u00fc art\u0131yor. H\u00e2l\u00e2 k\u00f6ylerimizin okul davas\u0131, kasabalar\u0131m\u0131z\u0131n hamam davas\u0131, hel\u00e2 davas\u0131 \u00e7\u00f6z\u00fclmemi\u015ftir. D\u00f6rt y\u0131l \u00f6nce K\u0131z\u0131lay paras\u0131yla temeli at\u0131lan hamam\u0131n tamamlanmas\u0131, gene K\u0131z\u0131lay&#8217;\u0131n yapaca\u011f\u0131 yard\u0131ma ba\u011fl\u0131d\u0131r. Epeyden beri de, okul \u00e7ocuklar\u0131m\u0131z\u0131, Sam Amca&#8217;n\u0131n s\u00fct tozuna al\u0131\u015ft\u0131rmaya \u00e7al\u0131\u015f\u0131yoruz. \u00c7ift\u00e7ilerimiz, Toprak \u00dcr\u00fcnleri Ofisi&#8217;nin doksana mal edip otuza satt\u0131\u011f\u0131 bu\u011fday\u0131 g\u00f6zl\u00fcyorlar. Bak\u0131ms\u0131z topraklar\u0131m\u0131zda ekinler, \u00fc\u00e7er kar\u0131\u015ftan fazla boy atm\u0131yor. S\u00f6ylevlerimizde, deme\u00e7lerimizde barajdan ge\u00e7ilmiyor ama bir y\u0131l ya\u011fmur ya\u011fmas\u0131n, yiyecek bu\u011fdaya muhta\u00e7 kal\u0131yoruz. Yememiz yeme de\u011fil, yatmam\u0131z yatma de\u011fil. G\u0131da i\u015fi, mesken i\u015fi, su i\u015fi, ba\u015fl\u0131 ba\u015f\u0131na birer sorun. Bunlar b\u00f6yle \u00f6n\u00fcm\u00fczde serilip dururken, biz de &#8220;Yatt\u0131 kalkmaz, uzatt\u0131 \u00e7ekmez&#8221; s\u00f6z\u00fcndeki gibi, yatm\u0131\u015f\u0131z bir g\u00f6r\u00fclmemi\u015f uykuya; \u00f6yle bir uyku, \u00f6yle bir uyku, uyand\u0131rabilene a\u015fk olsun! Korkun\u00e7 bir yangeldimcilik!- Ne Kadar \u0130lerledik?<\/p>\n","protected":false},"excerpt":{"rendered":"<p>Fakir Baykurt, \u00f6yk\u00fclerinde k\u00f6y ya\u015fam\u0131n\u0131n sertli\u011fi, yoksulluk, cahillik, taassup, bat\u0131l inan\u00e7, s\u00f6m\u00fcr\u00fc gibi sorunlar\u0131 ele alarak k\u00f6yl\u00fcn\u00fcn maddi ve manevi d\u00fcnyas\u0131n\u0131 toplumsalc\u0131 ve ger\u00e7ek\u00e7i bir bak\u0131\u015ftan<span class=\"excerpt-hellip\"> [\u2026]<\/span><\/p>\n","protected":false},"featured_media":0,"template":"","meta":{"_monsterinsights_skip_tracking":false,"_monsterinsights_sitenote_active":false,"_monsterinsights_sitenote_note":"","_monsterinsights_sitenote_category":0},"product_brand":[],"product_cat":[12291,12711],"product_tag":[],"class_list":{"0":"post-705556","1":"product","2":"type-product","3":"status-publish","5":"product_cat-edebiyat","6":"product_cat-roman-oyku","7":"pa_cilt-ciltsiz","8":"pa_tur-kitap","9":"pa_yayinevi-literatur-yayinevi","10":"pa_yazar-fakir-baykurt","12":"first","13":"instock","14":"sale","15":"shipping-taxable","16":"purchasable","17":"product-type-simple"},"_links":{"self":[{"href":"https:\/\/roveyayinevi.com.tr\/index.php\/wp-json\/wp\/v2\/product\/705556","targetHints":{"allow":["GET"]}}],"collection":[{"href":"https:\/\/roveyayinevi.com.tr\/index.php\/wp-json\/wp\/v2\/product"}],"about":[{"href":"https:\/\/roveyayinevi.com.tr\/index.php\/wp-json\/wp\/v2\/types\/product"}],"wp:attachment":[{"href":"https:\/\/roveyayinevi.com.tr\/index.php\/wp-json\/wp\/v2\/media?parent=705556"}],"wp:term":[{"taxonomy":"product_brand","embeddable":true,"href":"https:\/\/roveyayinevi.com.tr\/index.php\/wp-json\/wp\/v2\/product_brand?post=705556"},{"taxonomy":"product_cat","embeddable":true,"href":"https:\/\/roveyayinevi.com.tr\/index.php\/wp-json\/wp\/v2\/product_cat?post=705556"},{"taxonomy":"product_tag","embeddable":true,"href":"https:\/\/roveyayinevi.com.tr\/index.php\/wp-json\/wp\/v2\/product_tag?post=705556"}],"curies":[{"name":"wp","href":"https:\/\/api.w.org\/{rel}","templated":true}]}}