{"id":705555,"date":"2025-08-27T15:46:54","date_gmt":"2025-08-27T12:46:54","guid":{"rendered":"https:\/\/roveyayinevi.com.tr\/index.php\/urun\/abdulhamit-gercegi\/"},"modified":"2026-04-16T02:14:25","modified_gmt":"2026-04-15T23:14:25","slug":"abdulhamit-gercegi","status":"publish","type":"product","link":"https:\/\/roveyayinevi.com.tr\/index.php\/urun\/abdulhamit-gercegi\/","title":{"rendered":"Abd\u00fclhamit Ger\u00e7e\u011fi"},"content":{"rendered":"<p>\u201cOrhan Kolo\u011flu\u2019nun Sultan Abd\u00fclhamit hakk\u0131nda yay\u0131nlad\u0131\u011f\u0131 ve onu tamamen tarafs\u0131z \u015fekilde anlatt\u0131\u011f\u0131 \u201cAbd\u00fclhamit Ger\u00e7e\u011fi\u201d kitab\u0131, h\u00fck\u00fcmdar\u0131 konu alan kitaplar aras\u0131nda en m\u00fckemmelidir. Sultan Abd\u00fclhamit bu eserde ifrata yahut tefrite sap\u0131lmadan, lehinde veya aleyhinde s\u00f6z edilmeden, \u201coldu\u011fu gibi\u201d, yani tarafs\u0131z \u201c\u00f6nemli bir T\u00fcrk devlet adam\u0131\u201d kimli\u011fi \u00e7er\u00e7evesinde anlat\u0131lm\u0131\u015ft\u0131r.\u201d MURAT BARDAK\u00c7I   \u201cOrhan Kolo\u011flu\u2019nun Afet \u0130nan Tarih Ara\u015ft\u0131rmalar\u0131 \u00d6d\u00fcl\u00fc, Yunus Nadi Bilim Ara\u015ft\u0131rmalar\u0131 \u00d6d\u00fcl\u00fc, Sedat Simavi Sosyal Ara\u015ft\u0131rmalar \u00d6d\u00fcl\u00fc, TGC Sosyal Ara\u015ft\u0131rmalar \u00d6d\u00fcl\u00fc gibi pek \u00e7ok prestijli \u00f6d\u00fcl kazanan bu eseri, \u00e7ok geni\u015f bir ara\u015ft\u0131rman\u0131n sonucu olarak ortaya \u00e7\u0131km\u0131\u015ft\u0131r. Yak\u0131n tarih ara\u015ft\u0131rmalar\u0131n\u0131n tarafgirliklerinden s\u0131yr\u0131larak,  \u201ca\u011fyar\u0131n\u0131 mani ve efrad\u0131n\u0131 cami\u201d bir eser meydana getirmek kolay de\u011fildir. Yazar bunu ba\u015farm\u0131\u015ft\u0131r. E\u011fer bir tarih merakl\u0131s\u0131 \u201cSultan II. Abd\u00fclhamit\u201d ve devri hakk\u0131nda ger\u00e7ek bir bilgi edinmek istiyorsa, okuyaca\u011f\u0131 kitap budur.\u201d VEL\u0130 \u015e\u0130R\u0130N \/ Tarih\u00e7i &#8211; Yazar   B\u00fct\u00fcn tarih kitaplar\u0131, y\u00fckseli\u015f a\u015famas\u0131na varm\u0131\u015f bir toplumda lider olanlar\u0131 y\u00fcceltmekte yar\u0131\u015f\u0131rlar. Devlet \u00f6rg\u00fctlenmesinin d\u00fczeni \u00f6yle bir yap\u0131ya ula\u015fm\u0131\u015ft\u0131r ki, ki\u015fisel yetenekleri s\u0131n\u0131rl\u0131 da olsa o ki\u015fileri zirveye \u00e7\u0131kar\u0131r, \u00f6vg\u00fcye lay\u0131k g\u00f6sterirler. Mesela, tarihimizde Fatih Sultan Mehmet ile b\u00fcy\u00fck bir ivme kazanan d\u00fcnyan\u0131n zirvesine oturma, \u00f6yle bir yap\u0131la\u015fma getirmi\u015ftir ki, Sultan S\u00fcleyman \u00fcst\u00fcn bir ki\u015fili\u011fe sahip olmasayd\u0131 bile yine \u00f6vg\u00fcyle an\u0131lacakt\u0131. Bu sebeple \u201cKanuni Sultan S\u00fcleyman olmak kolayd\u0131r\u201d diyoruz. \u00c7\u00f6k\u00fc\u015f a\u015famas\u0131ndaki toplumlarda ise sistemin bozuklu\u011fu, ba\u015far\u0131l\u0131 i\u015fler de yapsa \u00e7o\u011fu zaman liderin ele\u015ftirilmesinden ve su\u00e7lanmas\u0131ndan ba\u015fka bir \u015fey getirmez. Sultan II. Abd\u00fclhamit bu \u015fanss\u0131zl\u0131\u011f\u0131 ya\u015fam\u0131\u015f birisidir. \u00c7ok zor \u015fartlarda bile Osmanl\u0131\u2019n\u0131n ya\u015fam\u0131n\u0131 uzatmay\u0131 ba\u015fard\u0131\u011f\u0131, \u00e7a\u011fda\u015f e\u011fitimli yeni bir nesil yeti\u015fmesini sa\u011flad\u0131\u011f\u0131 g\u00f6z ard\u0131 edilir ve unutulur. Diktat\u00f6rl\u00fc\u011fe varan otoriterli\u011fi, o d\u00f6nemde ba\u015fka bir form\u00fcl olmad\u0131\u011f\u0131 unutularak \u015fiddetle ele\u015ftirilir. Yapmad\u0131\u011f\u0131 olumsuz \u015feylerin kendisine yak\u0131\u015ft\u0131r\u0131lmas\u0131nda yerli ve yabanc\u0131lar birbirleriyle yar\u0131\u015f\u0131r. D\u00fcnya tarihinin en ele\u015ftirilen h\u00fck\u00fcmdarlar\u0131ndan biri durumuna getirilir. Bu sebeple \u201cII. Abd\u00fclhamit olmak zordur\u201d diyoruz. <\/p>\n","protected":false},"excerpt":{"rendered":"<p>\u201cOrhan Kolo\u011flu\u2019nun Sultan Abd\u00fclhamit hakk\u0131nda yay\u0131nlad\u0131\u011f\u0131 ve onu tamamen tarafs\u0131z \u015fekilde anlatt\u0131\u011f\u0131 \u201cAbd\u00fclhamit Ger\u00e7e\u011fi\u201d kitab\u0131, h\u00fck\u00fcmdar\u0131 konu alan kitaplar aras\u0131nda en m\u00fckemmelidir. Sultan Abd\u00fclhamit bu eserde<span class=\"excerpt-hellip\"> [\u2026]<\/span><\/p>\n","protected":false},"featured_media":0,"template":"","meta":{"_monsterinsights_skip_tracking":false,"_monsterinsights_sitenote_active":false,"_monsterinsights_sitenote_note":"","_monsterinsights_sitenote_category":0},"product_brand":[],"product_cat":[13701,12291],"product_tag":[],"class_list":{"0":"post-705555","1":"product","2":"type-product","3":"status-publish","5":"product_cat-ani-mektup-gunluk","6":"product_cat-edebiyat","7":"pa_cilt-ciltsiz","8":"pa_tur-kitap","9":"pa_yayinevi-pozitif-yayinlari","10":"pa_yazar-orhan-kologlu","12":"first","13":"instock","14":"sale","15":"shipping-taxable","16":"purchasable","17":"product-type-simple"},"_links":{"self":[{"href":"https:\/\/roveyayinevi.com.tr\/index.php\/wp-json\/wp\/v2\/product\/705555","targetHints":{"allow":["GET"]}}],"collection":[{"href":"https:\/\/roveyayinevi.com.tr\/index.php\/wp-json\/wp\/v2\/product"}],"about":[{"href":"https:\/\/roveyayinevi.com.tr\/index.php\/wp-json\/wp\/v2\/types\/product"}],"wp:attachment":[{"href":"https:\/\/roveyayinevi.com.tr\/index.php\/wp-json\/wp\/v2\/media?parent=705555"}],"wp:term":[{"taxonomy":"product_brand","embeddable":true,"href":"https:\/\/roveyayinevi.com.tr\/index.php\/wp-json\/wp\/v2\/product_brand?post=705555"},{"taxonomy":"product_cat","embeddable":true,"href":"https:\/\/roveyayinevi.com.tr\/index.php\/wp-json\/wp\/v2\/product_cat?post=705555"},{"taxonomy":"product_tag","embeddable":true,"href":"https:\/\/roveyayinevi.com.tr\/index.php\/wp-json\/wp\/v2\/product_tag?post=705555"}],"curies":[{"name":"wp","href":"https:\/\/api.w.org\/{rel}","templated":true}]}}