{"id":705554,"date":"2025-08-27T15:46:54","date_gmt":"2025-08-27T12:46:54","guid":{"rendered":"https:\/\/roveyayinevi.com.tr\/index.php\/urun\/denizler-altinda-20-000-fersah-olaganustu-yolculuklar-8\/"},"modified":"2026-04-08T02:19:15","modified_gmt":"2026-04-07T23:19:15","slug":"denizler-altinda-20-000-fersah-olaganustu-yolculuklar-8","status":"publish","type":"product","link":"https:\/\/roveyayinevi.com.tr\/index.php\/urun\/denizler-altinda-20-000-fersah-olaganustu-yolculuklar-8\/","title":{"rendered":"Denizler Alt\u0131nda 20.000 Fersah &#8211; Ola\u011fan\u00fcst\u00fc Yolculuklar 8"},"content":{"rendered":"<p>Jules Verne&#8217;in 1870 y\u0131l\u0131nda yay\u0131mlanan bu roman\u0131nda, Kaptan Nemo&#8217;nun Nautilus adl\u0131 denizalt\u0131s\u0131yla yolculu\u011fa \u00e7\u0131k\u0131yoruz. Gemilere \u00e7arp\u0131p onlar\u0131 bat\u0131ran dev bir deniz canavar\u0131 zannedilen Nautilus, toplumla olan t\u00fcm ba\u011flar\u0131n\u0131 koparm\u0131\u015f, bilgili, k\u00fclt\u00fcrl\u00fc bir adam olan Kaptan Nemo taraf\u0131ndan y\u00f6netiliyor. M\u00fcrettebat\u0131 da yine kendisi gibi insanlardan, aralar\u0131nda ba\u015fka bir dilde anla\u015fan ki\u015filerden meydana geliyor. Do\u011fabilimcisi Pierre Aronnax, u\u015fa\u011f\u0131 Conseil ve g\u00f6z\u00fc kara Kanadal\u0131 z\u0131pk\u0131nc\u0131 Ned Land da tesad\u00fcfen Kaptan Nemo&#8217;yla kar\u015f\u0131la\u015f\u0131yor ve K\u0131z\u0131ldeniz, Akdeniz, Kay\u0131p Atlantis ile G\u00fcney Kutbu&#8217;nu birlikte ge\u00e7iyorlar. Bu s\u0131rada denizlerin alt\u0131nda kar\u015f\u0131la\u015ft\u0131klar\u0131 k\u00f6pekbal\u0131klar\u0131, camg\u00f6zler, t\u00fcrl\u00fc \u00e7e\u015fit su yosunlar\u0131, yeralt\u0131 volkanlar\u0131 ve Jules Verne&#8217;in ger\u00e7ek\u00e7i anlat\u0131m\u0131yla zihnimizde canland\u0131rabilece\u011fimiz her t\u00fcrden deniz yarat\u0131\u011f\u0131n\u0131n ya\u015fad\u0131\u011f\u0131 d\u00fcnyaya yolculuk ediyoruz. Denizler Alt\u0131nda Yirmi Bin Fersah, bilimkurgu olarak yaz\u0131lm\u0131\u015f, ama Jules Verne&#8217;in pek \u00e7ok kitab\u0131 gibi ger\u00e7ekle\u015fmesi m\u00fcmk\u00fcn olmu\u015f anlat\u0131lardan biridir. <\/p>\n","protected":false},"excerpt":{"rendered":"<p>Jules Verne&#8217;in 1870 y\u0131l\u0131nda yay\u0131mlanan bu roman\u0131nda, Kaptan Nemo&#8217;nun Nautilus adl\u0131 denizalt\u0131s\u0131yla yolculu\u011fa \u00e7\u0131k\u0131yoruz. Gemilere \u00e7arp\u0131p onlar\u0131 bat\u0131ran dev bir deniz canavar\u0131 zannedilen Nautilus, toplumla olan<span class=\"excerpt-hellip\"> [\u2026]<\/span><\/p>\n","protected":false},"featured_media":0,"template":"","meta":{"_monsterinsights_skip_tracking":false,"_monsterinsights_sitenote_active":false,"_monsterinsights_sitenote_note":"","_monsterinsights_sitenote_category":0},"product_brand":[],"product_cat":[12291,12711],"product_tag":[],"class_list":{"0":"post-705554","1":"product","2":"type-product","3":"status-publish","5":"product_cat-edebiyat","6":"product_cat-roman-oyku","7":"pa_cilt-ciltsiz","8":"pa_tur-kitap","9":"pa_yayinevi-alfa-yayinlari","10":"pa_yazar-jules-verne","12":"first","13":"instock","14":"sale","15":"shipping-taxable","16":"purchasable","17":"product-type-simple"},"_links":{"self":[{"href":"https:\/\/roveyayinevi.com.tr\/index.php\/wp-json\/wp\/v2\/product\/705554","targetHints":{"allow":["GET"]}}],"collection":[{"href":"https:\/\/roveyayinevi.com.tr\/index.php\/wp-json\/wp\/v2\/product"}],"about":[{"href":"https:\/\/roveyayinevi.com.tr\/index.php\/wp-json\/wp\/v2\/types\/product"}],"wp:attachment":[{"href":"https:\/\/roveyayinevi.com.tr\/index.php\/wp-json\/wp\/v2\/media?parent=705554"}],"wp:term":[{"taxonomy":"product_brand","embeddable":true,"href":"https:\/\/roveyayinevi.com.tr\/index.php\/wp-json\/wp\/v2\/product_brand?post=705554"},{"taxonomy":"product_cat","embeddable":true,"href":"https:\/\/roveyayinevi.com.tr\/index.php\/wp-json\/wp\/v2\/product_cat?post=705554"},{"taxonomy":"product_tag","embeddable":true,"href":"https:\/\/roveyayinevi.com.tr\/index.php\/wp-json\/wp\/v2\/product_tag?post=705554"}],"curies":[{"name":"wp","href":"https:\/\/api.w.org\/{rel}","templated":true}]}}