{"id":705544,"date":"2025-08-27T15:46:50","date_gmt":"2025-08-27T12:46:50","guid":{"rendered":"https:\/\/roveyayinevi.com.tr\/index.php\/urun\/bakima-muhtac-turkiyede-alzheimer-hastasi-yaslilarin-bakimi\/"},"modified":"2026-04-16T02:14:24","modified_gmt":"2026-04-15T23:14:24","slug":"bakima-muhtac-turkiyede-alzheimer-hastasi-yaslilarin-bakimi","status":"publish","type":"product","link":"https:\/\/roveyayinevi.com.tr\/index.php\/urun\/bakima-muhtac-turkiyede-alzheimer-hastasi-yaslilarin-bakimi\/","title":{"rendered":"Bak\u0131ma Muhta\u00e7: T\u00fcrkiye\u2019de Alzheimer Hastas\u0131 Ya\u015fl\u0131lar\u0131n Bak\u0131m\u0131"},"content":{"rendered":"<p>D\u00fc\u015f\u00fcn\u00fcn ki ya\u015fl\u0131s\u0131na bakan aile fertleri grev yapt\u0131 ve ya\u015fl\u0131lar\u0131 devlete teslim edip \u201cAl, sen bak!\u201d dedi. Ortaya \u00e7\u0131kacak kaosu tahmin edebiliyor musunuz? <\/p>\n","protected":false},"excerpt":{"rendered":"<p>D\u00fc\u015f\u00fcn\u00fcn ki ya\u015fl\u0131s\u0131na bakan aile fertleri grev yapt\u0131 ve ya\u015fl\u0131lar\u0131 devlete teslim edip \u201cAl, sen bak!\u201d dedi. Ortaya \u00e7\u0131kacak kaosu tahmin edebiliyor musunuz?<\/p>\n","protected":false},"featured_media":0,"template":"","meta":{"_monsterinsights_skip_tracking":false,"_monsterinsights_sitenote_active":false,"_monsterinsights_sitenote_note":"","_monsterinsights_sitenote_category":0},"product_brand":[],"product_cat":[13772,12364],"product_tag":[],"class_list":{"0":"post-705544","1":"product","2":"type-product","3":"status-publish","5":"product_cat-basvuru-kitaplari","6":"product_cat-genel-konular","7":"pa_tur-kitap","8":"pa_yayinevi-koc-universitesi-yayinlari","9":"pa_yazar-ismail-tufan","11":"first","12":"instock","13":"sale","14":"shipping-taxable","15":"purchasable","16":"product-type-simple"},"_links":{"self":[{"href":"https:\/\/roveyayinevi.com.tr\/index.php\/wp-json\/wp\/v2\/product\/705544","targetHints":{"allow":["GET"]}}],"collection":[{"href":"https:\/\/roveyayinevi.com.tr\/index.php\/wp-json\/wp\/v2\/product"}],"about":[{"href":"https:\/\/roveyayinevi.com.tr\/index.php\/wp-json\/wp\/v2\/types\/product"}],"wp:attachment":[{"href":"https:\/\/roveyayinevi.com.tr\/index.php\/wp-json\/wp\/v2\/media?parent=705544"}],"wp:term":[{"taxonomy":"product_brand","embeddable":true,"href":"https:\/\/roveyayinevi.com.tr\/index.php\/wp-json\/wp\/v2\/product_brand?post=705544"},{"taxonomy":"product_cat","embeddable":true,"href":"https:\/\/roveyayinevi.com.tr\/index.php\/wp-json\/wp\/v2\/product_cat?post=705544"},{"taxonomy":"product_tag","embeddable":true,"href":"https:\/\/roveyayinevi.com.tr\/index.php\/wp-json\/wp\/v2\/product_tag?post=705544"}],"curies":[{"name":"wp","href":"https:\/\/api.w.org\/{rel}","templated":true}]}}