{"id":705542,"date":"2025-08-27T15:46:49","date_gmt":"2025-08-27T12:46:49","guid":{"rendered":"https:\/\/roveyayinevi.com.tr\/index.php\/urun\/kesilen-gitar\/"},"modified":"2026-04-16T02:14:24","modified_gmt":"2026-04-15T23:14:24","slug":"kesilen-gitar","status":"publish","type":"product","link":"https:\/\/roveyayinevi.com.tr\/index.php\/urun\/kesilen-gitar\/","title":{"rendered":"Kesilen Gitar"},"content":{"rendered":"<p>Bu kitab\u0131 yazarken, \u015fimdi ancak r\u00fcyalar\u0131mda g\u00f6rd\u00fc\u011f\u00fcm ki\u015filerle g\u00f6r\u00fc\u015ft\u00fcm, onlarla sohbet ettim, hem de y\u00fcz y\u00fcze. Hayat\u0131m\u0131 tekrar ya\u015fad\u0131m sanki. <\/p>\n","protected":false},"excerpt":{"rendered":"<p>Bu kitab\u0131 yazarken, \u015fimdi ancak r\u00fcyalar\u0131mda g\u00f6rd\u00fc\u011f\u00fcm ki\u015filerle g\u00f6r\u00fc\u015ft\u00fcm, onlarla sohbet ettim, hem de y\u00fcz y\u00fcze. Hayat\u0131m\u0131 tekrar ya\u015fad\u0131m sanki.<\/p>\n","protected":false},"featured_media":0,"template":"","meta":{"_monsterinsights_skip_tracking":false,"_monsterinsights_sitenote_active":false,"_monsterinsights_sitenote_note":"","_monsterinsights_sitenote_category":0},"product_brand":[],"product_cat":[12782,12291],"product_tag":[],"class_list":{"0":"post-705542","1":"product","2":"type-product","3":"status-publish","5":"product_cat-alman-edebiyati","6":"product_cat-edebiyat","7":"pa_tur-kitap","8":"pa_yayinevi-nesil-yayinlari","9":"pa_yazar-cuneyd-suavi","11":"first","12":"instock","13":"sale","14":"shipping-taxable","15":"purchasable","16":"product-type-simple"},"_links":{"self":[{"href":"https:\/\/roveyayinevi.com.tr\/index.php\/wp-json\/wp\/v2\/product\/705542","targetHints":{"allow":["GET"]}}],"collection":[{"href":"https:\/\/roveyayinevi.com.tr\/index.php\/wp-json\/wp\/v2\/product"}],"about":[{"href":"https:\/\/roveyayinevi.com.tr\/index.php\/wp-json\/wp\/v2\/types\/product"}],"wp:attachment":[{"href":"https:\/\/roveyayinevi.com.tr\/index.php\/wp-json\/wp\/v2\/media?parent=705542"}],"wp:term":[{"taxonomy":"product_brand","embeddable":true,"href":"https:\/\/roveyayinevi.com.tr\/index.php\/wp-json\/wp\/v2\/product_brand?post=705542"},{"taxonomy":"product_cat","embeddable":true,"href":"https:\/\/roveyayinevi.com.tr\/index.php\/wp-json\/wp\/v2\/product_cat?post=705542"},{"taxonomy":"product_tag","embeddable":true,"href":"https:\/\/roveyayinevi.com.tr\/index.php\/wp-json\/wp\/v2\/product_tag?post=705542"}],"curies":[{"name":"wp","href":"https:\/\/api.w.org\/{rel}","templated":true}]}}