{"id":705540,"date":"2025-08-27T15:46:49","date_gmt":"2025-08-27T12:46:49","guid":{"rendered":"https:\/\/roveyayinevi.com.tr\/index.php\/urun\/1001-nokta-padisahlar\/"},"modified":"2025-10-18T03:44:50","modified_gmt":"2025-10-18T00:44:50","slug":"1001-nokta-padisahlar","status":"publish","type":"product","link":"https:\/\/roveyayinevi.com.tr\/index.php\/urun\/1001-nokta-padisahlar\/","title":{"rendered":"1001 Nokta Padi\u015fahlar"},"content":{"rendered":"<p>Bir \u00e7izim kitab\u0131 olan 1001 Nokta Padi\u015fahlar kitab\u0131, hem e\u011flendirici vakit ge\u00e7irmeyi, hem yetenekleri geli\u015ftirmeyi hem de tarihi bilgilerimizi art\u0131rmam\u0131z\u0131 sa\u011fl\u0131yor. Yirmi Osmanl\u0131 Padi\u015fah\u0131n\u0131n portresinin yer ald\u0131\u011f\u0131  1001 Nokta Padi\u015fahlar  \u00e7izim kitab\u0131nda Ertu\u011frul Gazi, Osman Gazi, Orhan Gazi, Murad H\u00fc-davendigar, Y\u0131ld\u0131r\u0131m Beyaz\u0131t, \u00c7elebi Mehmed, 2. Murad, Fatih Sultan Mehmed, Yavuz Sultan Selim, Kanuni Sultan S\u00fcleyman, Sultan Ahmet, Gen\u00e7 Osman, D\u00f6rd\u00fcnc\u00fc Murad, Sultan 3. Selim, Sultan \u0130kinci Mahmut, Sultan Abd\u00fclmecid, Sultan Abd\u00fcla-ziz, Sultan Abd\u00fclhamid, Mehmed Re-\u015fad ve Sultan Vahdettin bulunmaktad\u0131r. <\/p>\n","protected":false},"excerpt":{"rendered":"<p>Bir \u00e7izim kitab\u0131 olan 1001 Nokta Padi\u015fahlar kitab\u0131, hem e\u011flendirici vakit ge\u00e7irmeyi, hem yetenekleri geli\u015ftirmeyi hem de tarihi bilgilerimizi art\u0131rmam\u0131z\u0131 sa\u011fl\u0131yor. Yirmi Osmanl\u0131 Padi\u015fah\u0131n\u0131n portresinin yer<span class=\"excerpt-hellip\"> [\u2026]<\/span><\/p>\n","protected":false},"featured_media":0,"template":"","meta":{"_monsterinsights_skip_tracking":false,"_monsterinsights_sitenote_active":false,"_monsterinsights_sitenote_note":"","_monsterinsights_sitenote_category":0},"product_brand":[],"product_cat":[28265,15563],"product_tag":[],"class_list":{"0":"post-705540","1":"product","2":"type-product","3":"status-publish","5":"product_cat-diger-hobi","6":"product_cat-hobi","7":"pa_tur-kitap","8":"pa_yayinevi-nesil-yayinlari","9":"pa_yazar-enis-temizel","11":"first","12":"instock","13":"sale","14":"shipping-taxable","15":"purchasable","16":"product-type-simple"},"_links":{"self":[{"href":"https:\/\/roveyayinevi.com.tr\/index.php\/wp-json\/wp\/v2\/product\/705540","targetHints":{"allow":["GET"]}}],"collection":[{"href":"https:\/\/roveyayinevi.com.tr\/index.php\/wp-json\/wp\/v2\/product"}],"about":[{"href":"https:\/\/roveyayinevi.com.tr\/index.php\/wp-json\/wp\/v2\/types\/product"}],"wp:attachment":[{"href":"https:\/\/roveyayinevi.com.tr\/index.php\/wp-json\/wp\/v2\/media?parent=705540"}],"wp:term":[{"taxonomy":"product_brand","embeddable":true,"href":"https:\/\/roveyayinevi.com.tr\/index.php\/wp-json\/wp\/v2\/product_brand?post=705540"},{"taxonomy":"product_cat","embeddable":true,"href":"https:\/\/roveyayinevi.com.tr\/index.php\/wp-json\/wp\/v2\/product_cat?post=705540"},{"taxonomy":"product_tag","embeddable":true,"href":"https:\/\/roveyayinevi.com.tr\/index.php\/wp-json\/wp\/v2\/product_tag?post=705540"}],"curies":[{"name":"wp","href":"https:\/\/api.w.org\/{rel}","templated":true}]}}