{"id":705538,"date":"2025-08-27T15:46:48","date_gmt":"2025-08-27T12:46:48","guid":{"rendered":"https:\/\/roveyayinevi.com.tr\/index.php\/urun\/harp-pilotu-ve-silivri\/"},"modified":"2026-04-16T02:14:24","modified_gmt":"2026-04-15T23:14:24","slug":"harp-pilotu-ve-silivri","status":"publish","type":"product","link":"https:\/\/roveyayinevi.com.tr\/index.php\/urun\/harp-pilotu-ve-silivri\/","title":{"rendered":"Harp Pilotu ve Silivri"},"content":{"rendered":"<p>Yazar\u0131m\u0131z Yal\u00e7\u0131n Erg\u00fcl&#8217;\u00fcn d\u00f6rd\u00fcnc\u00fc kitab\u0131, &#8220;Harp Pilotu ve Silivri&#8221; okuyucular\u0131m\u0131zla bulu\u015fuyor.&#8221; \u2026Sizi bir hapishaneye att\u0131klar\u0131n\u0131 d\u00fc\u015f\u00fcn\u00fcn. Bir iftira ile su\u00e7lan\u0131yorsunuz ve bunun iftira oldu\u011fu hem h\u00e2kimler, hem savc\u0131lar, hem b\u00fct\u00fcn halk taraf\u0131ndan bilinmesine ra\u011fmen hapiste yatmaya devam ediyorsunuz.G\u00fcnleriniz sevdiklerinize hasretle ge\u00e7iyor. \u0130\u00e7eride yatmakla yak\u0131nlar\u0131n\u0131za da zahmetler verdi\u011finiz hissine kap\u0131l\u0131yorsunuz.Hak etmedi\u011finiz halde ba\u015f\u0131n\u0131za baz\u0131 \u015feyler gelebilir, bunu kabul edebilirsiniz. Ama herkesin adaletten ka\u00e7t\u0131\u011f\u0131 bir d\u00fcnyada ya\u015faman\u0131n ne demek oldu\u011funu anlamaya \u00e7al\u0131\u015f\u0131yorsunuz.\u015eiir okuyarak tahamm\u00fcl etmek \u00fczere bir hayat tarz\u0131 geli\u015ftirmekle me\u015fguls\u00fcn\u00fcz. G\u00fcnler ge\u00e7miyor. Geceler bitmiyor. O gece de yata\u011fa giriyorsunuz. Uyand\u0131\u011f\u0131n\u0131zda yan\u0131n\u0131zda sevdi\u011finizi g\u00f6r\u00fcyorsunuz. Yan\u0131n\u0131zda m\u0131\u015f\u0131l m\u0131\u015f\u0131l uyuyor. H\u00fcrs\u00fcn\u00fcz, yata\u011f\u0131n\u0131zdas\u0131n\u0131z ve sevdi\u011finiz yan\u0131n\u0131zda. Uzan\u0131p onu uyand\u0131rmamaya dikkat ederek elini tutuyorsunuz. \u00c7ok huzurlusunuz.\u0130\u015fte al\u00e7ak irtifada y\u00fcksek s\u00fcratle u\u00e7mak yani yerden otuz metre yukar\u0131da saatte sekiz y\u00fcz kilometre s\u00fcratle u\u00e7mak b\u00f6yle bir r\u00fcya halidir\u2026&#8221; &#8220;Kitaptan&#8221; <\/p>\n","protected":false},"excerpt":{"rendered":"<p>Yazar\u0131m\u0131z Yal\u00e7\u0131n Erg\u00fcl&#8217;\u00fcn d\u00f6rd\u00fcnc\u00fc kitab\u0131, &#8220;Harp Pilotu ve Silivri&#8221; okuyucular\u0131m\u0131zla bulu\u015fuyor.&#8221; \u2026Sizi bir hapishaneye att\u0131klar\u0131n\u0131 d\u00fc\u015f\u00fcn\u00fcn. Bir iftira ile su\u00e7lan\u0131yorsunuz ve bunun iftira oldu\u011fu hem h\u00e2kimler,<span class=\"excerpt-hellip\"> [\u2026]<\/span><\/p>\n","protected":false},"featured_media":0,"template":"","meta":{"_monsterinsights_skip_tracking":false,"_monsterinsights_sitenote_active":false,"_monsterinsights_sitenote_note":"","_monsterinsights_sitenote_category":0},"product_brand":[],"product_cat":[12291,12711],"product_tag":[],"class_list":{"0":"post-705538","1":"product","2":"type-product","3":"status-publish","5":"product_cat-edebiyat","6":"product_cat-roman-oyku","7":"pa_cilt-ciltsiz","8":"pa_tur-kitap","9":"pa_yayinevi-alibi-yayincilik","10":"pa_yazar-yalcin-ergul","12":"first","13":"instock","14":"sale","15":"shipping-taxable","16":"purchasable","17":"product-type-simple"},"_links":{"self":[{"href":"https:\/\/roveyayinevi.com.tr\/index.php\/wp-json\/wp\/v2\/product\/705538","targetHints":{"allow":["GET"]}}],"collection":[{"href":"https:\/\/roveyayinevi.com.tr\/index.php\/wp-json\/wp\/v2\/product"}],"about":[{"href":"https:\/\/roveyayinevi.com.tr\/index.php\/wp-json\/wp\/v2\/types\/product"}],"wp:attachment":[{"href":"https:\/\/roveyayinevi.com.tr\/index.php\/wp-json\/wp\/v2\/media?parent=705538"}],"wp:term":[{"taxonomy":"product_brand","embeddable":true,"href":"https:\/\/roveyayinevi.com.tr\/index.php\/wp-json\/wp\/v2\/product_brand?post=705538"},{"taxonomy":"product_cat","embeddable":true,"href":"https:\/\/roveyayinevi.com.tr\/index.php\/wp-json\/wp\/v2\/product_cat?post=705538"},{"taxonomy":"product_tag","embeddable":true,"href":"https:\/\/roveyayinevi.com.tr\/index.php\/wp-json\/wp\/v2\/product_tag?post=705538"}],"curies":[{"name":"wp","href":"https:\/\/api.w.org\/{rel}","templated":true}]}}