{"id":705537,"date":"2025-08-27T15:46:47","date_gmt":"2025-08-27T12:46:47","guid":{"rendered":"https:\/\/roveyayinevi.com.tr\/index.php\/urun\/bir-amiralin-hapishane-gunlukleri\/"},"modified":"2026-04-16T02:14:24","modified_gmt":"2026-04-15T23:14:24","slug":"bir-amiralin-hapishane-gunlukleri","status":"publish","type":"product","link":"https:\/\/roveyayinevi.com.tr\/index.php\/urun\/bir-amiralin-hapishane-gunlukleri\/","title":{"rendered":"Bir Amiralin Hapishane G\u00fcnl\u00fckleri"},"content":{"rendered":"<p>\u015eair, yazar, \u00e7evirmen, edebiyat\u00e7\u0131 ve duayen gazeteci, Sn. Ataol Behramo\u011flu, kitab\u0131n \u00f6ns\u00f6z\u00fcnde; &#8220;Turgay Erda\u011f&#8221; ve &#8220;Bir Amiralin Hapishane G\u00fcnl\u00fckleri&#8221; i\u00e7in \u015funlar\u0131 s\u00f6yl\u00fcyor;&#8221;Balyoz ad\u0131 alt\u0131nda ordumuza kar\u015f\u0131 i\u015flenen cinayetin bana kazand\u0131rd\u0131\u011f\u0131 dostlar\u0131m\u0131n ba\u015f\u0131nda gelen sevgili Turgay Erda\u011f Amiral, tutsakl\u0131k g\u00fcnlerinin an\u0131lar\u0131ndan olu\u015fan kitab\u0131na \u00f6ns\u00f6z yazmam\u0131 istedi\u011finde, do\u011frusunu s\u00f6ylemek gerekirse beni b\u00f6ylesine allak bullak edecek bir kitapla kar\u015f\u0131la\u015faca\u011f\u0131m\u0131 \u00e7ok da tahmin etmemi\u015ftim\u2026Konu gere\u011fi, belgesel bir d\u00f6k\u00fcm bekliyordum\u2026\u00d6yle olmad\u0131\u2026Daha do\u011frusu, bir \u00fclkede egemenli\u011fi ele ge\u00e7iren g\u00fc\u00e7lerin o \u00fclkenin ordusuna kar\u015f\u0131 al\u00e7ak\u00e7a suikast\u0131na bire bir tan\u0131kl\u0131\u011f\u0131n \u00e7ok \u00f6nemli belgelerinin yan\u0131 s\u0131ra, yaz\u0131nsal \u0131\u015f\u0131lt\u0131s\u0131 ve felsefi derinli\u011fiyle, benzersiz bir yap\u0131t \u00e7\u0131kt\u0131 kar\u015f\u0131ma\u2026Amiral Turgay Erda\u011f&#8217;\u0131 \u00f6ncelikle, hem \u00fclkemiz, hem kendisi ve tutsakl\u0131k arkada\u015flar\u0131yla yak\u0131nlar\u0131 bak\u0131m\u0131ndan, y\u0131llar s\u00fcren o s\u0131k\u0131nt\u0131l\u0131 s\u00fcre\u00e7lerin olaylar\u0131n\u0131 ve izlenimlerini s\u0131ca\u011f\u0131 s\u0131ca\u011f\u0131na not etti\u011fi i\u00e7in kutluyorum\u2026B\u00f6ylelikle an\u0131lar, g\u00f6zlemler, d\u00fc\u015f\u00fcnceler, duygular, i\u00e7sel ya\u015fant\u0131lar ve b\u00fct\u00fcn bunlar\u0131 ku\u015fatan olgular, elle tutulurcas\u0131na, \u015fu an ya\u015fan\u0131yormu\u015f\u00e7as\u0131na, som <\/p>\n","protected":false},"excerpt":{"rendered":"<p>\u015eair, yazar, \u00e7evirmen, edebiyat\u00e7\u0131 ve duayen gazeteci, Sn. Ataol Behramo\u011flu, kitab\u0131n \u00f6ns\u00f6z\u00fcnde; &#8220;Turgay Erda\u011f&#8221; ve &#8220;Bir Amiralin Hapishane G\u00fcnl\u00fckleri&#8221; i\u00e7in \u015funlar\u0131 s\u00f6yl\u00fcyor;&#8221;Balyoz ad\u0131 alt\u0131nda ordumuza kar\u015f\u0131<span class=\"excerpt-hellip\"> [\u2026]<\/span><\/p>\n","protected":false},"featured_media":0,"template":"","meta":{"_monsterinsights_skip_tracking":false,"_monsterinsights_sitenote_active":false,"_monsterinsights_sitenote_note":"","_monsterinsights_sitenote_category":0},"product_brand":[],"product_cat":[13701,12291],"product_tag":[],"class_list":{"0":"post-705537","1":"product","2":"type-product","3":"status-publish","5":"product_cat-ani-mektup-gunluk","6":"product_cat-edebiyat","7":"pa_cilt-ciltsiz","8":"pa_tur-kitap","9":"pa_yayinevi-alibi-yayincilik","10":"pa_yazar-turgay-erdag","12":"first","13":"instock","14":"sale","15":"shipping-taxable","16":"purchasable","17":"product-type-simple"},"_links":{"self":[{"href":"https:\/\/roveyayinevi.com.tr\/index.php\/wp-json\/wp\/v2\/product\/705537","targetHints":{"allow":["GET"]}}],"collection":[{"href":"https:\/\/roveyayinevi.com.tr\/index.php\/wp-json\/wp\/v2\/product"}],"about":[{"href":"https:\/\/roveyayinevi.com.tr\/index.php\/wp-json\/wp\/v2\/types\/product"}],"wp:attachment":[{"href":"https:\/\/roveyayinevi.com.tr\/index.php\/wp-json\/wp\/v2\/media?parent=705537"}],"wp:term":[{"taxonomy":"product_brand","embeddable":true,"href":"https:\/\/roveyayinevi.com.tr\/index.php\/wp-json\/wp\/v2\/product_brand?post=705537"},{"taxonomy":"product_cat","embeddable":true,"href":"https:\/\/roveyayinevi.com.tr\/index.php\/wp-json\/wp\/v2\/product_cat?post=705537"},{"taxonomy":"product_tag","embeddable":true,"href":"https:\/\/roveyayinevi.com.tr\/index.php\/wp-json\/wp\/v2\/product_tag?post=705537"}],"curies":[{"name":"wp","href":"https:\/\/api.w.org\/{rel}","templated":true}]}}