{"id":705536,"date":"2025-08-27T15:46:47","date_gmt":"2025-08-27T12:46:47","guid":{"rendered":"https:\/\/roveyayinevi.com.tr\/index.php\/urun\/yedinci-bayrak\/"},"modified":"2026-04-16T02:14:24","modified_gmt":"2026-04-15T23:14:24","slug":"yedinci-bayrak","status":"publish","type":"product","link":"https:\/\/roveyayinevi.com.tr\/index.php\/urun\/yedinci-bayrak\/","title":{"rendered":"Yedinci Bayrak"},"content":{"rendered":"<p>Saraybosna\u2019dan \u0130zmir\u2019e\u2026 Yedi g\u00f6\u00e7, yedi bayrak\u2026 K\u0131y\u0131m, k\u0131r\u0131m, korku\u2026 A\u00e7l\u0131k, umutsuzluk, \u00e7aresizlik\u2026 Ger\u00e7ek tarih belki de hi\u00e7 bu kadar g\u00fczel anlat\u0131lmam\u0131\u015ft\u0131r.<\/p>\n","protected":false},"excerpt":{"rendered":"<p>Saraybosna\u2019dan \u0130zmir\u2019e\u2026 Yedi g\u00f6\u00e7, yedi bayrak\u2026 K\u0131y\u0131m, k\u0131r\u0131m, korku\u2026 A\u00e7l\u0131k, umutsuzluk, \u00e7aresizlik\u2026 Ger\u00e7ek tarih belki de hi\u00e7 bu kadar g\u00fczel anlat\u0131lmam\u0131\u015ft\u0131r.<\/p>\n","protected":false},"featured_media":0,"template":"","meta":{"_monsterinsights_skip_tracking":false,"_monsterinsights_sitenote_active":false,"_monsterinsights_sitenote_note":"","_monsterinsights_sitenote_category":0},"product_brand":[],"product_cat":[12291,12745],"product_tag":[],"class_list":{"0":"post-705536","1":"product","2":"type-product","3":"status-publish","5":"product_cat-edebiyat","6":"product_cat-tarihi-roman","7":"pa_cilt-ciltsiz","8":"pa_tur-kitap","9":"pa_yayinevi-bilgi-yayinevi","10":"pa_yazar-ayla-kutlu","12":"first","13":"instock","14":"sale","15":"shipping-taxable","16":"purchasable","17":"product-type-simple"},"_links":{"self":[{"href":"https:\/\/roveyayinevi.com.tr\/index.php\/wp-json\/wp\/v2\/product\/705536","targetHints":{"allow":["GET"]}}],"collection":[{"href":"https:\/\/roveyayinevi.com.tr\/index.php\/wp-json\/wp\/v2\/product"}],"about":[{"href":"https:\/\/roveyayinevi.com.tr\/index.php\/wp-json\/wp\/v2\/types\/product"}],"wp:attachment":[{"href":"https:\/\/roveyayinevi.com.tr\/index.php\/wp-json\/wp\/v2\/media?parent=705536"}],"wp:term":[{"taxonomy":"product_brand","embeddable":true,"href":"https:\/\/roveyayinevi.com.tr\/index.php\/wp-json\/wp\/v2\/product_brand?post=705536"},{"taxonomy":"product_cat","embeddable":true,"href":"https:\/\/roveyayinevi.com.tr\/index.php\/wp-json\/wp\/v2\/product_cat?post=705536"},{"taxonomy":"product_tag","embeddable":true,"href":"https:\/\/roveyayinevi.com.tr\/index.php\/wp-json\/wp\/v2\/product_tag?post=705536"}],"curies":[{"name":"wp","href":"https:\/\/api.w.org\/{rel}","templated":true}]}}