{"id":705532,"date":"2025-08-27T15:46:45","date_gmt":"2025-08-27T12:46:45","guid":{"rendered":"https:\/\/roveyayinevi.com.tr\/index.php\/urun\/guldur-guldur-fikralar\/"},"modified":"2026-04-16T02:14:24","modified_gmt":"2026-04-15T23:14:24","slug":"guldur-guldur-fikralar","status":"publish","type":"product","link":"https:\/\/roveyayinevi.com.tr\/index.php\/urun\/guldur-guldur-fikralar\/","title":{"rendered":"G\u00fcld\u00fcr G\u00fcld\u00fcr F\u0131kralar"},"content":{"rendered":"<p>Laz f\u0131kralar\u0131ndan \u00f6\u011fretmen-\u00f6\u011frenci f\u0131kralar\u0131na kadar g\u00fclmekten karn\u0131n\u0131z\u0131 a\u011fr\u0131tacak kahkaha tarlas\u0131na ho\u015f geldiniz. <\/p>\n","protected":false},"excerpt":{"rendered":"<p>Laz f\u0131kralar\u0131ndan \u00f6\u011fretmen-\u00f6\u011frenci f\u0131kralar\u0131na kadar g\u00fclmekten karn\u0131n\u0131z\u0131 a\u011fr\u0131tacak kahkaha tarlas\u0131na ho\u015f geldiniz.<\/p>\n","protected":false},"featured_media":0,"template":"","meta":{"_monsterinsights_skip_tracking":false,"_monsterinsights_sitenote_active":false,"_monsterinsights_sitenote_note":"","_monsterinsights_sitenote_category":0},"product_brand":[],"product_cat":[12291,14825],"product_tag":[],"class_list":{"0":"post-705532","1":"product","2":"type-product","3":"status-publish","5":"product_cat-edebiyat","6":"product_cat-mizah","7":"pa_cilt-ciltsiz","8":"pa_tur-kitap","9":"pa_yayinevi-bilgi-yayinevi","10":"pa_yazar-erol-altun","12":"first","13":"instock","14":"sale","15":"shipping-taxable","16":"purchasable","17":"product-type-simple"},"_links":{"self":[{"href":"https:\/\/roveyayinevi.com.tr\/index.php\/wp-json\/wp\/v2\/product\/705532","targetHints":{"allow":["GET"]}}],"collection":[{"href":"https:\/\/roveyayinevi.com.tr\/index.php\/wp-json\/wp\/v2\/product"}],"about":[{"href":"https:\/\/roveyayinevi.com.tr\/index.php\/wp-json\/wp\/v2\/types\/product"}],"wp:attachment":[{"href":"https:\/\/roveyayinevi.com.tr\/index.php\/wp-json\/wp\/v2\/media?parent=705532"}],"wp:term":[{"taxonomy":"product_brand","embeddable":true,"href":"https:\/\/roveyayinevi.com.tr\/index.php\/wp-json\/wp\/v2\/product_brand?post=705532"},{"taxonomy":"product_cat","embeddable":true,"href":"https:\/\/roveyayinevi.com.tr\/index.php\/wp-json\/wp\/v2\/product_cat?post=705532"},{"taxonomy":"product_tag","embeddable":true,"href":"https:\/\/roveyayinevi.com.tr\/index.php\/wp-json\/wp\/v2\/product_tag?post=705532"}],"curies":[{"name":"wp","href":"https:\/\/api.w.org\/{rel}","templated":true}]}}