{"id":705529,"date":"2025-08-27T15:46:44","date_gmt":"2025-08-27T12:46:44","guid":{"rendered":"https:\/\/roveyayinevi.com.tr\/index.php\/urun\/boluk-porcuk-yasamlar\/"},"modified":"2026-04-16T02:14:24","modified_gmt":"2026-04-15T23:14:24","slug":"boluk-porcuk-yasamlar","status":"publish","type":"product","link":"https:\/\/roveyayinevi.com.tr\/index.php\/urun\/boluk-porcuk-yasamlar\/","title":{"rendered":"B\u00f6l\u00fck P\u00f6r\u00e7\u00fck Ya\u015famlar"},"content":{"rendered":"<p>Par\u00e7alanan ya\u015famlar, kesi\u015fen yazg\u0131lar, ge\u00e7mi\u015fin g\u00f6lgesinde sonsuz ac\u0131 ve yar\u0131n\u0131n umudunda k\u00fc\u00e7\u00fck mutluluklar\u2026 \u0130kinci D\u00fcnya Sava\u015f\u0131\u2019yla alt \u00fcst olan ya\u015famlar\u0131n\u0131, birbirlerine sevgiyle tutunarak yeniden in\u015fa etmeye \u00e7al\u0131\u015fan insanlar\u0131n hik\u00e2yesi. \u015eair Anne Michaels\u2019\u0131n ilk roman\u0131 B\u00f6l\u00fck P\u00f6r\u00e7\u00fck Ya\u015famlar, bug\u00fcne kadar on dokuz dile \u00e7evrildi; aralar\u0131nda Orange Prize, Guardian Fiction Award ve Lannan Literary Award\u2019un da bulundu\u011fu sekiz \u00f6d\u00fcle lay\u0131k g\u00f6r\u00fcld\u00fc.  \u201cBu ola\u011fan\u00fcst\u00fc g\u00fczel kitap, bir d\u00fcnya\u2026 Mucize gibi yarat\u0131lm\u0131\u015f. Umutsuzu iyile\u015ftiriyor, yitikle dans ediyor. G\u00fcvenin ve okuyun.\u201d -John Berger \u201cMichaels\u2019\u0131n dili bir ak\u0131\u015f, bir yar\u0131\u015f de\u011fil; zamans\u0131z gizemlerin i\u00e7inde ve etraf\u0131nda, \u00fcst\u00fc kapal\u0131 bir anlat\u0131mla geziniyor.\u201d -Time \u201cBat\u0131 uygarl\u0131\u011f\u0131ndaki ihti\u015fam ile korku aras\u0131nda bir diyalog kurman\u0131n vah\u015fi g\u00fczelli\u011fine, belki de sadece bir \u015fair cesaret edebilirdi.\u201d -Los Angeles Times Book Review \u201cBu, harikulade bir roman.\u201d -Guardian<\/p>\n","protected":false},"excerpt":{"rendered":"<p>Par\u00e7alanan ya\u015famlar, kesi\u015fen yazg\u0131lar, ge\u00e7mi\u015fin g\u00f6lgesinde sonsuz ac\u0131 ve yar\u0131n\u0131n umudunda k\u00fc\u00e7\u00fck mutluluklar\u2026 \u0130kinci D\u00fcnya Sava\u015f\u0131\u2019yla alt \u00fcst olan ya\u015famlar\u0131n\u0131, birbirlerine sevgiyle tutunarak yeniden in\u015fa etmeye<span class=\"excerpt-hellip\"> [\u2026]<\/span><\/p>\n","protected":false},"featured_media":0,"template":"","meta":{"_monsterinsights_skip_tracking":false,"_monsterinsights_sitenote_active":false,"_monsterinsights_sitenote_note":"","_monsterinsights_sitenote_category":0},"product_brand":[],"product_cat":[12891,12291],"product_tag":[],"class_list":{"0":"post-705529","1":"product","2":"type-product","3":"status-publish","5":"product_cat-amerikan-edebiyati","6":"product_cat-edebiyat","7":"pa_cilt-ciltsiz","8":"pa_tur-kitap","9":"pa_yayinevi-timas-yayinlari","10":"pa_yazar-anne-michaels","12":"first","13":"instock","14":"sale","15":"shipping-taxable","16":"purchasable","17":"product-type-simple"},"_links":{"self":[{"href":"https:\/\/roveyayinevi.com.tr\/index.php\/wp-json\/wp\/v2\/product\/705529","targetHints":{"allow":["GET"]}}],"collection":[{"href":"https:\/\/roveyayinevi.com.tr\/index.php\/wp-json\/wp\/v2\/product"}],"about":[{"href":"https:\/\/roveyayinevi.com.tr\/index.php\/wp-json\/wp\/v2\/types\/product"}],"wp:attachment":[{"href":"https:\/\/roveyayinevi.com.tr\/index.php\/wp-json\/wp\/v2\/media?parent=705529"}],"wp:term":[{"taxonomy":"product_brand","embeddable":true,"href":"https:\/\/roveyayinevi.com.tr\/index.php\/wp-json\/wp\/v2\/product_brand?post=705529"},{"taxonomy":"product_cat","embeddable":true,"href":"https:\/\/roveyayinevi.com.tr\/index.php\/wp-json\/wp\/v2\/product_cat?post=705529"},{"taxonomy":"product_tag","embeddable":true,"href":"https:\/\/roveyayinevi.com.tr\/index.php\/wp-json\/wp\/v2\/product_tag?post=705529"}],"curies":[{"name":"wp","href":"https:\/\/api.w.org\/{rel}","templated":true}]}}