{"id":705528,"date":"2025-08-27T15:46:44","date_gmt":"2025-08-27T12:46:44","guid":{"rendered":"https:\/\/roveyayinevi.com.tr\/index.php\/urun\/bosluk\/"},"modified":"2026-04-16T02:14:24","modified_gmt":"2026-04-15T23:14:24","slug":"bosluk","status":"publish","type":"product","link":"https:\/\/roveyayinevi.com.tr\/index.php\/urun\/bosluk\/","title":{"rendered":"Bo\u015fluk"},"content":{"rendered":"<p>Her\u015fey bir depremle ba\u015flad\u0131. \u015eiddetli bir yer sars\u0131nt\u0131s\u0131n\u0131n sebep oldu\u011fu bir felaket&#8230; Ve felakettenn pay alanlar ile \u00e7\u0131kar sa\u011flayanlar&#8230;<\/p>\n","protected":false},"excerpt":{"rendered":"<p>Her\u015fey bir depremle ba\u015flad\u0131. \u015eiddetli bir yer sars\u0131nt\u0131s\u0131n\u0131n sebep oldu\u011fu bir felaket&#8230; Ve felakettenn pay alanlar ile \u00e7\u0131kar sa\u011flayanlar&#8230;<\/p>\n","protected":false},"featured_media":0,"template":"","meta":{"_monsterinsights_skip_tracking":false,"_monsterinsights_sitenote_active":false,"_monsterinsights_sitenote_note":"","_monsterinsights_sitenote_category":0},"product_brand":[],"product_cat":[12291,12292],"product_tag":[],"class_list":{"0":"post-705528","1":"product","2":"type-product","3":"status-publish","5":"product_cat-edebiyat","6":"product_cat-turk-edebiyati","7":"pa_tur-kitap","8":"pa_yayinevi-timas-yayinlari","9":"pa_yazar-ahmed-gunbay-yildiz","11":"first","12":"instock","13":"sale","14":"shipping-taxable","15":"purchasable","16":"product-type-simple"},"_links":{"self":[{"href":"https:\/\/roveyayinevi.com.tr\/index.php\/wp-json\/wp\/v2\/product\/705528","targetHints":{"allow":["GET"]}}],"collection":[{"href":"https:\/\/roveyayinevi.com.tr\/index.php\/wp-json\/wp\/v2\/product"}],"about":[{"href":"https:\/\/roveyayinevi.com.tr\/index.php\/wp-json\/wp\/v2\/types\/product"}],"wp:attachment":[{"href":"https:\/\/roveyayinevi.com.tr\/index.php\/wp-json\/wp\/v2\/media?parent=705528"}],"wp:term":[{"taxonomy":"product_brand","embeddable":true,"href":"https:\/\/roveyayinevi.com.tr\/index.php\/wp-json\/wp\/v2\/product_brand?post=705528"},{"taxonomy":"product_cat","embeddable":true,"href":"https:\/\/roveyayinevi.com.tr\/index.php\/wp-json\/wp\/v2\/product_cat?post=705528"},{"taxonomy":"product_tag","embeddable":true,"href":"https:\/\/roveyayinevi.com.tr\/index.php\/wp-json\/wp\/v2\/product_tag?post=705528"}],"curies":[{"name":"wp","href":"https:\/\/api.w.org\/{rel}","templated":true}]}}