{"id":705526,"date":"2025-08-27T15:46:43","date_gmt":"2025-08-27T12:46:43","guid":{"rendered":"https:\/\/roveyayinevi.com.tr\/index.php\/urun\/kirmizi-sacli-kadin\/"},"modified":"2026-04-16T02:14:24","modified_gmt":"2026-04-15T23:14:24","slug":"kirmizi-sacli-kadin","status":"publish","type":"product","link":"https:\/\/roveyayinevi.com.tr\/index.php\/urun\/kirmizi-sacli-kadin\/","title":{"rendered":"K\u0131rm\u0131z\u0131 Sa\u00e7l\u0131 Kad\u0131n"},"content":{"rendered":"<p>\u0130lk a\u015fk deneyimi b\u00fct\u00fcn bir hayat\u0131 belirler mi?Yoksa kaderimizi \u00e7izen yaln\u0131zca tarihin ve efsanelerin g\u00fcc\u00fc m\u00fcd\u00fcr?Orhan Pamuk, Yap\u0131 Kredi Yay\u0131nlar\u0131\u2019ndan \u00e7\u0131kan yeni roman\u0131 K\u0131rm\u0131z\u0131 Sa\u00e7l\u0131 Kad\u0131n\u2019da bizi otuz y\u0131l \u00f6nce \u0130stanbul yak\u0131nlar\u0131ndaki bir kasabada liseli bir gencin ya\u015fad\u0131\u011f\u0131 sars\u0131c\u0131 bir a\u015fk hikayesiyle, b\u00fcy\u00fck bir insani su\u00e7un pe\u015finden s\u00fcr\u00fckl\u00fcyor.<\/p>\n","protected":false},"excerpt":{"rendered":"<p>\u0130lk a\u015fk deneyimi b\u00fct\u00fcn bir hayat\u0131 belirler mi?Yoksa kaderimizi \u00e7izen yaln\u0131zca tarihin ve efsanelerin g\u00fcc\u00fc m\u00fcd\u00fcr?Orhan Pamuk, Yap\u0131 Kredi Yay\u0131nlar\u0131\u2019ndan \u00e7\u0131kan yeni roman\u0131 K\u0131rm\u0131z\u0131 Sa\u00e7l\u0131 Kad\u0131n\u2019da<span class=\"excerpt-hellip\"> [\u2026]<\/span><\/p>\n","protected":false},"featured_media":0,"template":"","meta":{"_monsterinsights_skip_tracking":false,"_monsterinsights_sitenote_active":false,"_monsterinsights_sitenote_note":"","_monsterinsights_sitenote_category":0},"product_brand":[],"product_cat":[13835],"product_tag":[],"class_list":{"0":"post-705526","1":"product","2":"type-product","3":"status-publish","5":"product_cat-cok-satanlar","6":"pa_cilt-ciltsiz","7":"pa_tur-kitap","8":"pa_yayinevi-yapi-kredi-yayinlari","9":"pa_yazar-orhan-pamuk","11":"first","12":"instock","13":"sale","14":"shipping-taxable","15":"purchasable","16":"product-type-simple"},"_links":{"self":[{"href":"https:\/\/roveyayinevi.com.tr\/index.php\/wp-json\/wp\/v2\/product\/705526","targetHints":{"allow":["GET"]}}],"collection":[{"href":"https:\/\/roveyayinevi.com.tr\/index.php\/wp-json\/wp\/v2\/product"}],"about":[{"href":"https:\/\/roveyayinevi.com.tr\/index.php\/wp-json\/wp\/v2\/types\/product"}],"wp:attachment":[{"href":"https:\/\/roveyayinevi.com.tr\/index.php\/wp-json\/wp\/v2\/media?parent=705526"}],"wp:term":[{"taxonomy":"product_brand","embeddable":true,"href":"https:\/\/roveyayinevi.com.tr\/index.php\/wp-json\/wp\/v2\/product_brand?post=705526"},{"taxonomy":"product_cat","embeddable":true,"href":"https:\/\/roveyayinevi.com.tr\/index.php\/wp-json\/wp\/v2\/product_cat?post=705526"},{"taxonomy":"product_tag","embeddable":true,"href":"https:\/\/roveyayinevi.com.tr\/index.php\/wp-json\/wp\/v2\/product_tag?post=705526"}],"curies":[{"name":"wp","href":"https:\/\/api.w.org\/{rel}","templated":true}]}}