{"id":705525,"date":"2025-08-27T15:46:42","date_gmt":"2025-08-27T12:46:42","guid":{"rendered":"https:\/\/roveyayinevi.com.tr\/index.php\/urun\/hz-ismail\/"},"modified":"2026-04-16T02:14:24","modified_gmt":"2026-04-15T23:14:24","slug":"hz-ismail","status":"publish","type":"product","link":"https:\/\/roveyayinevi.com.tr\/index.php\/urun\/hz-ismail\/","title":{"rendered":"Hz. \u0130smail"},"content":{"rendered":"<p>G\u00f6r\u00fcl\u00fcyor ki herkes kendi Rabb\u2019i olan isme tabidir. Bu y\u00fczden de kimsenin Rabb\u2019i kimseye uymaz. Herkes kendi ismine do\u011fru y\u00f6nelir ve kendi isminin \u00f6\u011fretmenli\u011finde hareket eder. Bunun aksine hareket eden mutlu olamaz. Mutlulu\u011fu i\u00e7in kendi ismine y\u00f6nelmesi mecburiyeti vard\u0131r. Mutluluk ile kastedilen huzurdur. Demek ki, me\u015freplerimizden ve nefsimizin arzular\u0131ndan dolay\u0131 ismimizden uzakla\u015f\u0131rsak huzuru kaybederiz. Bu da me\u015frepleri yenmek konusunda bizleri gayrete getirir. <\/p>\n","protected":false},"excerpt":{"rendered":"<p>G\u00f6r\u00fcl\u00fcyor ki herkes kendi Rabb\u2019i olan isme tabidir. Bu y\u00fczden de kimsenin Rabb\u2019i kimseye uymaz. Herkes kendi ismine do\u011fru y\u00f6nelir ve kendi isminin \u00f6\u011fretmenli\u011finde hareket eder.<span class=\"excerpt-hellip\"> [\u2026]<\/span><\/p>\n","protected":false},"featured_media":0,"template":"","meta":{"_monsterinsights_skip_tracking":false,"_monsterinsights_sitenote_active":false,"_monsterinsights_sitenote_note":"","_monsterinsights_sitenote_category":0},"product_brand":[],"product_cat":[18094,12718,12719],"product_tag":[],"class_list":{"0":"post-705525","1":"product","2":"type-product","3":"status-publish","5":"product_cat-biyografi-otobiyografi-islam","6":"product_cat-din","7":"product_cat-islam","8":"pa_tur-kitap","9":"pa_yayinevi-nefes-yayincilik","10":"pa_yazar-cemalnur-sargut","12":"first","13":"instock","14":"sale","15":"shipping-taxable","16":"purchasable","17":"product-type-simple"},"_links":{"self":[{"href":"https:\/\/roveyayinevi.com.tr\/index.php\/wp-json\/wp\/v2\/product\/705525","targetHints":{"allow":["GET"]}}],"collection":[{"href":"https:\/\/roveyayinevi.com.tr\/index.php\/wp-json\/wp\/v2\/product"}],"about":[{"href":"https:\/\/roveyayinevi.com.tr\/index.php\/wp-json\/wp\/v2\/types\/product"}],"wp:attachment":[{"href":"https:\/\/roveyayinevi.com.tr\/index.php\/wp-json\/wp\/v2\/media?parent=705525"}],"wp:term":[{"taxonomy":"product_brand","embeddable":true,"href":"https:\/\/roveyayinevi.com.tr\/index.php\/wp-json\/wp\/v2\/product_brand?post=705525"},{"taxonomy":"product_cat","embeddable":true,"href":"https:\/\/roveyayinevi.com.tr\/index.php\/wp-json\/wp\/v2\/product_cat?post=705525"},{"taxonomy":"product_tag","embeddable":true,"href":"https:\/\/roveyayinevi.com.tr\/index.php\/wp-json\/wp\/v2\/product_tag?post=705525"}],"curies":[{"name":"wp","href":"https:\/\/api.w.org\/{rel}","templated":true}]}}