{"id":705522,"date":"2025-08-27T15:46:41","date_gmt":"2025-08-27T12:46:41","guid":{"rendered":"https:\/\/roveyayinevi.com.tr\/index.php\/urun\/kadinsiz-erkekler\/"},"modified":"2026-04-16T02:14:24","modified_gmt":"2026-04-15T23:14:24","slug":"kadinsiz-erkekler","status":"publish","type":"product","link":"https:\/\/roveyayinevi.com.tr\/index.php\/urun\/kadinsiz-erkekler\/","title":{"rendered":"Kad\u0131ns\u0131z Erkekler"},"content":{"rendered":"<p>Bir kad\u0131n\u0131 yitirmek, t\u00fcm kad\u0131nlar\u0131 yitirmek demek\u2026   Bir g\u00fcn sen de kad\u0131ns\u0131z erkeklerden olacaks\u0131n. O g\u00fcn en ufak bir uyar\u0131, k\u00fc\u00e7\u00fcc\u00fck bir ipucu vermeden; \u00f6nsezi olarak hissettirmeden ya da i\u00e7ine do\u011fmadan; kap\u0131n\u0131 \u00e7almadan, hi\u00e7 beklemedi\u011fin bir anda seni bulacak. Bir k\u00f6\u015feyi d\u00f6nd\u00fc\u011f\u00fcnde, asl\u0131nda \u00e7oktan oraya varm\u0131\u015f oldu\u011funu anlayacaks\u0131n. Geriye d\u00f6nmek m\u00fcmk\u00fcn olmayacak.   Bir kad\u0131n\u0131n \u00f6zlemini \u00e7eken, yas\u0131n\u0131 tutan; bir kad\u0131n taraf\u0131ndan aldat\u0131lm\u0131\u015f, terk edilmi\u015f olman\u0131n ac\u0131s\u0131yla ya\u015fayan, a\u015fkla kendinden vazge\u00e7en erkeklerin \u00f6yk\u00fcleri\u2026 Haruki Murakami\u2019den a\u015fka ve kad\u0131nlara yaz\u0131lm\u0131\u015f yedi a\u011f\u0131t\u2026 <\/p>\n","protected":false},"excerpt":{"rendered":"<p>Bir kad\u0131n\u0131 yitirmek, t\u00fcm kad\u0131nlar\u0131 yitirmek demek\u2026 Bir g\u00fcn sen de kad\u0131ns\u0131z erkeklerden olacaks\u0131n. O g\u00fcn en ufak bir uyar\u0131, k\u00fc\u00e7\u00fcc\u00fck bir ipucu vermeden; \u00f6nsezi olarak<span class=\"excerpt-hellip\"> [\u2026]<\/span><\/p>\n","protected":false},"featured_media":0,"template":"","meta":{"_monsterinsights_skip_tracking":false,"_monsterinsights_sitenote_active":false,"_monsterinsights_sitenote_note":"","_monsterinsights_sitenote_category":0},"product_brand":[],"product_cat":[12291,12711],"product_tag":[],"class_list":{"0":"post-705522","1":"product","2":"type-product","3":"status-publish","5":"product_cat-edebiyat","6":"product_cat-roman-oyku","7":"pa_cilt-ciltsiz","8":"pa_tur-kitap","9":"pa_yayinevi-dogan-kitap","10":"pa_yazar-haruki-murakami","12":"first","13":"instock","14":"sale","15":"shipping-taxable","16":"purchasable","17":"product-type-simple"},"_links":{"self":[{"href":"https:\/\/roveyayinevi.com.tr\/index.php\/wp-json\/wp\/v2\/product\/705522","targetHints":{"allow":["GET"]}}],"collection":[{"href":"https:\/\/roveyayinevi.com.tr\/index.php\/wp-json\/wp\/v2\/product"}],"about":[{"href":"https:\/\/roveyayinevi.com.tr\/index.php\/wp-json\/wp\/v2\/types\/product"}],"wp:attachment":[{"href":"https:\/\/roveyayinevi.com.tr\/index.php\/wp-json\/wp\/v2\/media?parent=705522"}],"wp:term":[{"taxonomy":"product_brand","embeddable":true,"href":"https:\/\/roveyayinevi.com.tr\/index.php\/wp-json\/wp\/v2\/product_brand?post=705522"},{"taxonomy":"product_cat","embeddable":true,"href":"https:\/\/roveyayinevi.com.tr\/index.php\/wp-json\/wp\/v2\/product_cat?post=705522"},{"taxonomy":"product_tag","embeddable":true,"href":"https:\/\/roveyayinevi.com.tr\/index.php\/wp-json\/wp\/v2\/product_tag?post=705522"}],"curies":[{"name":"wp","href":"https:\/\/api.w.org\/{rel}","templated":true}]}}