{"id":705520,"date":"2025-08-27T15:46:41","date_gmt":"2025-08-27T12:46:41","guid":{"rendered":"https:\/\/roveyayinevi.com.tr\/index.php\/urun\/eski-yakindoguda-kent-bellek-anit\/"},"modified":"2026-04-16T02:14:24","modified_gmt":"2026-04-15T23:14:24","slug":"eski-yakindoguda-kent-bellek-anit","status":"publish","type":"product","link":"https:\/\/roveyayinevi.com.tr\/index.php\/urun\/eski-yakindoguda-kent-bellek-anit\/","title":{"rendered":"Eski Yak\u0131ndo\u011fu\u2019da Kent, Bellek, An\u0131t"},"content":{"rendered":"<p>Yeni kentlerin yarat\u0131lmas\u0131, Yak\u0131ndo\u011fu k\u00fclt\u00fcrlerinin siyasi anlat\u0131lar\u0131nda ve mitlerinde ideolojik bir proje ya da ilahi bir m\u00fcdahale olarak d\u00fc\u015f\u00fcn\u00fcl\u00fcr ve kent mek\u00e2n\u0131n\u0131n toplumsal \u00fcretimi genellikle maskelenir. \u00d6m\u00fcr Harman\u015fah, bu kitapta, kent mek\u00e2nlar\u0131n\u0131n toplumsal bellek ve kimli\u011fi \u015fekillendirdi\u011fini, bu mek\u00e2n kurma prati\u011finin siyasi edim ve devlet g\u00f6sterisi alanlar\u0131 oldu\u011funu iddia ediyor. Ge\u00e7 demir \u00e7a\u011f\u0131nda (M\u00d6 1200-850 c.) Asur ve Suriye-Hitit h\u00fck\u00fcmdarlar\u0131n\u0131n; kentlerin in\u015fas\u0131, sulama kanallar\u0131 yap\u0131m\u0131, an\u0131t dikme ve halk festivalleri d\u00fczenleme pratikleri etraf\u0131nda geli\u015fen resmi s\u00f6ylemini inceliyor. <\/p>\n","protected":false},"excerpt":{"rendered":"<p>Yeni kentlerin yarat\u0131lmas\u0131, Yak\u0131ndo\u011fu k\u00fclt\u00fcrlerinin siyasi anlat\u0131lar\u0131nda ve mitlerinde ideolojik bir proje ya da ilahi bir m\u00fcdahale olarak d\u00fc\u015f\u00fcn\u00fcl\u00fcr ve kent mek\u00e2n\u0131n\u0131n toplumsal \u00fcretimi genellikle maskelenir.<span class=\"excerpt-hellip\"> [\u2026]<\/span><\/p>\n","protected":false},"featured_media":0,"template":"","meta":{"_monsterinsights_skip_tracking":false,"_monsterinsights_sitenote_active":false,"_monsterinsights_sitenote_note":"","_monsterinsights_sitenote_category":0},"product_brand":[],"product_cat":[12370,12304],"product_tag":[],"class_list":{"0":"post-705520","1":"product","2":"type-product","3":"status-publish","5":"product_cat-arastirma-inceleme","6":"product_cat-tarih","7":"pa_tur-kitap","8":"pa_yayinevi-koc-universitesi-yayinlari","9":"pa_yazar-omur-harmansah","11":"first","12":"instock","13":"sale","14":"shipping-taxable","15":"purchasable","16":"product-type-simple"},"_links":{"self":[{"href":"https:\/\/roveyayinevi.com.tr\/index.php\/wp-json\/wp\/v2\/product\/705520","targetHints":{"allow":["GET"]}}],"collection":[{"href":"https:\/\/roveyayinevi.com.tr\/index.php\/wp-json\/wp\/v2\/product"}],"about":[{"href":"https:\/\/roveyayinevi.com.tr\/index.php\/wp-json\/wp\/v2\/types\/product"}],"wp:attachment":[{"href":"https:\/\/roveyayinevi.com.tr\/index.php\/wp-json\/wp\/v2\/media?parent=705520"}],"wp:term":[{"taxonomy":"product_brand","embeddable":true,"href":"https:\/\/roveyayinevi.com.tr\/index.php\/wp-json\/wp\/v2\/product_brand?post=705520"},{"taxonomy":"product_cat","embeddable":true,"href":"https:\/\/roveyayinevi.com.tr\/index.php\/wp-json\/wp\/v2\/product_cat?post=705520"},{"taxonomy":"product_tag","embeddable":true,"href":"https:\/\/roveyayinevi.com.tr\/index.php\/wp-json\/wp\/v2\/product_tag?post=705520"}],"curies":[{"name":"wp","href":"https:\/\/api.w.org\/{rel}","templated":true}]}}